{"id":38241,"date":"2023-11-06T10:37:35","date_gmt":"2023-11-06T09:37:35","guid":{"rendered":"https:\/\/renewd.com\/zrekonstruovany-certifikat"},"modified":"2024-06-06T15:38:56","modified_gmt":"2024-06-06T13:38:56","slug":"zrekonstruovany-certifikat","status":"publish","type":"page","link":"https:\/\/www.renewd.com\/sk\/zrekonstruovany-certifikat","title":{"rendered":"Zrekon\u0161truovan\u00fd certifik\u00e1t"},"content":{"rendered":"[vc_row type=&#8220;in_container&#8220; full_screen_row_position=&#8220;middle&#8220; column_margin=&#8220;default&#8220; column_direction=&#8220;default&#8220; column_direction_tablet=&#8220;default&#8220; column_direction_phone=&#8220;default&#8220; scene_position=&#8220;center&#8220; text_color=&#8220;dark&#8220; text_align=&#8220;left&#8220; row_border_radius=&#8220;none&#8220; row_border_radius_applies=&#8220;bg&#8220; overflow=&#8220;visible&#8220; overlay_strength=&#8220;0.3&#8243; gradient_direction=&#8220;left_to_right&#8220; shape_divider_position=&#8220;bottom&#8220; bg_image_animation=&#8220;none&#8220; shape_type=&#8220;&#8220;][vc_column column_padding=&#8220;no-extra-padding&#8220; column_padding_tablet=&#8220;inherit&#8220; column_padding_phone=&#8220;inherit&#8220; column_padding_position=&#8220;all&#8220; column_element_direction_desktop=&#8220;default&#8220; column_element_spacing=&#8220;default&#8220; centered_text=&#8220;true&#8220; desktop_text_alignment=&#8220;default&#8220; tablet_text_alignment=&#8220;default&#8220; phone_text_alignment=&#8220;default&#8220; background_color_opacity=&#8220;1&#8243; background_hover_color_opacity=&#8220;1&#8243; column_backdrop_filter=&#8220;none&#8220; column_shadow=&#8220;none&#8220; column_border_radius=&#8220;none&#8220; column_link_target=&#8220;_self&#8220; column_position=&#8220;default&#8220; gradient_direction=&#8220;left_to_right&#8220; overlay_strength=&#8220;0.3&#8243; width=&#8220;1\/1&#8243; tablet_width_inherit=&#8220;default&#8220; animation_type=&#8220;default&#8220; bg_image_animation=&#8220;none&#8220; border_type=&#8220;simple&#8220; column_border_width=&#8220;none&#8220; column_border_style=&#8220;solid&#8220;][vc_column_text css=&#8220;.vc_custom_1555503396777{margin-top: 60px !important;}&#8220;]\n<h3 style=\"text-align: center;\">Kvalitn\u00e9 certifikovan\u00e9 repasovan\u00e9 zariadenia<\/h3>\n[\/vc_column_text][divider line_type=&#8220;Small Line&#8220; line_alignment=&#8220;default&#8220; line_thickness=&#8220;2&#8243; divider_color=&#8220;accent-color&#8220; animate=&#8220;yes&#8220; custom_height=&#8220;40&#8243; custom_line_width=&#8220;40&#8243;][vc_column_text css=&#8220;.vc_custom_1711707572696{margin-top: 60px !important;}&#8220; text_direction=&#8220;default&#8220;]<strong>Je to ofici\u00e1lne! Spolo\u010dnos\u0165 Renewd\u00ae z\u00edskala tri eur\u00f3pske certifik\u00e1ty, ktor\u00e9 zaru\u010duj\u00fa kvalitu na\u0161ich zariaden\u00ed Second Life a na\u0161ich procesov. <\/strong><strong>Sme ve\u013emi hrd\u00ed na to, \u017ee v\u00e1m m\u00f4\u017eeme predstavi\u0165 certifik\u00e1ciu Refurbished od spolo\u010dnost\u00ed T\u00fcV Nord a Techniek Netherland pre na\u0161e Renewd\u00ae zariadenia iPhone, iPad a MacBook a certifik\u00e1ciu RecQ od spolo\u010dnost\u00ed RCube a Dekra pre v\u0161etky kateg\u00f3rie produktov. <\/strong><strong>V r\u00e1mci n\u00e1\u0161ho z\u00e1v\u00e4zku k udr\u017eate\u013enosti sme z\u00edskali bronzov\u00e9 hodnotenie EcoVadis, ktor\u00e9 zd\u00f4raz\u0148uje n\u00e1\u0161 z\u00e1v\u00e4zok k ekologicky uvedomel\u00fdm postupom. Renewd\u00ae nie je len o spotrebi\u010doch, ale aj o pozit\u00edvnom vplyve na \u017eivotn\u00e9 prostredie.<\/strong><\/p>\n<p>&nbsp;<\/p>\n<h4><img loading=\"lazy\" decoding=\"async\" class=\"alignnone wp-image-35145 size-full\" src=\"https:\/\/www.renewd.com\/wp-content\/uploads\/2023\/08\/Banner_4.png\" alt=\"\" width=\"1800\" height=\"600\" srcset=\"https:\/\/www.renewd.com\/wp-content\/uploads\/2023\/08\/Banner_4.png 1800w, https:\/\/www.renewd.com\/wp-content\/uploads\/2023\/08\/Banner_4-300x100.png 300w, https:\/\/www.renewd.com\/wp-content\/uploads\/2023\/08\/Banner_4-1024x341.png 1024w, https:\/\/www.renewd.com\/wp-content\/uploads\/2023\/08\/Banner_4-150x50.png 150w, https:\/\/www.renewd.com\/wp-content\/uploads\/2023\/08\/Banner_4-768x256.png 768w, https:\/\/www.renewd.com\/wp-content\/uploads\/2023\/08\/Banner_4-1536x512.png 1536w\" sizes=\"auto, (max-width: 1800px) 100vw, 1800px\" \/><\/h4>\n<h4>Kontrola kvality certifik\u00e1cie<\/h4>\n<p>Na\u0161e zariadenia podliehaj\u00fa najpr\u00edsnej\u0161ej kontrole kvality na trhu a s\u00fa testovan\u00e9 certifikovan\u00fdmi odborn\u00edkmi pomocou ofici\u00e1lneho softv\u00e9ru v\u00fdrobcu. Softv\u00e9r kontroluje zariadenia pre viac ako 80 kritick\u00fdch funkci\u00ed, aby sa zabezpe\u010dilo optim\u00e1lne pou\u017eitie a kvalita. Na z\u00edskanie certifik\u00e1tu o repasovan\u00ed musia by\u0165 zariadenia testovan\u00e9 najmenej na 50 kritick\u00fdch bodoch (hardv\u00e9r a softv\u00e9r). Minim\u00e1lny po\u010det 50 kritick\u00fdch bodov potrebn\u00fdch na z\u00edskanie certifik\u00e1tu je \u013eahko splnen\u00fd na\u0161ou kontrolou kvality.<\/p>\n<p>\u010eal\u0161ou po\u017eiadavkou na tieto certifik\u00e1ty je dobr\u00fd z\u00e1ru\u010dn\u00fd servis. <strong> Zahrnut\u00e1 z\u00e1ruka<\/strong> sa vz\u0165ahuje na zariadenie, bat\u00e9riu a pr\u00edslu\u0161enstvo v zariaden\u00ed. Tento typ z\u00e1ruky sa nevz\u0165ahuje ani na nov\u00e9 zariadenia. V\u010faka na\u0161ej <strong>slu\u017ebe bezplatn\u00e9ho vyzdvihnutia<\/strong> a vr\u00e1tenia pos\u00favame skvel\u00fa z\u00e1ruku na vy\u0161\u0161iu \u00farove\u0148.<\/p>\n<p>Na z\u00edskanie t\u00fdchto certifik\u00e1ci\u00ed musia spolo\u010dnosti prejs\u0165 pr\u00edsnymi testami a splni\u0165 pr\u00edsne finan\u010dn\u00e9 po\u017eiadavky. <a href=\"https:\/\/www.tuv.nl\/nl\/home\/\">T\u00fcV Nederland, <\/a><a href=\"https:\/\/ecovadis.com\">EcoVadis <\/a>a <a href=\"https:\/\/www.dekra.fr\">DEKRA,<\/a> nez\u00e1visl\u00e9 certifika\u010dn\u00e9 in\u0161tit\u00facie, vykon\u00e1vaj\u00fa technick\u00e9 audity a zabezpe\u010duj\u00fa vysok\u00fa \u00farove\u0148 kvality. N\u00e1\u0161 z\u00e1v\u00e4zok dod\u00e1va\u0165 zariadenia prvotriednej kvality je podporen\u00fd t\u00fdmito uzn\u00e1van\u00fdmi certifik\u00e1tmi.<\/p>\n<p style=\"text-align: center;\"><img loading=\"lazy\" decoding=\"async\" class=\"aligncenter wp-image-7809 size-full\" src=\"https:\/\/www.renewd.com\/wp-content\/uploads\/2019\/04\/Keurmerk_Varianten-1.png\" alt=\"\" width=\"1800\" height=\"300\" srcset=\"https:\/\/www.renewd.com\/wp-content\/uploads\/2019\/04\/Keurmerk_Varianten-1.png 1800w, https:\/\/www.renewd.com\/wp-content\/uploads\/2019\/04\/Keurmerk_Varianten-1-150x25.png 150w, https:\/\/www.renewd.com\/wp-content\/uploads\/2019\/04\/Keurmerk_Varianten-1-300x50.png 300w, https:\/\/www.renewd.com\/wp-content\/uploads\/2019\/04\/Keurmerk_Varianten-1-768x128.png 768w, https:\/\/www.renewd.com\/wp-content\/uploads\/2019\/04\/Keurmerk_Varianten-1-1024x171.png 1024w, https:\/\/www.renewd.com\/wp-content\/uploads\/2019\/04\/Keurmerk_Varianten-1-600x100.png 600w\" sizes=\"auto, (max-width: 1800px) 100vw, 1800px\" \/><em><br \/>\nOfici\u00e1lne varianty loga pre zariadenia s certifik\u00e1tom kvality<\/em><\/p>\n<p style=\"text-align: center;\"><em><br \/>\n<img loading=\"lazy\" decoding=\"async\" class=\"alignnone wp-image-33205 size-full\" src=\"https:\/\/www.renewd.com\/wp-content\/uploads\/2023\/07\/Labels.png\" alt=\"\" width=\"1800\" height=\"300\" srcset=\"https:\/\/www.renewd.com\/wp-content\/uploads\/2023\/07\/Labels.png 1800w, https:\/\/www.renewd.com\/wp-content\/uploads\/2023\/07\/Labels-300x50.png 300w, https:\/\/www.renewd.com\/wp-content\/uploads\/2023\/07\/Labels-1024x171.png 1024w, https:\/\/www.renewd.com\/wp-content\/uploads\/2023\/07\/Labels-150x25.png 150w, https:\/\/www.renewd.com\/wp-content\/uploads\/2023\/07\/Labels-768x128.png 768w, https:\/\/www.renewd.com\/wp-content\/uploads\/2023\/07\/Labels-1536x256.png 1536w\" sizes=\"auto, (max-width: 1800px) 100vw, 1800px\" \/><br \/>\nOfici\u00e1lne vari\u00e1cie loga pre zna\u010dku kvality RecQ<br \/>\n<\/em><\/p>\n<p><img loading=\"lazy\" decoding=\"async\" class=\"Badge aligncenter wp-image-41633\" title=\"Hodnotenie udr\u017eate\u013enosti EcoVadis\" src=\"https:\/\/www.renewd.com\/wp-content\/uploads\/2023\/12\/EcoVadis-medaille-2023-300x300-1.png\" alt=\"Bronzov\u00e9 hodnotenie udr\u017eate\u013enosti EcoVadis\" width=\"200\" height=\"200\" srcset=\"https:\/\/www.renewd.com\/wp-content\/uploads\/2023\/12\/EcoVadis-medaille-2023-300x300-1.png 300w, https:\/\/www.renewd.com\/wp-content\/uploads\/2023\/12\/EcoVadis-medaille-2023-300x300-1-150x150.png 150w, https:\/\/www.renewd.com\/wp-content\/uploads\/2023\/12\/EcoVadis-medaille-2023-300x300-1-100x100.png 100w, https:\/\/www.renewd.com\/wp-content\/uploads\/2023\/12\/EcoVadis-medaille-2023-300x300-1-140x140.png 140w\" sizes=\"auto, (max-width: 200px) 100vw, 200px\" \/><\/p>\n<p style=\"text-align: center;\"><em>Ofici\u00e1lny bronzov\u00fd odznak od EcoVadis<\/em><\/p>\n[\/vc_column_text][\/vc_column][\/vc_row][vc_row type=&#8220;in_container&#8220; full_screen_row_position=&#8220;middle&#8220; column_margin=&#8220;default&#8220; column_direction=&#8220;default&#8220; column_direction_tablet=&#8220;default&#8220; column_direction_phone=&#8220;default&#8220; scene_position=&#8220;center&#8220; text_color=&#8220;dark&#8220; text_align=&#8220;center&#8220; row_border_radius=&#8220;none&#8220; row_border_radius_applies=&#8220;bg&#8220; overflow=&#8220;visible&#8220; overlay_strength=&#8220;0.3&#8243; gradient_direction=&#8220;left_to_right&#8220; shape_divider_position=&#8220;bottom&#8220; bg_image_animation=&#8220;none&#8220; shape_type=&#8220;&#8220;][vc_column column_padding=&#8220;no-extra-padding&#8220; column_padding_tablet=&#8220;inherit&#8220; column_padding_phone=&#8220;inherit&#8220; column_padding_position=&#8220;all&#8220; column_element_direction_desktop=&#8220;default&#8220; column_element_spacing=&#8220;default&#8220; desktop_text_alignment=&#8220;default&#8220; tablet_text_alignment=&#8220;default&#8220; phone_text_alignment=&#8220;default&#8220; background_color_opacity=&#8220;1&#8243; background_hover_color_opacity=&#8220;1&#8243; column_backdrop_filter=&#8220;none&#8220; column_shadow=&#8220;none&#8220; column_border_radius=&#8220;none&#8220; column_link_target=&#8220;_self&#8220; column_position=&#8220;default&#8220; gradient_direction=&#8220;left_to_right&#8220; overlay_strength=&#8220;0.3&#8243; width=&#8220;1\/1&#8243; tablet_width_inherit=&#8220;default&#8220; animation_type=&#8220;default&#8220; bg_image_animation=&#8220;none&#8220; border_type=&#8220;simple&#8220; column_border_width=&#8220;none&#8220; column_border_style=&#8220;solid&#8220;][vc_column_text]\n<h4>Udr\u017eate\u013enos\u0165<\/h4>\n<p>T\u00fdm, \u017ee d\u00e1me elektronick\u00fdm zariadeniam druh\u00fd \u017eivot, u\u0161etr\u00edme ve\u013ea vody a cenn\u00fdch zdrojov a zabr\u00e1nime vyp\u00fa\u0161\u0165aniu emisi\u00ed CO2 do atmosf\u00e9ry. Na\u0161e pou\u017eit\u00e9 zariadenia s\u00fa vysoko kvalitn\u00e9 a u\u017e roky sa z nich nest\u00e1va odpad. T\u00fdmito certifik\u00e1tmi chceme presved\u010di\u0165 na\u0161ich (potenci\u00e1lnych) z\u00e1kazn\u00edkov, aby si vybrali v\u00fdrobky Renewd\u00ae, najspo\u013eahlivej\u0161ie ekologick\u00e9 zariadenia na trhu.<\/p>\n<p><img loading=\"lazy\" decoding=\"async\" class=\"alignnone wp-image-41660 size-full\" src=\"https:\/\/www.renewd.com\/wp-content\/uploads\/2023\/12\/Banner_Keurmerk_v03-1.png\" alt=\"\" width=\"1536\" height=\"768\" srcset=\"https:\/\/www.renewd.com\/wp-content\/uploads\/2023\/12\/Banner_Keurmerk_v03-1.png 1536w, https:\/\/www.renewd.com\/wp-content\/uploads\/2023\/12\/Banner_Keurmerk_v03-1-300x150.png 300w, https:\/\/www.renewd.com\/wp-content\/uploads\/2023\/12\/Banner_Keurmerk_v03-1-1024x512.png 1024w, https:\/\/www.renewd.com\/wp-content\/uploads\/2023\/12\/Banner_Keurmerk_v03-1-150x75.png 150w, https:\/\/www.renewd.com\/wp-content\/uploads\/2023\/12\/Banner_Keurmerk_v03-1-768x384.png 768w, https:\/\/www.renewd.com\/wp-content\/uploads\/2023\/12\/Banner_Keurmerk_v03-1-1000x500.png 1000w, https:\/\/www.renewd.com\/wp-content\/uploads\/2023\/12\/Banner_Keurmerk_v03-1-670x335.png 670w\" sizes=\"auto, (max-width: 1536px) 100vw, 1536px\" \/>[\/vc_column_text][\/vc_column][\/vc_row]\n","protected":false},"excerpt":{"rendered":"<p>[vc_row type=&#8220;in_container&#8220; full_screen_row_position=&#8220;middle&#8220; column_margin=&#8220;default&#8220; column_direction=&#8220;default&#8220; column_direction_tablet=&#8220;default&#8220; column_direction_phone=&#8220;default&#8220; scene_position=&#8220;center&#8220; text_color=&#8220;dark&#8220; text_align=&#8220;left&#8220; row_border_radius=&#8220;none&#8220; row_border_radius_applies=&#8220;bg&#8220; overflow=&#8220;visible&#8220; overlay_strength=&#8220;0.3&#8243; gradient_direction=&#8220;left_to_right&#8220; shape_divider_position=&#8220;bottom&#8220; bg_image_animation=&#8220;none&#8220; shape_type=&#8220;&#8220;][vc_column column_padding=&#8220;no-extra-padding&#8220; column_padding_tablet=&#8220;inherit&#8220; column_padding_phone=&#8220;inherit&#8220; column_padding_position=&#8220;all&#8220; column_element_direction_desktop=&#8220;default&#8220; column_element_spacing=&#8220;default&#8220; centered_text=&#8220;true&#8220; desktop_text_alignment=&#8220;default&#8220; tablet_text_alignment=&#8220;default&#8220; phone_text_alignment=&#8220;default&#8220; background_color_opacity=&#8220;1&#8243; background_hover_color_opacity=&#8220;1&#8243;&#8230;<\/p>\n","protected":false},"author":8,"featured_media":0,"parent":0,"menu_order":2,"comment_status":"closed","ping_status":"closed","template":"","meta":{"footnotes":""},"class_list":["post-38241","page","type-page","status-publish"],"yoast_head":"<!-- This site is optimized with the Yoast SEO plugin v27.5 - https:\/\/yoast.com\/product\/yoast-seo-wordpress\/ -->\n<title>Zrekon\u0161truovan\u00fd certifik\u00e1t - Renewd\u00ae<\/title>\n<meta name=\"description\" content=\"Je to ofici\u00e1lne: Certifik\u00e1t pre repasovan\u00e9 iPhony je v prev\u00e1dzke. S hrdos\u0165ou oznamujeme, \u017ee Renewd je jednou z m\u00e1la spolo\u010dnost\u00ed, ktor\u00e9 z\u00edskali certifik\u00e1t.\" \/>\n<meta name=\"robots\" content=\"index, follow, max-snippet:-1, max-image-preview:large, max-video-preview:-1\" \/>\n<link rel=\"canonical\" href=\"https:\/\/www.renewd.com\/terms-and-conditions\/refurbished-certificate\" \/>\n<meta property=\"og:locale\" content=\"sk_SK\" \/>\n<meta property=\"og:type\" content=\"article\" \/>\n<meta property=\"og:title\" content=\"Zrekon\u0161truovan\u00fd certifik\u00e1t - Renewd\u00ae\" \/>\n<meta property=\"og:description\" content=\"Je to ofici\u00e1lne: Certifik\u00e1t pre repasovan\u00e9 iPhony je v prev\u00e1dzke. S hrdos\u0165ou oznamujeme, \u017ee Renewd je jednou z m\u00e1la spolo\u010dnost\u00ed, ktor\u00e9 z\u00edskali certifik\u00e1t.\" \/>\n<meta property=\"og:url\" content=\"https:\/\/www.renewd.com\/terms-and-conditions\/refurbished-certificate\" \/>\n<meta property=\"og:site_name\" content=\"Renewd\u00ae\" \/>\n<meta property=\"article:modified_time\" content=\"2024-06-06T13:38:56+00:00\" \/>\n<meta property=\"og:image\" content=\"https:\/\/www.renewd.com\/wp-content\/uploads\/2023\/08\/Banner_4.png\" \/>\n<meta name=\"twitter:card\" content=\"summary_large_image\" \/>\n<meta name=\"twitter:label1\" content=\"Predpokladan\u00fd \u010das \u010d\u00edtania\" \/>\n\t<meta name=\"twitter:data1\" content=\"4 min\u00faty\" \/>\n<script type=\"application\/ld+json\" class=\"yoast-schema-graph\">{\"@context\":\"https:\\\/\\\/schema.org\",\"@graph\":[{\"@type\":\"WebPage\",\"@id\":\"https:\\\/\\\/www.renewd.com\\\/terms-and-conditions\\\/refurbished-certificate\",\"url\":\"https:\\\/\\\/www.renewd.com\\\/terms-and-conditions\\\/refurbished-certificate\",\"name\":\"Zrekon\u0161truovan\u00fd certifik\u00e1t - Renewd\u00ae\",\"isPartOf\":{\"@id\":\"https:\\\/\\\/www.renewd.com\\\/#website\"},\"primaryImageOfPage\":{\"@id\":\"https:\\\/\\\/www.renewd.com\\\/terms-and-conditions\\\/refurbished-certificate#primaryimage\"},\"image\":{\"@id\":\"https:\\\/\\\/www.renewd.com\\\/terms-and-conditions\\\/refurbished-certificate#primaryimage\"},\"thumbnailUrl\":\"https:\\\/\\\/www.renewd.com\\\/wp-content\\\/uploads\\\/2023\\\/08\\\/Banner_4.png\",\"datePublished\":\"2023-11-06T09:37:35+00:00\",\"dateModified\":\"2024-06-06T13:38:56+00:00\",\"description\":\"Je to ofici\u00e1lne: Certifik\u00e1t pre repasovan\u00e9 iPhony je v prev\u00e1dzke. S hrdos\u0165ou oznamujeme, \u017ee Renewd je jednou z m\u00e1la spolo\u010dnost\u00ed, ktor\u00e9 z\u00edskali certifik\u00e1t.\",\"breadcrumb\":{\"@id\":\"https:\\\/\\\/www.renewd.com\\\/terms-and-conditions\\\/refurbished-certificate#breadcrumb\"},\"inLanguage\":\"sk-SK\",\"potentialAction\":[{\"@type\":\"ReadAction\",\"target\":[\"https:\\\/\\\/www.renewd.com\\\/terms-and-conditions\\\/refurbished-certificate\"]}]},{\"@type\":\"ImageObject\",\"inLanguage\":\"sk-SK\",\"@id\":\"https:\\\/\\\/www.renewd.com\\\/terms-and-conditions\\\/refurbished-certificate#primaryimage\",\"url\":\"https:\\\/\\\/www.renewd.com\\\/wp-content\\\/uploads\\\/2023\\\/08\\\/Banner_4.png\",\"contentUrl\":\"https:\\\/\\\/www.renewd.com\\\/wp-content\\\/uploads\\\/2023\\\/08\\\/Banner_4.png\"},{\"@type\":\"BreadcrumbList\",\"@id\":\"https:\\\/\\\/www.renewd.com\\\/terms-and-conditions\\\/refurbished-certificate#breadcrumb\",\"itemListElement\":[{\"@type\":\"ListItem\",\"position\":1,\"name\":\"Home\",\"item\":\"https:\\\/\\\/www.renewd.com\\\/sk\"},{\"@type\":\"ListItem\",\"position\":2,\"name\":\"Zrekon\u0161truovan\u00fd certifik\u00e1t\"}]},{\"@type\":\"WebSite\",\"@id\":\"https:\\\/\\\/www.renewd.com\\\/#website\",\"url\":\"https:\\\/\\\/www.renewd.com\\\/\",\"name\":\"Renewd\",\"description\":\"Premium Pre-Owned Electronics\",\"publisher\":{\"@id\":\"https:\\\/\\\/www.renewd.com\\\/#organization\"},\"potentialAction\":[{\"@type\":\"SearchAction\",\"target\":{\"@type\":\"EntryPoint\",\"urlTemplate\":\"https:\\\/\\\/www.renewd.com\\\/?s={search_term_string}\"},\"query-input\":{\"@type\":\"PropertyValueSpecification\",\"valueRequired\":true,\"valueName\":\"search_term_string\"}}],\"inLanguage\":\"sk-SK\"},{\"@type\":\"Organization\",\"@id\":\"https:\\\/\\\/www.renewd.com\\\/#organization\",\"name\":\"Renewd\",\"url\":\"https:\\\/\\\/www.renewd.com\\\/\",\"logo\":{\"@type\":\"ImageObject\",\"inLanguage\":\"sk-SK\",\"@id\":\"https:\\\/\\\/www.renewd.com\\\/#\\\/schema\\\/logo\\\/image\\\/\",\"url\":\"https:\\\/\\\/www.renewd.com\\\/wp-content\\\/uploads\\\/2017\\\/09\\\/logo_donker.png\",\"contentUrl\":\"https:\\\/\\\/www.renewd.com\\\/wp-content\\\/uploads\\\/2017\\\/09\\\/logo_donker.png\",\"width\":250,\"height\":53,\"caption\":\"Renewd\"},\"image\":{\"@id\":\"https:\\\/\\\/www.renewd.com\\\/#\\\/schema\\\/logo\\\/image\\\/\"},\"sameAs\":[\"https:\\\/\\\/www.linkedin.com\\\/company\\\/renewd\\\/\"]}]}<\/script>\n<!-- \/ Yoast SEO plugin. -->","yoast_head_json":{"title":"Zrekon\u0161truovan\u00fd certifik\u00e1t - Renewd\u00ae","description":"Je to ofici\u00e1lne: Certifik\u00e1t pre repasovan\u00e9 iPhony je v prev\u00e1dzke. S hrdos\u0165ou oznamujeme, \u017ee Renewd je jednou z m\u00e1la spolo\u010dnost\u00ed, ktor\u00e9 z\u00edskali certifik\u00e1t.","robots":{"index":"index","follow":"follow","max-snippet":"max-snippet:-1","max-image-preview":"max-image-preview:large","max-video-preview":"max-video-preview:-1"},"canonical":"https:\/\/www.renewd.com\/terms-and-conditions\/refurbished-certificate","og_locale":"sk_SK","og_type":"article","og_title":"Zrekon\u0161truovan\u00fd certifik\u00e1t - Renewd\u00ae","og_description":"Je to ofici\u00e1lne: Certifik\u00e1t pre repasovan\u00e9 iPhony je v prev\u00e1dzke. S hrdos\u0165ou oznamujeme, \u017ee Renewd je jednou z m\u00e1la spolo\u010dnost\u00ed, ktor\u00e9 z\u00edskali certifik\u00e1t.","og_url":"https:\/\/www.renewd.com\/terms-and-conditions\/refurbished-certificate","og_site_name":"Renewd\u00ae","article_modified_time":"2024-06-06T13:38:56+00:00","og_image":[{"url":"https:\/\/www.renewd.com\/wp-content\/uploads\/2023\/08\/Banner_4.png","type":"","width":"","height":""}],"twitter_card":"summary_large_image","twitter_misc":{"Predpokladan\u00fd \u010das \u010d\u00edtania":"4 min\u00faty"},"schema":{"@context":"https:\/\/schema.org","@graph":[{"@type":"WebPage","@id":"https:\/\/www.renewd.com\/terms-and-conditions\/refurbished-certificate","url":"https:\/\/www.renewd.com\/terms-and-conditions\/refurbished-certificate","name":"Zrekon\u0161truovan\u00fd certifik\u00e1t - Renewd\u00ae","isPartOf":{"@id":"https:\/\/www.renewd.com\/#website"},"primaryImageOfPage":{"@id":"https:\/\/www.renewd.com\/terms-and-conditions\/refurbished-certificate#primaryimage"},"image":{"@id":"https:\/\/www.renewd.com\/terms-and-conditions\/refurbished-certificate#primaryimage"},"thumbnailUrl":"https:\/\/www.renewd.com\/wp-content\/uploads\/2023\/08\/Banner_4.png","datePublished":"2023-11-06T09:37:35+00:00","dateModified":"2024-06-06T13:38:56+00:00","description":"Je to ofici\u00e1lne: Certifik\u00e1t pre repasovan\u00e9 iPhony je v prev\u00e1dzke. S hrdos\u0165ou oznamujeme, \u017ee Renewd je jednou z m\u00e1la spolo\u010dnost\u00ed, ktor\u00e9 z\u00edskali certifik\u00e1t.","breadcrumb":{"@id":"https:\/\/www.renewd.com\/terms-and-conditions\/refurbished-certificate#breadcrumb"},"inLanguage":"sk-SK","potentialAction":[{"@type":"ReadAction","target":["https:\/\/www.renewd.com\/terms-and-conditions\/refurbished-certificate"]}]},{"@type":"ImageObject","inLanguage":"sk-SK","@id":"https:\/\/www.renewd.com\/terms-and-conditions\/refurbished-certificate#primaryimage","url":"https:\/\/www.renewd.com\/wp-content\/uploads\/2023\/08\/Banner_4.png","contentUrl":"https:\/\/www.renewd.com\/wp-content\/uploads\/2023\/08\/Banner_4.png"},{"@type":"BreadcrumbList","@id":"https:\/\/www.renewd.com\/terms-and-conditions\/refurbished-certificate#breadcrumb","itemListElement":[{"@type":"ListItem","position":1,"name":"Home","item":"https:\/\/www.renewd.com\/sk"},{"@type":"ListItem","position":2,"name":"Zrekon\u0161truovan\u00fd certifik\u00e1t"}]},{"@type":"WebSite","@id":"https:\/\/www.renewd.com\/#website","url":"https:\/\/www.renewd.com\/","name":"Renewd","description":"Premium Pre-Owned Electronics","publisher":{"@id":"https:\/\/www.renewd.com\/#organization"},"potentialAction":[{"@type":"SearchAction","target":{"@type":"EntryPoint","urlTemplate":"https:\/\/www.renewd.com\/?s={search_term_string}"},"query-input":{"@type":"PropertyValueSpecification","valueRequired":true,"valueName":"search_term_string"}}],"inLanguage":"sk-SK"},{"@type":"Organization","@id":"https:\/\/www.renewd.com\/#organization","name":"Renewd","url":"https:\/\/www.renewd.com\/","logo":{"@type":"ImageObject","inLanguage":"sk-SK","@id":"https:\/\/www.renewd.com\/#\/schema\/logo\/image\/","url":"https:\/\/www.renewd.com\/wp-content\/uploads\/2017\/09\/logo_donker.png","contentUrl":"https:\/\/www.renewd.com\/wp-content\/uploads\/2017\/09\/logo_donker.png","width":250,"height":53,"caption":"Renewd"},"image":{"@id":"https:\/\/www.renewd.com\/#\/schema\/logo\/image\/"},"sameAs":["https:\/\/www.linkedin.com\/company\/renewd\/"]}]}},"_links":{"self":[{"href":"https:\/\/www.renewd.com\/sk\/wp-json\/wp\/v2\/pages\/38241","targetHints":{"allow":["GET"]}}],"collection":[{"href":"https:\/\/www.renewd.com\/sk\/wp-json\/wp\/v2\/pages"}],"about":[{"href":"https:\/\/www.renewd.com\/sk\/wp-json\/wp\/v2\/types\/page"}],"author":[{"embeddable":true,"href":"https:\/\/www.renewd.com\/sk\/wp-json\/wp\/v2\/users\/8"}],"replies":[{"embeddable":true,"href":"https:\/\/www.renewd.com\/sk\/wp-json\/wp\/v2\/comments?post=38241"}],"version-history":[{"count":0,"href":"https:\/\/www.renewd.com\/sk\/wp-json\/wp\/v2\/pages\/38241\/revisions"}],"wp:attachment":[{"href":"https:\/\/www.renewd.com\/sk\/wp-json\/wp\/v2\/media?parent=38241"}],"curies":[{"name":"wp","href":"https:\/\/api.w.org\/{rel}","templated":true}]}}