{"id":34432,"date":"2023-08-03T17:20:53","date_gmt":"2023-08-03T15:20:53","guid":{"rendered":"https:\/\/renewd.com\/certificat-reconditionat"},"modified":"2024-06-06T15:37:35","modified_gmt":"2024-06-06T13:37:35","slug":"certificat-reconditionat","status":"publish","type":"page","link":"https:\/\/www.renewd.com\/ro\/certificat-reconditionat","title":{"rendered":"Certificat recondi\u021bionat"},"content":{"rendered":"[vc_row type=&#8221;in_container&#8221; full_screen_row_position=&#8221;middle&#8221; column_margin=&#8221;default&#8221; column_direction=&#8221;default&#8221; column_direction_tablet=&#8221;default&#8221; column_direction_phone=&#8221;default&#8221; scene_position=&#8221;center&#8221; text_color=&#8221;dark&#8221; text_align=&#8221;left&#8221; row_border_radius=&#8221;none&#8221; row_border_radius_applies=&#8221;bg&#8221; overflow=&#8221;visible&#8221; overlay_strength=&#8221;0.3&#8243; gradient_direction=&#8221;left_to_right&#8221; shape_divider_position=&#8221;bottom&#8221; bg_image_animation=&#8221;none&#8221; shape_type=&#8221;&#8221;][vc_column column_padding=&#8221;no-extra-padding&#8221; column_padding_tablet=&#8221;inherit&#8221; column_padding_phone=&#8221;inherit&#8221; column_padding_position=&#8221;all&#8221; column_element_direction_desktop=&#8221;default&#8221; column_element_spacing=&#8221;default&#8221; centered_text=&#8221;true&#8221; desktop_text_alignment=&#8221;default&#8221; tablet_text_alignment=&#8221;default&#8221; phone_text_alignment=&#8221;default&#8221; background_color_opacity=&#8221;1&#8243; background_hover_color_opacity=&#8221;1&#8243; column_backdrop_filter=&#8221;none&#8221; column_shadow=&#8221;none&#8221; column_border_radius=&#8221;none&#8221; column_link_target=&#8221;_self&#8221; column_position=&#8221;default&#8221; gradient_direction=&#8221;left_to_right&#8221; overlay_strength=&#8221;0.3&#8243; width=&#8221;1\/1&#8243; tablet_width_inherit=&#8221;default&#8221; animation_type=&#8221;default&#8221; bg_image_animation=&#8221;none&#8221; border_type=&#8221;simple&#8221; column_border_width=&#8221;none&#8221; column_border_style=&#8221;solid&#8221;][vc_column_text css=&#8221;.vc_custom_1555503396777{margin-top: 60px !important;}&#8221;]\n<h3 style=\"text-align: center;\">Dispozitive recondi\u021bionate certificate de calitate<\/h3>\n[\/vc_column_text][divider line_type=&#8221;Small Line&#8221; line_alignment=&#8221;default&#8221; line_thickness=&#8221;2&#8243; divider_color=&#8221;accent-color&#8221; animate=&#8221;yes&#8221; custom_height=&#8221;40&#8243; custom_line_width=&#8221;40&#8243;][vc_column_text css=&#8221;.vc_custom_1711707572696{margin-top: 60px !important;}&#8221; text_direction=&#8221;default&#8221;]<strong>Este oficial! Renewd\u00ae a primit trei certificate europene care garanteaz\u0103 calitatea dispozitivelor noastre Second Life \u0219i a proceselor noastre. <\/strong><strong>Suntem foarte m\u00e2ndri s\u0103 v\u0103 prezent\u0103m certificarea Refurbished de la T\u00fcV Nord \u0219i Techniek Olanda pentru dispozitivele noastre Renewd\u00ae iPhone, iPad \u0219i MacBook \u0219i certificarea RecQ de la RCube \u0219i Dekra pentru toate categoriile de produse. <\/strong><strong>Ca parte a angajamentului nostru fa\u021b\u0103 de sustenabilitate, am primit ratingul de bronz EcoVadis, care subliniaz\u0103 angajamentul nostru fa\u021b\u0103 de practicile ecologice. Renewd\u00ae nu se refer\u0103 doar la aparate, ci \u0219i la impactul pozitiv asupra mediului.<\/strong><\/p>\n<p>&nbsp;<\/p>\n<h4><img loading=\"lazy\" decoding=\"async\" class=\"alignnone wp-image-35145 size-full\" src=\"https:\/\/www.renewd.com\/wp-content\/uploads\/2023\/08\/Banner_4.png\" alt=\"\" width=\"1800\" height=\"600\" srcset=\"https:\/\/www.renewd.com\/wp-content\/uploads\/2023\/08\/Banner_4.png 1800w, https:\/\/www.renewd.com\/wp-content\/uploads\/2023\/08\/Banner_4-300x100.png 300w, https:\/\/www.renewd.com\/wp-content\/uploads\/2023\/08\/Banner_4-1024x341.png 1024w, https:\/\/www.renewd.com\/wp-content\/uploads\/2023\/08\/Banner_4-150x50.png 150w, https:\/\/www.renewd.com\/wp-content\/uploads\/2023\/08\/Banner_4-768x256.png 768w, https:\/\/www.renewd.com\/wp-content\/uploads\/2023\/08\/Banner_4-1536x512.png 1536w\" sizes=\"auto, (max-width: 1800px) 100vw, 1800px\" \/><\/h4>\n<h4>Controlul calit\u0103\u021bii pentru certificare<\/h4>\n<p>Dispozitivele noastre sunt supuse celui mai strict control al calit\u0103\u021bii de pe pia\u021b\u0103 \u0219i sunt testate de exper\u021bi certifica\u021bi folosind software-ul oficial al produc\u0103torului. Software-ul verific\u0103 dispozitivele pentru mai mult de 80 de caracteristici critice pentru a asigura utilizarea \u0219i calitatea optim\u0103. Pentru a primi certificatul Refurbished, dispozitivele trebuie testate pentru cel pu\u021bin 50 de puncte critice (hardware \u0219i software). Num\u0103rul minim de 50 de puncte critice necesare pentru certificat este u\u0219or de \u00eendeplinit prin controlul nostru de calitate.<\/p>\n<p>Un serviciu de garan\u021bie bun este o alt\u0103 cerin\u021b\u0103 pentru aceste certificate. <strong> Garan\u021bia inclus\u0103<\/strong> se extinde la dispozitiv, baterie \u0219i accesorii din dispozitiv. Acest tip de garan\u021bie nu se aplic\u0103 nici m\u0103car la dispozitivele noi. Cu serviciul nostru de preluare \u0219i r<strong>eturnare gratuit\u0103, ducem o garan\u021bie excelent\u0103<\/strong> la un alt nivel.<\/p>\n<p>Pentru a ob\u021bine aceste certific\u0103ri, companiile trebuie s\u0103 treac\u0103 teste riguroase \u0219i s\u0103 \u00eendeplineasc\u0103 cerin\u021be financiare stricte. <a href=\"https:\/\/www.tuv.nl\/nl\/home\/\">T\u00fcV Nederland, <\/a><a href=\"https:\/\/ecovadis.com\">EcoVadis <\/a>\u0219i <a href=\"https:\/\/www.dekra.fr\">DEKRA,<\/a> institute independente de certificare, efectueaz\u0103 audituri tehnice \u0219i asigur\u0103 niveluri ridicate de calitate. Angajamentul nostru de a livra dispozitive de calitate superioar\u0103 este sus\u021binut de aceste certific\u0103ri apreciate.<\/p>\n<p style=\"text-align: center;\"><img loading=\"lazy\" decoding=\"async\" class=\"aligncenter wp-image-7809 size-full\" src=\"https:\/\/www.renewd.com\/wp-content\/uploads\/2019\/04\/Keurmerk_Varianten-1.png\" alt=\"\" width=\"1800\" height=\"300\" srcset=\"https:\/\/www.renewd.com\/wp-content\/uploads\/2019\/04\/Keurmerk_Varianten-1.png 1800w, https:\/\/www.renewd.com\/wp-content\/uploads\/2019\/04\/Keurmerk_Varianten-1-150x25.png 150w, https:\/\/www.renewd.com\/wp-content\/uploads\/2019\/04\/Keurmerk_Varianten-1-300x50.png 300w, https:\/\/www.renewd.com\/wp-content\/uploads\/2019\/04\/Keurmerk_Varianten-1-768x128.png 768w, https:\/\/www.renewd.com\/wp-content\/uploads\/2019\/04\/Keurmerk_Varianten-1-1024x171.png 1024w, https:\/\/www.renewd.com\/wp-content\/uploads\/2019\/04\/Keurmerk_Varianten-1-600x100.png 600w\" sizes=\"auto, (max-width: 1800px) 100vw, 1800px\" \/><em><br \/>\nVaria\u021bii ale logo-ului oficial pentru Dispozitive recondi\u021bionate certificate de calitate<\/em><\/p>\n<p style=\"text-align: center;\"><em><br \/>\n<img loading=\"lazy\" decoding=\"async\" class=\"alignnone wp-image-33205 size-full\" src=\"https:\/\/www.renewd.com\/wp-content\/uploads\/2023\/07\/Labels.png\" alt=\"\" width=\"1800\" height=\"300\" srcset=\"https:\/\/www.renewd.com\/wp-content\/uploads\/2023\/07\/Labels.png 1800w, https:\/\/www.renewd.com\/wp-content\/uploads\/2023\/07\/Labels-300x50.png 300w, https:\/\/www.renewd.com\/wp-content\/uploads\/2023\/07\/Labels-1024x171.png 1024w, https:\/\/www.renewd.com\/wp-content\/uploads\/2023\/07\/Labels-150x25.png 150w, https:\/\/www.renewd.com\/wp-content\/uploads\/2023\/07\/Labels-768x128.png 768w, https:\/\/www.renewd.com\/wp-content\/uploads\/2023\/07\/Labels-1536x256.png 1536w\" sizes=\"auto, (max-width: 1800px) 100vw, 1800px\" \/><br \/>\nVariante oficiale de logo pentru eticheta de calitate RecQ<br \/>\n<\/em><\/p>\n<p><img loading=\"lazy\" decoding=\"async\" class=\"Badge aligncenter wp-image-41633\" title=\"Evaluarea durabilit\u0103\u021bii EcoVadis\" src=\"https:\/\/www.renewd.com\/wp-content\/uploads\/2023\/12\/EcoVadis-medaille-2023-300x300-1.png\" alt=\"Bronz EcoVadis Evaluarea durabilit\u0103\u021bii\" width=\"200\" height=\"200\" srcset=\"https:\/\/www.renewd.com\/wp-content\/uploads\/2023\/12\/EcoVadis-medaille-2023-300x300-1.png 300w, https:\/\/www.renewd.com\/wp-content\/uploads\/2023\/12\/EcoVadis-medaille-2023-300x300-1-150x150.png 150w, https:\/\/www.renewd.com\/wp-content\/uploads\/2023\/12\/EcoVadis-medaille-2023-300x300-1-100x100.png 100w, https:\/\/www.renewd.com\/wp-content\/uploads\/2023\/12\/EcoVadis-medaille-2023-300x300-1-140x140.png 140w\" sizes=\"auto, (max-width: 200px) 100vw, 200px\" \/><\/p>\n<p style=\"text-align: center;\"><em>Insigna oficial\u0103 de bronz de la EcoVadis<\/em><\/p>\n[\/vc_column_text][\/vc_column][\/vc_row][vc_row type=&#8221;in_container&#8221; full_screen_row_position=&#8221;middle&#8221; column_margin=&#8221;default&#8221; column_direction=&#8221;default&#8221; column_direction_tablet=&#8221;default&#8221; column_direction_phone=&#8221;default&#8221; scene_position=&#8221;center&#8221; text_color=&#8221;dark&#8221; text_align=&#8221;center&#8221; row_border_radius=&#8221;none&#8221; row_border_radius_applies=&#8221;bg&#8221; overflow=&#8221;visible&#8221; overlay_strength=&#8221;0.3&#8243; gradient_direction=&#8221;left_to_right&#8221; shape_divider_position=&#8221;bottom&#8221; bg_image_animation=&#8221;none&#8221; shape_type=&#8221;&#8221;][vc_column column_padding=&#8221;no-extra-padding&#8221; column_padding_tablet=&#8221;inherit&#8221; column_padding_phone=&#8221;inherit&#8221; column_padding_position=&#8221;all&#8221; column_element_direction_desktop=&#8221;default&#8221; column_element_spacing=&#8221;default&#8221; desktop_text_alignment=&#8221;default&#8221; tablet_text_alignment=&#8221;default&#8221; phone_text_alignment=&#8221;default&#8221; background_color_opacity=&#8221;1&#8243; background_hover_color_opacity=&#8221;1&#8243; column_backdrop_filter=&#8221;none&#8221; column_shadow=&#8221;none&#8221; column_border_radius=&#8221;none&#8221; column_link_target=&#8221;_self&#8221; column_position=&#8221;default&#8221; gradient_direction=&#8221;left_to_right&#8221; overlay_strength=&#8221;0.3&#8243; width=&#8221;1\/1&#8243; tablet_width_inherit=&#8221;default&#8221; animation_type=&#8221;default&#8221; bg_image_animation=&#8221;none&#8221; border_type=&#8221;simple&#8221; column_border_width=&#8221;none&#8221; column_border_style=&#8221;solid&#8221;][vc_column_text]\n<h4>Sustenabilitatea<\/h4>\n<p>D\u00e2nd dispozitivelor electronice o a doua via\u021b\u0103, economisim mult\u0103 ap\u0103 \u0219i resurse valoroase \u0219i \u00eempiedic\u0103m emisiile de CO2 s\u0103 fie eliberate \u00een atmosfer\u0103. Dispozitivele noastre folosite sunt de \u00eenalt\u0103 calitate \u0219i sunt la ani distan\u021b\u0103 de a deveni de\u0219euri. Prin aceste certific\u0103ri, dorim s\u0103 ne convingem clien\u021bii (poten\u021biali) s\u0103 aleag\u0103 produsele Renewd\u00ae, cele mai fiabile dispozitive ecologice de pe pia\u021b\u0103.<\/p>\n<p><img loading=\"lazy\" decoding=\"async\" class=\"alignnone wp-image-41660 size-full\" src=\"https:\/\/www.renewd.com\/wp-content\/uploads\/2023\/12\/Banner_Keurmerk_v03-1.png\" alt=\"\" width=\"1536\" height=\"768\" srcset=\"https:\/\/www.renewd.com\/wp-content\/uploads\/2023\/12\/Banner_Keurmerk_v03-1.png 1536w, https:\/\/www.renewd.com\/wp-content\/uploads\/2023\/12\/Banner_Keurmerk_v03-1-300x150.png 300w, https:\/\/www.renewd.com\/wp-content\/uploads\/2023\/12\/Banner_Keurmerk_v03-1-1024x512.png 1024w, https:\/\/www.renewd.com\/wp-content\/uploads\/2023\/12\/Banner_Keurmerk_v03-1-150x75.png 150w, https:\/\/www.renewd.com\/wp-content\/uploads\/2023\/12\/Banner_Keurmerk_v03-1-768x384.png 768w, https:\/\/www.renewd.com\/wp-content\/uploads\/2023\/12\/Banner_Keurmerk_v03-1-1000x500.png 1000w, https:\/\/www.renewd.com\/wp-content\/uploads\/2023\/12\/Banner_Keurmerk_v03-1-670x335.png 670w\" sizes=\"auto, (max-width: 1536px) 100vw, 1536px\" \/>[\/vc_column_text][\/vc_column][\/vc_row]\n","protected":false},"excerpt":{"rendered":"<p>[vc_row type=&#8221;in_container&#8221; full_screen_row_position=&#8221;middle&#8221; column_margin=&#8221;default&#8221; column_direction=&#8221;default&#8221; column_direction_tablet=&#8221;default&#8221; column_direction_phone=&#8221;default&#8221; scene_position=&#8221;center&#8221; text_color=&#8221;dark&#8221; text_align=&#8221;left&#8221; row_border_radius=&#8221;none&#8221; row_border_radius_applies=&#8221;bg&#8221; overflow=&#8221;visible&#8221; overlay_strength=&#8221;0.3&#8243; gradient_direction=&#8221;left_to_right&#8221; shape_divider_position=&#8221;bottom&#8221; bg_image_animation=&#8221;none&#8221; shape_type=&#8221;&#8221;][vc_column column_padding=&#8221;no-extra-padding&#8221; column_padding_tablet=&#8221;inherit&#8221; column_padding_phone=&#8221;inherit&#8221; column_padding_position=&#8221;all&#8221; column_element_direction_desktop=&#8221;default&#8221; column_element_spacing=&#8221;default&#8221; centered_text=&#8221;true&#8221; desktop_text_alignment=&#8221;default&#8221; tablet_text_alignment=&#8221;default&#8221; phone_text_alignment=&#8221;default&#8221; background_color_opacity=&#8221;1&#8243; background_hover_color_opacity=&#8221;1&#8243;&#8230;<\/p>\n","protected":false},"author":8,"featured_media":0,"parent":0,"menu_order":2,"comment_status":"closed","ping_status":"closed","template":"","meta":{"footnotes":""},"class_list":["post-34432","page","type-page","status-publish"],"yoast_head":"<!-- This site is optimized with the Yoast SEO plugin v27.5 - https:\/\/yoast.com\/product\/yoast-seo-wordpress\/ -->\n<title>Certificat recondi\u021bionat - Renewd\u00ae<\/title>\n<meta name=\"description\" content=\"Este oficial: Certificatul pentru iPhone-uri recondi\u021bionate este activ. Suntem m\u00e2ndri s\u0103 anun\u021b\u0103m c\u0103 Renewd este una dintre pu\u021binele companii care au primit acest certificat.\" \/>\n<meta name=\"robots\" content=\"index, follow, max-snippet:-1, max-image-preview:large, max-video-preview:-1\" \/>\n<link rel=\"canonical\" href=\"https:\/\/www.renewd.com\/terms-and-conditions\/refurbished-certificate\" \/>\n<meta property=\"og:locale\" content=\"ro_RO\" \/>\n<meta property=\"og:type\" content=\"article\" \/>\n<meta property=\"og:title\" content=\"Certificat recondi\u021bionat - Renewd\u00ae\" \/>\n<meta property=\"og:description\" content=\"Este oficial: Certificatul pentru iPhone-uri recondi\u021bionate este activ. Suntem m\u00e2ndri s\u0103 anun\u021b\u0103m c\u0103 Renewd este una dintre pu\u021binele companii care au primit acest certificat.\" \/>\n<meta property=\"og:url\" content=\"https:\/\/www.renewd.com\/terms-and-conditions\/refurbished-certificate\" \/>\n<meta property=\"og:site_name\" content=\"Renewd\u00ae\" \/>\n<meta property=\"article:modified_time\" content=\"2024-06-06T13:37:35+00:00\" \/>\n<meta property=\"og:image\" content=\"https:\/\/www.renewd.com\/wp-content\/uploads\/2023\/08\/Banner_4.png\" \/>\n<meta name=\"twitter:card\" content=\"summary_large_image\" \/>\n<meta name=\"twitter:label1\" content=\"Timp estimat pentru citire\" \/>\n\t<meta name=\"twitter:data1\" content=\"4 minute\" \/>\n<script type=\"application\/ld+json\" class=\"yoast-schema-graph\">{\"@context\":\"https:\\\/\\\/schema.org\",\"@graph\":[{\"@type\":\"WebPage\",\"@id\":\"https:\\\/\\\/www.renewd.com\\\/terms-and-conditions\\\/refurbished-certificate\",\"url\":\"https:\\\/\\\/www.renewd.com\\\/terms-and-conditions\\\/refurbished-certificate\",\"name\":\"Certificat recondi\u021bionat - Renewd\u00ae\",\"isPartOf\":{\"@id\":\"https:\\\/\\\/www.renewd.com\\\/#website\"},\"primaryImageOfPage\":{\"@id\":\"https:\\\/\\\/www.renewd.com\\\/terms-and-conditions\\\/refurbished-certificate#primaryimage\"},\"image\":{\"@id\":\"https:\\\/\\\/www.renewd.com\\\/terms-and-conditions\\\/refurbished-certificate#primaryimage\"},\"thumbnailUrl\":\"https:\\\/\\\/www.renewd.com\\\/wp-content\\\/uploads\\\/2023\\\/08\\\/Banner_4.png\",\"datePublished\":\"2023-08-03T15:20:53+00:00\",\"dateModified\":\"2024-06-06T13:37:35+00:00\",\"description\":\"Este oficial: Certificatul pentru iPhone-uri recondi\u021bionate este activ. Suntem m\u00e2ndri s\u0103 anun\u021b\u0103m c\u0103 Renewd este una dintre pu\u021binele companii care au primit acest certificat.\",\"breadcrumb\":{\"@id\":\"https:\\\/\\\/www.renewd.com\\\/terms-and-conditions\\\/refurbished-certificate#breadcrumb\"},\"inLanguage\":\"ro-RO\",\"potentialAction\":[{\"@type\":\"ReadAction\",\"target\":[\"https:\\\/\\\/www.renewd.com\\\/terms-and-conditions\\\/refurbished-certificate\"]}]},{\"@type\":\"ImageObject\",\"inLanguage\":\"ro-RO\",\"@id\":\"https:\\\/\\\/www.renewd.com\\\/terms-and-conditions\\\/refurbished-certificate#primaryimage\",\"url\":\"https:\\\/\\\/www.renewd.com\\\/wp-content\\\/uploads\\\/2023\\\/08\\\/Banner_4.png\",\"contentUrl\":\"https:\\\/\\\/www.renewd.com\\\/wp-content\\\/uploads\\\/2023\\\/08\\\/Banner_4.png\"},{\"@type\":\"BreadcrumbList\",\"@id\":\"https:\\\/\\\/www.renewd.com\\\/terms-and-conditions\\\/refurbished-certificate#breadcrumb\",\"itemListElement\":[{\"@type\":\"ListItem\",\"position\":1,\"name\":\"Home\",\"item\":\"https:\\\/\\\/www.renewd.com\\\/ro\"},{\"@type\":\"ListItem\",\"position\":2,\"name\":\"Certificat recondi\u021bionat\"}]},{\"@type\":\"WebSite\",\"@id\":\"https:\\\/\\\/www.renewd.com\\\/#website\",\"url\":\"https:\\\/\\\/www.renewd.com\\\/\",\"name\":\"Renewd\",\"description\":\"Premium Pre-Owned Electronics\",\"publisher\":{\"@id\":\"https:\\\/\\\/www.renewd.com\\\/#organization\"},\"potentialAction\":[{\"@type\":\"SearchAction\",\"target\":{\"@type\":\"EntryPoint\",\"urlTemplate\":\"https:\\\/\\\/www.renewd.com\\\/?s={search_term_string}\"},\"query-input\":{\"@type\":\"PropertyValueSpecification\",\"valueRequired\":true,\"valueName\":\"search_term_string\"}}],\"inLanguage\":\"ro-RO\"},{\"@type\":\"Organization\",\"@id\":\"https:\\\/\\\/www.renewd.com\\\/#organization\",\"name\":\"Renewd\",\"url\":\"https:\\\/\\\/www.renewd.com\\\/\",\"logo\":{\"@type\":\"ImageObject\",\"inLanguage\":\"ro-RO\",\"@id\":\"https:\\\/\\\/www.renewd.com\\\/#\\\/schema\\\/logo\\\/image\\\/\",\"url\":\"https:\\\/\\\/www.renewd.com\\\/wp-content\\\/uploads\\\/2017\\\/09\\\/logo_donker.png\",\"contentUrl\":\"https:\\\/\\\/www.renewd.com\\\/wp-content\\\/uploads\\\/2017\\\/09\\\/logo_donker.png\",\"width\":250,\"height\":53,\"caption\":\"Renewd\"},\"image\":{\"@id\":\"https:\\\/\\\/www.renewd.com\\\/#\\\/schema\\\/logo\\\/image\\\/\"},\"sameAs\":[\"https:\\\/\\\/www.linkedin.com\\\/company\\\/renewd\\\/\"]}]}<\/script>\n<!-- \/ Yoast SEO plugin. -->","yoast_head_json":{"title":"Certificat recondi\u021bionat - Renewd\u00ae","description":"Este oficial: Certificatul pentru iPhone-uri recondi\u021bionate este activ. Suntem m\u00e2ndri s\u0103 anun\u021b\u0103m c\u0103 Renewd este una dintre pu\u021binele companii care au primit acest certificat.","robots":{"index":"index","follow":"follow","max-snippet":"max-snippet:-1","max-image-preview":"max-image-preview:large","max-video-preview":"max-video-preview:-1"},"canonical":"https:\/\/www.renewd.com\/terms-and-conditions\/refurbished-certificate","og_locale":"ro_RO","og_type":"article","og_title":"Certificat recondi\u021bionat - Renewd\u00ae","og_description":"Este oficial: Certificatul pentru iPhone-uri recondi\u021bionate este activ. Suntem m\u00e2ndri s\u0103 anun\u021b\u0103m c\u0103 Renewd este una dintre pu\u021binele companii care au primit acest certificat.","og_url":"https:\/\/www.renewd.com\/terms-and-conditions\/refurbished-certificate","og_site_name":"Renewd\u00ae","article_modified_time":"2024-06-06T13:37:35+00:00","og_image":[{"url":"https:\/\/www.renewd.com\/wp-content\/uploads\/2023\/08\/Banner_4.png","type":"","width":"","height":""}],"twitter_card":"summary_large_image","twitter_misc":{"Timp estimat pentru citire":"4 minute"},"schema":{"@context":"https:\/\/schema.org","@graph":[{"@type":"WebPage","@id":"https:\/\/www.renewd.com\/terms-and-conditions\/refurbished-certificate","url":"https:\/\/www.renewd.com\/terms-and-conditions\/refurbished-certificate","name":"Certificat recondi\u021bionat - Renewd\u00ae","isPartOf":{"@id":"https:\/\/www.renewd.com\/#website"},"primaryImageOfPage":{"@id":"https:\/\/www.renewd.com\/terms-and-conditions\/refurbished-certificate#primaryimage"},"image":{"@id":"https:\/\/www.renewd.com\/terms-and-conditions\/refurbished-certificate#primaryimage"},"thumbnailUrl":"https:\/\/www.renewd.com\/wp-content\/uploads\/2023\/08\/Banner_4.png","datePublished":"2023-08-03T15:20:53+00:00","dateModified":"2024-06-06T13:37:35+00:00","description":"Este oficial: Certificatul pentru iPhone-uri recondi\u021bionate este activ. Suntem m\u00e2ndri s\u0103 anun\u021b\u0103m c\u0103 Renewd este una dintre pu\u021binele companii care au primit acest certificat.","breadcrumb":{"@id":"https:\/\/www.renewd.com\/terms-and-conditions\/refurbished-certificate#breadcrumb"},"inLanguage":"ro-RO","potentialAction":[{"@type":"ReadAction","target":["https:\/\/www.renewd.com\/terms-and-conditions\/refurbished-certificate"]}]},{"@type":"ImageObject","inLanguage":"ro-RO","@id":"https:\/\/www.renewd.com\/terms-and-conditions\/refurbished-certificate#primaryimage","url":"https:\/\/www.renewd.com\/wp-content\/uploads\/2023\/08\/Banner_4.png","contentUrl":"https:\/\/www.renewd.com\/wp-content\/uploads\/2023\/08\/Banner_4.png"},{"@type":"BreadcrumbList","@id":"https:\/\/www.renewd.com\/terms-and-conditions\/refurbished-certificate#breadcrumb","itemListElement":[{"@type":"ListItem","position":1,"name":"Home","item":"https:\/\/www.renewd.com\/ro"},{"@type":"ListItem","position":2,"name":"Certificat recondi\u021bionat"}]},{"@type":"WebSite","@id":"https:\/\/www.renewd.com\/#website","url":"https:\/\/www.renewd.com\/","name":"Renewd","description":"Premium Pre-Owned Electronics","publisher":{"@id":"https:\/\/www.renewd.com\/#organization"},"potentialAction":[{"@type":"SearchAction","target":{"@type":"EntryPoint","urlTemplate":"https:\/\/www.renewd.com\/?s={search_term_string}"},"query-input":{"@type":"PropertyValueSpecification","valueRequired":true,"valueName":"search_term_string"}}],"inLanguage":"ro-RO"},{"@type":"Organization","@id":"https:\/\/www.renewd.com\/#organization","name":"Renewd","url":"https:\/\/www.renewd.com\/","logo":{"@type":"ImageObject","inLanguage":"ro-RO","@id":"https:\/\/www.renewd.com\/#\/schema\/logo\/image\/","url":"https:\/\/www.renewd.com\/wp-content\/uploads\/2017\/09\/logo_donker.png","contentUrl":"https:\/\/www.renewd.com\/wp-content\/uploads\/2017\/09\/logo_donker.png","width":250,"height":53,"caption":"Renewd"},"image":{"@id":"https:\/\/www.renewd.com\/#\/schema\/logo\/image\/"},"sameAs":["https:\/\/www.linkedin.com\/company\/renewd\/"]}]}},"_links":{"self":[{"href":"https:\/\/www.renewd.com\/ro\/wp-json\/wp\/v2\/pages\/34432","targetHints":{"allow":["GET"]}}],"collection":[{"href":"https:\/\/www.renewd.com\/ro\/wp-json\/wp\/v2\/pages"}],"about":[{"href":"https:\/\/www.renewd.com\/ro\/wp-json\/wp\/v2\/types\/page"}],"author":[{"embeddable":true,"href":"https:\/\/www.renewd.com\/ro\/wp-json\/wp\/v2\/users\/8"}],"replies":[{"embeddable":true,"href":"https:\/\/www.renewd.com\/ro\/wp-json\/wp\/v2\/comments?post=34432"}],"version-history":[{"count":0,"href":"https:\/\/www.renewd.com\/ro\/wp-json\/wp\/v2\/pages\/34432\/revisions"}],"wp:attachment":[{"href":"https:\/\/www.renewd.com\/ro\/wp-json\/wp\/v2\/media?parent=34432"}],"curies":[{"name":"wp","href":"https:\/\/api.w.org\/{rel}","templated":true}]}}