{"id":26897,"date":"2023-02-14T14:27:55","date_gmt":"2023-02-14T13:27:55","guid":{"rendered":"https:\/\/renewd.com\/feedback"},"modified":"2023-02-14T14:27:57","modified_gmt":"2023-02-14T13:27:57","slug":"feedback","status":"publish","type":"page","link":"https:\/\/www.renewd.com\/ro\/contact\/feedback","title":{"rendered":"Feedback"},"content":{"rendered":"[vc_row type=&#8221;in_container&#8221; full_screen_row_position=&#8221;middle&#8221; column_margin=&#8221;default&#8221; scene_position=&#8221;center&#8221; text_color=&#8221;dark&#8221; text_align=&#8221;left&#8221; overlay_strength=&#8221;0.3&#8243; shape_divider_position=&#8221;bottom&#8221; bg_image_animation=&#8221;none&#8221;][vc_column centered_text=&#8221;true&#8221; column_padding=&#8221;no-extra-padding&#8221; column_padding_position=&#8221;all&#8221; background_color_opacity=&#8221;1&#8243; background_hover_color_opacity=&#8221;1&#8243; column_link_target=&#8221;_self&#8221; column_shadow=&#8221;none&#8221; column_border_radius=&#8221;none&#8221; top_margin=&#8221;40&#8243; width=&#8221;1\/1&#8243; tablet_width_inherit=&#8221;default&#8221; tablet_text_alignment=&#8221;default&#8221; phone_text_alignment=&#8221;default&#8221; overlay_strength=&#8221;0.3&#8243; column_border_width=&#8221;none&#8221; column_border_style=&#8221;solid&#8221; bg_image_animation=&#8221;none&#8221;][vc_column_text]\n<h3>Cum ne descurc\u0103m?<\/h3>\n[\/vc_column_text][vc_column_text]Lucr\u0103m mereu pentru a ne \u00eembun\u0103t\u0103\u021bi, a\u0219a c\u0103 ne-ar pl\u0103cea s\u0103 auzim ce func\u021bioneaz\u0103 \u0219i cum putem face mai bine. Aceasta nu este o modalitate de a ne contacta, totu\u0219i. Nu putem r\u0103spunde individual la feedback. Dac\u0103 ave\u021bi o \u00eentrebare sau ave\u021bi nevoie de ajutor pentru rezolvarea unei probleme, v\u0103 rug\u0103m s\u0103 <a href=\"http:\/\/www.renewd.com\/contact\">ne contacta\u021bi<\/a> direct.[\/vc_column_text][\/vc_column][\/vc_row][vc_row type=&#8221;in_container&#8221; full_screen_row_position=&#8221;middle&#8221; column_margin=&#8221;default&#8221; scene_position=&#8221;center&#8221; text_color=&#8221;dark&#8221; text_align=&#8221;left&#8221; overlay_strength=&#8221;0.3&#8243; shape_divider_position=&#8221;bottom&#8221; bg_image_animation=&#8221;none&#8221;][vc_column column_padding=&#8221;no-extra-padding&#8221; column_padding_position=&#8221;all&#8221; background_color_opacity=&#8221;1&#8243; background_hover_color_opacity=&#8221;1&#8243; column_link_target=&#8221;_self&#8221; column_shadow=&#8221;none&#8221; column_border_radius=&#8221;none&#8221; width=&#8221;1\/1&#8243; tablet_width_inherit=&#8221;default&#8221; tablet_text_alignment=&#8221;default&#8221; phone_text_alignment=&#8221;default&#8221; overlay_strength=&#8221;0.3&#8243; column_border_width=&#8221;none&#8221; column_border_style=&#8221;solid&#8221; bg_image_animation=&#8221;none&#8221;][vc_column_text]<span style=\"color: #ffffff;\">[hubspot type=form portal=7558258 id=bb550788-266d-4a57-8df5-dc7121f22c3f]<\/span>[\/vc_column_text][\/vc_column][\/vc_row]\n","protected":false},"excerpt":{"rendered":"<p>[vc_row type=&#8221;in_container&#8221; full_screen_row_position=&#8221;middle&#8221; column_margin=&#8221;default&#8221; scene_position=&#8221;center&#8221; text_color=&#8221;dark&#8221; text_align=&#8221;left&#8221; overlay_strength=&#8221;0.3&#8243; shape_divider_position=&#8221;bottom&#8221; bg_image_animation=&#8221;none&#8221;][vc_column centered_text=&#8221;true&#8221; column_padding=&#8221;no-extra-padding&#8221; column_padding_position=&#8221;all&#8221; background_color_opacity=&#8221;1&#8243; background_hover_color_opacity=&#8221;1&#8243; column_link_target=&#8221;_self&#8221; column_shadow=&#8221;none&#8221; column_border_radius=&#8221;none&#8221; top_margin=&#8221;40&#8243; width=&#8221;1\/1&#8243; tablet_width_inherit=&#8221;default&#8221; tablet_text_alignment=&#8221;default&#8221; phone_text_alignment=&#8221;default&#8221; overlay_strength=&#8221;0.3&#8243; column_border_width=&#8221;none&#8221; column_border_style=&#8221;solid&#8221; bg_image_animation=&#8221;none&#8221;][vc_column_text] Cum ne descurc\u0103m?&#8230;<\/p>\n","protected":false},"author":8,"featured_media":0,"parent":13837,"menu_order":0,"comment_status":"closed","ping_status":"closed","template":"","meta":{"footnotes":""},"class_list":["post-26897","page","type-page","status-publish"],"yoast_head":"<!-- This site is optimized with the Yoast SEO plugin v27.5 - https:\/\/yoast.com\/product\/yoast-seo-wordpress\/ -->\n<title>Feedback - Renewd\u00ae<\/title>\n<meta name=\"robots\" content=\"index, follow, max-snippet:-1, max-image-preview:large, max-video-preview:-1\" \/>\n<link rel=\"canonical\" href=\"https:\/\/www.renewd.com\/contact\/feedback\" \/>\n<meta property=\"og:locale\" content=\"ro_RO\" \/>\n<meta property=\"og:type\" content=\"article\" \/>\n<meta property=\"og:title\" content=\"Feedback - Renewd\u00ae\" \/>\n<meta property=\"og:description\" content=\"[vc_row type=&#8221;in_container&#8221; full_screen_row_position=&#8221;middle&#8221; column_margin=&#8221;default&#8221; scene_position=&#8221;center&#8221; text_color=&#8221;dark&#8221; text_align=&#8221;left&#8221; overlay_strength=&#8221;0.3&#8243; shape_divider_position=&#8221;bottom&#8221; bg_image_animation=&#8221;none&#8221;][vc_column centered_text=&#8221;true&#8221; column_padding=&#8221;no-extra-padding&#8221; column_padding_position=&#8221;all&#8221; background_color_opacity=&#8221;1&#8243; background_hover_color_opacity=&#8221;1&#8243; column_link_target=&#8221;_self&#8221; column_shadow=&#8221;none&#8221; column_border_radius=&#8221;none&#8221; top_margin=&#8221;40&#8243; width=&#8221;1\/1&#8243; tablet_width_inherit=&#8221;default&#8221; tablet_text_alignment=&#8221;default&#8221; phone_text_alignment=&#8221;default&#8221; overlay_strength=&#8221;0.3&#8243; column_border_width=&#8221;none&#8221; column_border_style=&#8221;solid&#8221; bg_image_animation=&#8221;none&#8221;][vc_column_text] Cum ne descurc\u0103m?...\" \/>\n<meta property=\"og:url\" content=\"https:\/\/www.renewd.com\/contact\/feedback\" \/>\n<meta property=\"og:site_name\" content=\"Renewd\u00ae\" \/>\n<meta property=\"article:modified_time\" content=\"2023-02-14T13:27:57+00:00\" \/>\n<meta name=\"twitter:card\" content=\"summary_large_image\" \/>\n<meta name=\"twitter:label1\" content=\"Timp estimat pentru citire\" \/>\n\t<meta name=\"twitter:data1\" content=\"1 minut\" \/>\n<script type=\"application\/ld+json\" class=\"yoast-schema-graph\">{\"@context\":\"https:\\\/\\\/schema.org\",\"@graph\":[{\"@type\":\"WebPage\",\"@id\":\"https:\\\/\\\/www.renewd.com\\\/contact\\\/feedback\",\"url\":\"https:\\\/\\\/www.renewd.com\\\/contact\\\/feedback\",\"name\":\"Feedback - Renewd\u00ae\",\"isPartOf\":{\"@id\":\"https:\\\/\\\/www.renewd.com\\\/#website\"},\"datePublished\":\"2023-02-14T13:27:55+00:00\",\"dateModified\":\"2023-02-14T13:27:57+00:00\",\"breadcrumb\":{\"@id\":\"https:\\\/\\\/www.renewd.com\\\/contact\\\/feedback#breadcrumb\"},\"inLanguage\":\"ro-RO\",\"potentialAction\":[{\"@type\":\"ReadAction\",\"target\":[\"https:\\\/\\\/www.renewd.com\\\/contact\\\/feedback\"]}]},{\"@type\":\"BreadcrumbList\",\"@id\":\"https:\\\/\\\/www.renewd.com\\\/contact\\\/feedback#breadcrumb\",\"itemListElement\":[{\"@type\":\"ListItem\",\"position\":1,\"name\":\"Home\",\"item\":\"https:\\\/\\\/www.renewd.com\\\/ro\"},{\"@type\":\"ListItem\",\"position\":2,\"name\":\"Contactul\",\"item\":\"https:\\\/\\\/www.renewd.com\\\/contact\"},{\"@type\":\"ListItem\",\"position\":3,\"name\":\"Feedback\"}]},{\"@type\":\"WebSite\",\"@id\":\"https:\\\/\\\/www.renewd.com\\\/#website\",\"url\":\"https:\\\/\\\/www.renewd.com\\\/\",\"name\":\"Renewd\",\"description\":\"Premium Pre-Owned Electronics\",\"publisher\":{\"@id\":\"https:\\\/\\\/www.renewd.com\\\/#organization\"},\"potentialAction\":[{\"@type\":\"SearchAction\",\"target\":{\"@type\":\"EntryPoint\",\"urlTemplate\":\"https:\\\/\\\/www.renewd.com\\\/?s={search_term_string}\"},\"query-input\":{\"@type\":\"PropertyValueSpecification\",\"valueRequired\":true,\"valueName\":\"search_term_string\"}}],\"inLanguage\":\"ro-RO\"},{\"@type\":\"Organization\",\"@id\":\"https:\\\/\\\/www.renewd.com\\\/#organization\",\"name\":\"Renewd\",\"url\":\"https:\\\/\\\/www.renewd.com\\\/\",\"logo\":{\"@type\":\"ImageObject\",\"inLanguage\":\"ro-RO\",\"@id\":\"https:\\\/\\\/www.renewd.com\\\/#\\\/schema\\\/logo\\\/image\\\/\",\"url\":\"https:\\\/\\\/www.renewd.com\\\/wp-content\\\/uploads\\\/2017\\\/09\\\/logo_donker.png\",\"contentUrl\":\"https:\\\/\\\/www.renewd.com\\\/wp-content\\\/uploads\\\/2017\\\/09\\\/logo_donker.png\",\"width\":250,\"height\":53,\"caption\":\"Renewd\"},\"image\":{\"@id\":\"https:\\\/\\\/www.renewd.com\\\/#\\\/schema\\\/logo\\\/image\\\/\"},\"sameAs\":[\"https:\\\/\\\/www.linkedin.com\\\/company\\\/renewd\\\/\"]}]}<\/script>\n<!-- \/ Yoast SEO plugin. -->","yoast_head_json":{"title":"Feedback - Renewd\u00ae","robots":{"index":"index","follow":"follow","max-snippet":"max-snippet:-1","max-image-preview":"max-image-preview:large","max-video-preview":"max-video-preview:-1"},"canonical":"https:\/\/www.renewd.com\/contact\/feedback","og_locale":"ro_RO","og_type":"article","og_title":"Feedback - Renewd\u00ae","og_description":"[vc_row type=&#8221;in_container&#8221; full_screen_row_position=&#8221;middle&#8221; column_margin=&#8221;default&#8221; scene_position=&#8221;center&#8221; text_color=&#8221;dark&#8221; text_align=&#8221;left&#8221; overlay_strength=&#8221;0.3&#8243; shape_divider_position=&#8221;bottom&#8221; bg_image_animation=&#8221;none&#8221;][vc_column centered_text=&#8221;true&#8221; column_padding=&#8221;no-extra-padding&#8221; column_padding_position=&#8221;all&#8221; background_color_opacity=&#8221;1&#8243; background_hover_color_opacity=&#8221;1&#8243; column_link_target=&#8221;_self&#8221; column_shadow=&#8221;none&#8221; column_border_radius=&#8221;none&#8221; top_margin=&#8221;40&#8243; width=&#8221;1\/1&#8243; tablet_width_inherit=&#8221;default&#8221; tablet_text_alignment=&#8221;default&#8221; phone_text_alignment=&#8221;default&#8221; overlay_strength=&#8221;0.3&#8243; column_border_width=&#8221;none&#8221; column_border_style=&#8221;solid&#8221; bg_image_animation=&#8221;none&#8221;][vc_column_text] Cum ne descurc\u0103m?...","og_url":"https:\/\/www.renewd.com\/contact\/feedback","og_site_name":"Renewd\u00ae","article_modified_time":"2023-02-14T13:27:57+00:00","twitter_card":"summary_large_image","twitter_misc":{"Timp estimat pentru citire":"1 minut"},"schema":{"@context":"https:\/\/schema.org","@graph":[{"@type":"WebPage","@id":"https:\/\/www.renewd.com\/contact\/feedback","url":"https:\/\/www.renewd.com\/contact\/feedback","name":"Feedback - Renewd\u00ae","isPartOf":{"@id":"https:\/\/www.renewd.com\/#website"},"datePublished":"2023-02-14T13:27:55+00:00","dateModified":"2023-02-14T13:27:57+00:00","breadcrumb":{"@id":"https:\/\/www.renewd.com\/contact\/feedback#breadcrumb"},"inLanguage":"ro-RO","potentialAction":[{"@type":"ReadAction","target":["https:\/\/www.renewd.com\/contact\/feedback"]}]},{"@type":"BreadcrumbList","@id":"https:\/\/www.renewd.com\/contact\/feedback#breadcrumb","itemListElement":[{"@type":"ListItem","position":1,"name":"Home","item":"https:\/\/www.renewd.com\/ro"},{"@type":"ListItem","position":2,"name":"Contactul","item":"https:\/\/www.renewd.com\/contact"},{"@type":"ListItem","position":3,"name":"Feedback"}]},{"@type":"WebSite","@id":"https:\/\/www.renewd.com\/#website","url":"https:\/\/www.renewd.com\/","name":"Renewd","description":"Premium Pre-Owned Electronics","publisher":{"@id":"https:\/\/www.renewd.com\/#organization"},"potentialAction":[{"@type":"SearchAction","target":{"@type":"EntryPoint","urlTemplate":"https:\/\/www.renewd.com\/?s={search_term_string}"},"query-input":{"@type":"PropertyValueSpecification","valueRequired":true,"valueName":"search_term_string"}}],"inLanguage":"ro-RO"},{"@type":"Organization","@id":"https:\/\/www.renewd.com\/#organization","name":"Renewd","url":"https:\/\/www.renewd.com\/","logo":{"@type":"ImageObject","inLanguage":"ro-RO","@id":"https:\/\/www.renewd.com\/#\/schema\/logo\/image\/","url":"https:\/\/www.renewd.com\/wp-content\/uploads\/2017\/09\/logo_donker.png","contentUrl":"https:\/\/www.renewd.com\/wp-content\/uploads\/2017\/09\/logo_donker.png","width":250,"height":53,"caption":"Renewd"},"image":{"@id":"https:\/\/www.renewd.com\/#\/schema\/logo\/image\/"},"sameAs":["https:\/\/www.linkedin.com\/company\/renewd\/"]}]}},"_links":{"self":[{"href":"https:\/\/www.renewd.com\/ro\/wp-json\/wp\/v2\/pages\/26897","targetHints":{"allow":["GET"]}}],"collection":[{"href":"https:\/\/www.renewd.com\/ro\/wp-json\/wp\/v2\/pages"}],"about":[{"href":"https:\/\/www.renewd.com\/ro\/wp-json\/wp\/v2\/types\/page"}],"author":[{"embeddable":true,"href":"https:\/\/www.renewd.com\/ro\/wp-json\/wp\/v2\/users\/8"}],"replies":[{"embeddable":true,"href":"https:\/\/www.renewd.com\/ro\/wp-json\/wp\/v2\/comments?post=26897"}],"version-history":[{"count":0,"href":"https:\/\/www.renewd.com\/ro\/wp-json\/wp\/v2\/pages\/26897\/revisions"}],"up":[{"embeddable":true,"href":"https:\/\/www.renewd.com\/ro\/wp-json\/wp\/v2\/pages\/13837"}],"wp:attachment":[{"href":"https:\/\/www.renewd.com\/ro\/wp-json\/wp\/v2\/media?parent=26897"}],"curies":[{"name":"wp","href":"https:\/\/api.w.org\/{rel}","templated":true}]}}