{"id":34429,"date":"2023-08-03T17:17:56","date_gmt":"2023-08-03T15:17:56","guid":{"rendered":"https:\/\/renewd.com\/odnowiony-certyfikat"},"modified":"2024-06-06T15:36:18","modified_gmt":"2024-06-06T13:36:18","slug":"odnowiony-certyfikat","status":"publish","type":"page","link":"https:\/\/www.renewd.com\/pl\/odnowiony-certyfikat","title":{"rendered":"Odnowiony certyfikat"},"content":{"rendered":"[vc_row type=&#8221;in_container&#8221; full_screen_row_position=&#8221;middle&#8221; column_margin=&#8221;default&#8221; column_direction=&#8221;default&#8221; column_direction_tablet=&#8221;default&#8221; column_direction_phone=&#8221;default&#8221; scene_position=&#8221;center&#8221; text_color=&#8221;dark&#8221; text_align=&#8221;left&#8221; row_border_radius=&#8221;none&#8221; row_border_radius_applies=&#8221;bg&#8221; overflow=&#8221;visible&#8221; overlay_strength=&#8221;0.3&#8243; gradient_direction=&#8221;left_to_right&#8221; shape_divider_position=&#8221;bottom&#8221; bg_image_animation=&#8221;none&#8221; shape_type=&#8221;&#8221;][vc_column column_padding=&#8221;no-extra-padding&#8221; column_padding_tablet=&#8221;inherit&#8221; column_padding_phone=&#8221;inherit&#8221; column_padding_position=&#8221;all&#8221; column_element_direction_desktop=&#8221;default&#8221; column_element_spacing=&#8221;default&#8221; centered_text=&#8221;true&#8221; desktop_text_alignment=&#8221;default&#8221; tablet_text_alignment=&#8221;default&#8221; phone_text_alignment=&#8221;default&#8221; background_color_opacity=&#8221;1&#8243; background_hover_color_opacity=&#8221;1&#8243; column_backdrop_filter=&#8221;none&#8221; column_shadow=&#8221;none&#8221; column_border_radius=&#8221;none&#8221; column_link_target=&#8221;_self&#8221; column_position=&#8221;default&#8221; gradient_direction=&#8221;left_to_right&#8221; overlay_strength=&#8221;0.3&#8243; width=&#8221;1\/1&#8243; tablet_width_inherit=&#8221;default&#8221; animation_type=&#8221;default&#8221; bg_image_animation=&#8221;none&#8221; border_type=&#8221;simple&#8221; column_border_width=&#8221;none&#8221; column_border_style=&#8221;solid&#8221;][vc_column_text css=&#8221;.vc_custom_1555503396777{margin-top: 60px !important;}&#8221;]\n<h3 style=\"text-align: center;\">Certyfikowane odnowione urz\u0105dzenia wysokiej jako\u015bci<\/h3>\n[\/vc_column_text][divider line_type=&#8221;Small Line&#8221; line_alignment=&#8221;default&#8221; line_thickness=&#8221;2&#8243; divider_color=&#8221;accent-color&#8221; animate=&#8221;yes&#8221; custom_height=&#8221;40&#8243; custom_line_width=&#8221;40&#8243;][vc_column_text css=&#8221;.vc_custom_1711707572696{margin-top: 60px !important;}&#8221; text_direction=&#8221;default&#8221;]<strong>To ju\u017c oficjalne! Firma Renewd\u00ae zosta\u0142a wyr\u00f3\u017cniona trzema europejskimi certyfikatami, kt\u00f3re gwarantuj\u0105 jako\u015b\u0107 naszych urz\u0105dze\u0144 Second Life i naszych proces\u00f3w. <\/strong><strong>Z dum\u0105 prezentujemy certyfikat Refurbished od T\u00fcV Nord i Techniek Netherland dla naszych Renewd\u00ae urz\u0105dze\u0144 iPhone, iPad i MacBook oraz certyfikat RecQ od RCube i Dekra dla wszystkich kategorii produkt\u00f3w. <\/strong><strong>W ramach naszego zaanga\u017cowania w zr\u00f3wnowa\u017cony rozw\u00f3j otrzymali\u015bmy br\u0105zow\u0105 ocen\u0119 EcoVadis, kt\u00f3ra podkre\u015bla nasze zaanga\u017cowanie w praktyki przyjazne dla \u015brodowiska. Renewd\u00ae to nie tylko urz\u0105dzenia, ale tak\u017ce pozytywny wp\u0142yw na \u015brodowisko.<\/strong><\/p>\n<p>&nbsp;<\/p>\n<h4><img loading=\"lazy\" decoding=\"async\" class=\"alignnone wp-image-35145 size-full\" src=\"https:\/\/www.renewd.com\/wp-content\/uploads\/2023\/08\/Banner_4.png\" alt=\"\" width=\"1800\" height=\"600\" srcset=\"https:\/\/www.renewd.com\/wp-content\/uploads\/2023\/08\/Banner_4.png 1800w, https:\/\/www.renewd.com\/wp-content\/uploads\/2023\/08\/Banner_4-300x100.png 300w, https:\/\/www.renewd.com\/wp-content\/uploads\/2023\/08\/Banner_4-1024x341.png 1024w, https:\/\/www.renewd.com\/wp-content\/uploads\/2023\/08\/Banner_4-150x50.png 150w, https:\/\/www.renewd.com\/wp-content\/uploads\/2023\/08\/Banner_4-768x256.png 768w, https:\/\/www.renewd.com\/wp-content\/uploads\/2023\/08\/Banner_4-1536x512.png 1536w\" sizes=\"auto, (max-width: 1800px) 100vw, 1800px\" \/><\/h4>\n<h4>Kontrola jako\u015bci na potrzeby certyfikacji<\/h4>\n<p>Nasze urz\u0105dzenia podlegaj\u0105 najsurowszej kontroli jako\u015bci na rynku i s\u0105 testowane przez certyfikowanych ekspert\u00f3w przy u\u017cyciu oficjalnego oprogramowania producenta. Oprogramowanie sprawdza urz\u0105dzenia pod k\u0105tem ponad 80 krytycznych funkcji, aby zapewni\u0107 optymalne u\u017cytkowanie i jako\u015b\u0107. Aby otrzyma\u0107 certyfikat Refurbished, urz\u0105dzenia musz\u0105 zosta\u0107 przetestowane pod k\u0105tem co najmniej 50 punkt\u00f3w krytycznych (sprz\u0119t i oprogramowanie). Minimalna liczba 50 punkt\u00f3w krytycznych wymaganych do uzyskania certyfikatu jest \u0142atwo spe\u0142niona przez nasz\u0105 kontrol\u0119 jako\u015bci.<\/p>\n<p>Dobry serwis gwarancyjny to kolejny wym\u00f3g dla tych certyfikat\u00f3w. <strong> Zawarta gwarancja<\/strong> obejmuje urz\u0105dzenie, bateri\u0119 i akcesoria w urz\u0105dzeniu. Ten rodzaj gwarancji nie dotyczy nawet nowych urz\u0105dze\u0144. Dzi\u0119ki naszej us\u0142udze <strong>bezp\u0142atnego odbior<\/strong>u i zwrotu przenosimy doskona\u0142\u0105 gwarancj\u0119 na wy\u017cszy poziom.<\/p>\n<p>Aby uzyska\u0107 te certyfikaty, firmy musz\u0105 przej\u015b\u0107 rygorystyczne testy i spe\u0142ni\u0107 rygorystyczne wymagania finansowe. <a href=\"https:\/\/www.tuv.nl\/nl\/home\/\">T\u00fcV Nederland, <\/a><a href=\"https:\/\/ecovadis.com\">EcoVadis <\/a>i <a href=\"https:\/\/www.dekra.fr\">DEKRA,<\/a> niezale\u017cne instytuty certyfikuj\u0105ce, przeprowadzaj\u0105 audyty techniczne i zapewniaj\u0105 wysoki poziom jako\u015bci. Nasze zaanga\u017cowanie w dostarczanie urz\u0105dze\u0144 najwy\u017cszej jako\u015bci jest poparte tymi cenionymi certyfikatami.<\/p>\n<p style=\"text-align: center;\"><img loading=\"lazy\" decoding=\"async\" class=\"aligncenter wp-image-7809 size-full\" src=\"https:\/\/www.renewd.com\/wp-content\/uploads\/2019\/04\/Keurmerk_Varianten-1.png\" alt=\"\" width=\"1800\" height=\"300\" srcset=\"https:\/\/www.renewd.com\/wp-content\/uploads\/2019\/04\/Keurmerk_Varianten-1.png 1800w, https:\/\/www.renewd.com\/wp-content\/uploads\/2019\/04\/Keurmerk_Varianten-1-150x25.png 150w, https:\/\/www.renewd.com\/wp-content\/uploads\/2019\/04\/Keurmerk_Varianten-1-300x50.png 300w, https:\/\/www.renewd.com\/wp-content\/uploads\/2019\/04\/Keurmerk_Varianten-1-768x128.png 768w, https:\/\/www.renewd.com\/wp-content\/uploads\/2019\/04\/Keurmerk_Varianten-1-1024x171.png 1024w, https:\/\/www.renewd.com\/wp-content\/uploads\/2019\/04\/Keurmerk_Varianten-1-600x100.png 600w\" sizes=\"auto, (max-width: 1800px) 100vw, 1800px\" \/><em><br \/>\nOficjalne warianty logo dla odnowionych urz\u0105dze\u0144 z certyfikatem jako\u015bci<\/em><\/p>\n<p style=\"text-align: center;\"><em><br \/>\n<img loading=\"lazy\" decoding=\"async\" class=\"alignnone wp-image-33205 size-full\" src=\"https:\/\/www.renewd.com\/wp-content\/uploads\/2023\/07\/Labels.png\" alt=\"\" width=\"1800\" height=\"300\" srcset=\"https:\/\/www.renewd.com\/wp-content\/uploads\/2023\/07\/Labels.png 1800w, https:\/\/www.renewd.com\/wp-content\/uploads\/2023\/07\/Labels-300x50.png 300w, https:\/\/www.renewd.com\/wp-content\/uploads\/2023\/07\/Labels-1024x171.png 1024w, https:\/\/www.renewd.com\/wp-content\/uploads\/2023\/07\/Labels-150x25.png 150w, https:\/\/www.renewd.com\/wp-content\/uploads\/2023\/07\/Labels-768x128.png 768w, https:\/\/www.renewd.com\/wp-content\/uploads\/2023\/07\/Labels-1536x256.png 1536w\" sizes=\"auto, (max-width: 1800px) 100vw, 1800px\" \/><br \/>\nOficjalne warianty logo RecQ Label of Quality<br \/>\n<\/em><\/p>\n<p><img loading=\"lazy\" decoding=\"async\" class=\"Badge aligncenter wp-image-41633\" title=\"Ocena zr\u00f3wnowa\u017conego rozwoju EcoVadis\" src=\"https:\/\/www.renewd.com\/wp-content\/uploads\/2023\/12\/EcoVadis-medaille-2023-300x300-1.png\" alt=\"Br\u0105zowy Rating Zr\u00f3wnowa\u017conego Rozwoju EcoVadis\" width=\"200\" height=\"200\" srcset=\"https:\/\/www.renewd.com\/wp-content\/uploads\/2023\/12\/EcoVadis-medaille-2023-300x300-1.png 300w, https:\/\/www.renewd.com\/wp-content\/uploads\/2023\/12\/EcoVadis-medaille-2023-300x300-1-150x150.png 150w, https:\/\/www.renewd.com\/wp-content\/uploads\/2023\/12\/EcoVadis-medaille-2023-300x300-1-100x100.png 100w, https:\/\/www.renewd.com\/wp-content\/uploads\/2023\/12\/EcoVadis-medaille-2023-300x300-1-140x140.png 140w\" sizes=\"auto, (max-width: 200px) 100vw, 200px\" \/><\/p>\n<p style=\"text-align: center;\"><em>Oficjalna br\u0105zowa odznaka od EcoVadis<\/em><\/p>\n[\/vc_column_text][\/vc_column][\/vc_row][vc_row type=&#8221;in_container&#8221; full_screen_row_position=&#8221;middle&#8221; column_margin=&#8221;default&#8221; column_direction=&#8221;default&#8221; column_direction_tablet=&#8221;default&#8221; column_direction_phone=&#8221;default&#8221; scene_position=&#8221;center&#8221; text_color=&#8221;dark&#8221; text_align=&#8221;center&#8221; row_border_radius=&#8221;none&#8221; row_border_radius_applies=&#8221;bg&#8221; overflow=&#8221;visible&#8221; overlay_strength=&#8221;0.3&#8243; gradient_direction=&#8221;left_to_right&#8221; shape_divider_position=&#8221;bottom&#8221; bg_image_animation=&#8221;none&#8221; shape_type=&#8221;&#8221;][vc_column column_padding=&#8221;no-extra-padding&#8221; column_padding_tablet=&#8221;inherit&#8221; column_padding_phone=&#8221;inherit&#8221; column_padding_position=&#8221;all&#8221; column_element_direction_desktop=&#8221;default&#8221; column_element_spacing=&#8221;default&#8221; desktop_text_alignment=&#8221;default&#8221; tablet_text_alignment=&#8221;default&#8221; phone_text_alignment=&#8221;default&#8221; background_color_opacity=&#8221;1&#8243; background_hover_color_opacity=&#8221;1&#8243; column_backdrop_filter=&#8221;none&#8221; column_shadow=&#8221;none&#8221; column_border_radius=&#8221;none&#8221; column_link_target=&#8221;_self&#8221; column_position=&#8221;default&#8221; gradient_direction=&#8221;left_to_right&#8221; overlay_strength=&#8221;0.3&#8243; width=&#8221;1\/1&#8243; tablet_width_inherit=&#8221;default&#8221; animation_type=&#8221;default&#8221; bg_image_animation=&#8221;none&#8221; border_type=&#8221;simple&#8221; column_border_width=&#8221;none&#8221; column_border_style=&#8221;solid&#8221;][vc_column_text]\n<h4>Zr\u00f3wnowa\u017cony rozw\u00f3j<\/h4>\n<p>Daj\u0105c urz\u0105dzeniom elektronicznym drugie \u017cycie, oszcz\u0119dzamy du\u017co wody i cennych zasob\u00f3w oraz zapobiegamy emisji CO2 do atmosfery. Nasze u\u017cywane urz\u0105dzenia s\u0105 wysokiej jako\u015bci i wiele lat temu sta\u0142y si\u0119 odpadami. Dzi\u0119ki tym certyfikatom chcemy przekona\u0107 naszych (potencjalnych) klient\u00f3w do wyboru produkt\u00f3w Renewd\u00ae, najbardziej niezawodnych ekologicznych urz\u0105dze\u0144 na rynku.<\/p>\n<p><img loading=\"lazy\" decoding=\"async\" class=\"alignnone wp-image-41660 size-full\" src=\"https:\/\/www.renewd.com\/wp-content\/uploads\/2023\/12\/Banner_Keurmerk_v03-1.png\" alt=\"\" width=\"1536\" height=\"768\" srcset=\"https:\/\/www.renewd.com\/wp-content\/uploads\/2023\/12\/Banner_Keurmerk_v03-1.png 1536w, https:\/\/www.renewd.com\/wp-content\/uploads\/2023\/12\/Banner_Keurmerk_v03-1-300x150.png 300w, https:\/\/www.renewd.com\/wp-content\/uploads\/2023\/12\/Banner_Keurmerk_v03-1-1024x512.png 1024w, https:\/\/www.renewd.com\/wp-content\/uploads\/2023\/12\/Banner_Keurmerk_v03-1-150x75.png 150w, https:\/\/www.renewd.com\/wp-content\/uploads\/2023\/12\/Banner_Keurmerk_v03-1-768x384.png 768w, https:\/\/www.renewd.com\/wp-content\/uploads\/2023\/12\/Banner_Keurmerk_v03-1-1000x500.png 1000w, https:\/\/www.renewd.com\/wp-content\/uploads\/2023\/12\/Banner_Keurmerk_v03-1-670x335.png 670w\" sizes=\"auto, (max-width: 1536px) 100vw, 1536px\" \/>[\/vc_column_text][\/vc_column][\/vc_row]\n","protected":false},"excerpt":{"rendered":"<p>[vc_row type=&#8221;in_container&#8221; full_screen_row_position=&#8221;middle&#8221; column_margin=&#8221;default&#8221; column_direction=&#8221;default&#8221; column_direction_tablet=&#8221;default&#8221; column_direction_phone=&#8221;default&#8221; scene_position=&#8221;center&#8221; text_color=&#8221;dark&#8221; text_align=&#8221;left&#8221; row_border_radius=&#8221;none&#8221; row_border_radius_applies=&#8221;bg&#8221; overflow=&#8221;visible&#8221; overlay_strength=&#8221;0.3&#8243; gradient_direction=&#8221;left_to_right&#8221; shape_divider_position=&#8221;bottom&#8221; bg_image_animation=&#8221;none&#8221; shape_type=&#8221;&#8221;][vc_column column_padding=&#8221;no-extra-padding&#8221; column_padding_tablet=&#8221;inherit&#8221; column_padding_phone=&#8221;inherit&#8221; column_padding_position=&#8221;all&#8221; column_element_direction_desktop=&#8221;default&#8221; column_element_spacing=&#8221;default&#8221; centered_text=&#8221;true&#8221; desktop_text_alignment=&#8221;default&#8221; tablet_text_alignment=&#8221;default&#8221; phone_text_alignment=&#8221;default&#8221; background_color_opacity=&#8221;1&#8243; background_hover_color_opacity=&#8221;1&#8243;&#8230;<\/p>\n","protected":false},"author":8,"featured_media":0,"parent":0,"menu_order":2,"comment_status":"closed","ping_status":"closed","template":"","meta":{"footnotes":""},"class_list":["post-34429","page","type-page","status-publish"],"yoast_head":"<!-- This site is optimized with the Yoast SEO plugin v27.4 - https:\/\/yoast.com\/product\/yoast-seo-wordpress\/ -->\n<title>Odnowiony certyfikat - Renewd\u00ae<\/title>\n<meta name=\"description\" content=\"To ju\u017c oficjalne: Certyfikat dla odnowionych iPhone&#039;\u00f3w jest ju\u017c dost\u0119pny. Z dum\u0105 informujemy, \u017ce Renewd jest jedn\u0105 z niewielu firm, kt\u00f3re otrzyma\u0142y certyfikat.\" \/>\n<meta name=\"robots\" content=\"index, follow, max-snippet:-1, max-image-preview:large, max-video-preview:-1\" \/>\n<link rel=\"canonical\" href=\"https:\/\/www.renewd.com\/terms-and-conditions\/refurbished-certificate\" \/>\n<meta property=\"og:locale\" content=\"pl_PL\" \/>\n<meta property=\"og:type\" content=\"article\" \/>\n<meta property=\"og:title\" content=\"Odnowiony certyfikat - Renewd\u00ae\" \/>\n<meta property=\"og:description\" content=\"To ju\u017c oficjalne: Certyfikat dla odnowionych iPhone&#039;\u00f3w jest ju\u017c dost\u0119pny. Z dum\u0105 informujemy, \u017ce Renewd jest jedn\u0105 z niewielu firm, kt\u00f3re otrzyma\u0142y certyfikat.\" \/>\n<meta property=\"og:url\" content=\"https:\/\/www.renewd.com\/terms-and-conditions\/refurbished-certificate\" \/>\n<meta property=\"og:site_name\" content=\"Renewd\u00ae\" \/>\n<meta property=\"article:modified_time\" content=\"2024-06-06T13:36:18+00:00\" \/>\n<meta property=\"og:image\" content=\"https:\/\/www.renewd.com\/wp-content\/uploads\/2023\/08\/Banner_4.png\" \/>\n<meta name=\"twitter:card\" content=\"summary_large_image\" \/>\n<meta name=\"twitter:label1\" content=\"Szacowany czas czytania\" \/>\n\t<meta name=\"twitter:data1\" content=\"4 minuty\" \/>\n<script type=\"application\/ld+json\" class=\"yoast-schema-graph\">{\"@context\":\"https:\\\/\\\/schema.org\",\"@graph\":[{\"@type\":\"WebPage\",\"@id\":\"https:\\\/\\\/www.renewd.com\\\/terms-and-conditions\\\/refurbished-certificate\",\"url\":\"https:\\\/\\\/www.renewd.com\\\/terms-and-conditions\\\/refurbished-certificate\",\"name\":\"Odnowiony certyfikat - Renewd\u00ae\",\"isPartOf\":{\"@id\":\"https:\\\/\\\/www.renewd.com\\\/#website\"},\"primaryImageOfPage\":{\"@id\":\"https:\\\/\\\/www.renewd.com\\\/terms-and-conditions\\\/refurbished-certificate#primaryimage\"},\"image\":{\"@id\":\"https:\\\/\\\/www.renewd.com\\\/terms-and-conditions\\\/refurbished-certificate#primaryimage\"},\"thumbnailUrl\":\"https:\\\/\\\/www.renewd.com\\\/wp-content\\\/uploads\\\/2023\\\/08\\\/Banner_4.png\",\"datePublished\":\"2023-08-03T15:17:56+00:00\",\"dateModified\":\"2024-06-06T13:36:18+00:00\",\"description\":\"To ju\u017c oficjalne: Certyfikat dla odnowionych iPhone'\u00f3w jest ju\u017c dost\u0119pny. Z dum\u0105 informujemy, \u017ce Renewd jest jedn\u0105 z niewielu firm, kt\u00f3re otrzyma\u0142y certyfikat.\",\"breadcrumb\":{\"@id\":\"https:\\\/\\\/www.renewd.com\\\/terms-and-conditions\\\/refurbished-certificate#breadcrumb\"},\"inLanguage\":\"pl-PL\",\"potentialAction\":[{\"@type\":\"ReadAction\",\"target\":[\"https:\\\/\\\/www.renewd.com\\\/terms-and-conditions\\\/refurbished-certificate\"]}]},{\"@type\":\"ImageObject\",\"inLanguage\":\"pl-PL\",\"@id\":\"https:\\\/\\\/www.renewd.com\\\/terms-and-conditions\\\/refurbished-certificate#primaryimage\",\"url\":\"https:\\\/\\\/www.renewd.com\\\/wp-content\\\/uploads\\\/2023\\\/08\\\/Banner_4.png\",\"contentUrl\":\"https:\\\/\\\/www.renewd.com\\\/wp-content\\\/uploads\\\/2023\\\/08\\\/Banner_4.png\"},{\"@type\":\"BreadcrumbList\",\"@id\":\"https:\\\/\\\/www.renewd.com\\\/terms-and-conditions\\\/refurbished-certificate#breadcrumb\",\"itemListElement\":[{\"@type\":\"ListItem\",\"position\":1,\"name\":\"Home\",\"item\":\"https:\\\/\\\/www.renewd.com\\\/\"},{\"@type\":\"ListItem\",\"position\":2,\"name\":\"Odnowiony certyfikat\"}]},{\"@type\":\"WebSite\",\"@id\":\"https:\\\/\\\/www.renewd.com\\\/#website\",\"url\":\"https:\\\/\\\/www.renewd.com\\\/\",\"name\":\"Renewd\",\"description\":\"Premium Pre-Owned Electronics\",\"publisher\":{\"@id\":\"https:\\\/\\\/www.renewd.com\\\/#organization\"},\"potentialAction\":[{\"@type\":\"SearchAction\",\"target\":{\"@type\":\"EntryPoint\",\"urlTemplate\":\"https:\\\/\\\/www.renewd.com\\\/?s={search_term_string}\"},\"query-input\":{\"@type\":\"PropertyValueSpecification\",\"valueRequired\":true,\"valueName\":\"search_term_string\"}}],\"inLanguage\":\"pl-PL\"},{\"@type\":\"Organization\",\"@id\":\"https:\\\/\\\/www.renewd.com\\\/#organization\",\"name\":\"Renewd\",\"url\":\"https:\\\/\\\/www.renewd.com\\\/\",\"logo\":{\"@type\":\"ImageObject\",\"inLanguage\":\"pl-PL\",\"@id\":\"https:\\\/\\\/www.renewd.com\\\/#\\\/schema\\\/logo\\\/image\\\/\",\"url\":\"https:\\\/\\\/www.renewd.com\\\/wp-content\\\/uploads\\\/2017\\\/09\\\/logo_donker.png\",\"contentUrl\":\"https:\\\/\\\/www.renewd.com\\\/wp-content\\\/uploads\\\/2017\\\/09\\\/logo_donker.png\",\"width\":250,\"height\":53,\"caption\":\"Renewd\"},\"image\":{\"@id\":\"https:\\\/\\\/www.renewd.com\\\/#\\\/schema\\\/logo\\\/image\\\/\"},\"sameAs\":[\"https:\\\/\\\/www.linkedin.com\\\/company\\\/renewd\\\/\"]}]}<\/script>\n<!-- \/ Yoast SEO plugin. -->","yoast_head_json":{"title":"Odnowiony certyfikat - Renewd\u00ae","description":"To ju\u017c oficjalne: Certyfikat dla odnowionych iPhone'\u00f3w jest ju\u017c dost\u0119pny. Z dum\u0105 informujemy, \u017ce Renewd jest jedn\u0105 z niewielu firm, kt\u00f3re otrzyma\u0142y certyfikat.","robots":{"index":"index","follow":"follow","max-snippet":"max-snippet:-1","max-image-preview":"max-image-preview:large","max-video-preview":"max-video-preview:-1"},"canonical":"https:\/\/www.renewd.com\/terms-and-conditions\/refurbished-certificate","og_locale":"pl_PL","og_type":"article","og_title":"Odnowiony certyfikat - Renewd\u00ae","og_description":"To ju\u017c oficjalne: Certyfikat dla odnowionych iPhone'\u00f3w jest ju\u017c dost\u0119pny. Z dum\u0105 informujemy, \u017ce Renewd jest jedn\u0105 z niewielu firm, kt\u00f3re otrzyma\u0142y certyfikat.","og_url":"https:\/\/www.renewd.com\/terms-and-conditions\/refurbished-certificate","og_site_name":"Renewd\u00ae","article_modified_time":"2024-06-06T13:36:18+00:00","og_image":[{"url":"https:\/\/www.renewd.com\/wp-content\/uploads\/2023\/08\/Banner_4.png","type":"","width":"","height":""}],"twitter_card":"summary_large_image","twitter_misc":{"Szacowany czas czytania":"4 minuty"},"schema":{"@context":"https:\/\/schema.org","@graph":[{"@type":"WebPage","@id":"https:\/\/www.renewd.com\/terms-and-conditions\/refurbished-certificate","url":"https:\/\/www.renewd.com\/terms-and-conditions\/refurbished-certificate","name":"Odnowiony certyfikat - Renewd\u00ae","isPartOf":{"@id":"https:\/\/www.renewd.com\/#website"},"primaryImageOfPage":{"@id":"https:\/\/www.renewd.com\/terms-and-conditions\/refurbished-certificate#primaryimage"},"image":{"@id":"https:\/\/www.renewd.com\/terms-and-conditions\/refurbished-certificate#primaryimage"},"thumbnailUrl":"https:\/\/www.renewd.com\/wp-content\/uploads\/2023\/08\/Banner_4.png","datePublished":"2023-08-03T15:17:56+00:00","dateModified":"2024-06-06T13:36:18+00:00","description":"To ju\u017c oficjalne: Certyfikat dla odnowionych iPhone'\u00f3w jest ju\u017c dost\u0119pny. Z dum\u0105 informujemy, \u017ce Renewd jest jedn\u0105 z niewielu firm, kt\u00f3re otrzyma\u0142y certyfikat.","breadcrumb":{"@id":"https:\/\/www.renewd.com\/terms-and-conditions\/refurbished-certificate#breadcrumb"},"inLanguage":"pl-PL","potentialAction":[{"@type":"ReadAction","target":["https:\/\/www.renewd.com\/terms-and-conditions\/refurbished-certificate"]}]},{"@type":"ImageObject","inLanguage":"pl-PL","@id":"https:\/\/www.renewd.com\/terms-and-conditions\/refurbished-certificate#primaryimage","url":"https:\/\/www.renewd.com\/wp-content\/uploads\/2023\/08\/Banner_4.png","contentUrl":"https:\/\/www.renewd.com\/wp-content\/uploads\/2023\/08\/Banner_4.png"},{"@type":"BreadcrumbList","@id":"https:\/\/www.renewd.com\/terms-and-conditions\/refurbished-certificate#breadcrumb","itemListElement":[{"@type":"ListItem","position":1,"name":"Home","item":"https:\/\/www.renewd.com\/"},{"@type":"ListItem","position":2,"name":"Odnowiony certyfikat"}]},{"@type":"WebSite","@id":"https:\/\/www.renewd.com\/#website","url":"https:\/\/www.renewd.com\/","name":"Renewd","description":"Premium Pre-Owned Electronics","publisher":{"@id":"https:\/\/www.renewd.com\/#organization"},"potentialAction":[{"@type":"SearchAction","target":{"@type":"EntryPoint","urlTemplate":"https:\/\/www.renewd.com\/?s={search_term_string}"},"query-input":{"@type":"PropertyValueSpecification","valueRequired":true,"valueName":"search_term_string"}}],"inLanguage":"pl-PL"},{"@type":"Organization","@id":"https:\/\/www.renewd.com\/#organization","name":"Renewd","url":"https:\/\/www.renewd.com\/","logo":{"@type":"ImageObject","inLanguage":"pl-PL","@id":"https:\/\/www.renewd.com\/#\/schema\/logo\/image\/","url":"https:\/\/www.renewd.com\/wp-content\/uploads\/2017\/09\/logo_donker.png","contentUrl":"https:\/\/www.renewd.com\/wp-content\/uploads\/2017\/09\/logo_donker.png","width":250,"height":53,"caption":"Renewd"},"image":{"@id":"https:\/\/www.renewd.com\/#\/schema\/logo\/image\/"},"sameAs":["https:\/\/www.linkedin.com\/company\/renewd\/"]}]}},"_links":{"self":[{"href":"https:\/\/www.renewd.com\/pl\/wp-json\/wp\/v2\/pages\/34429","targetHints":{"allow":["GET"]}}],"collection":[{"href":"https:\/\/www.renewd.com\/pl\/wp-json\/wp\/v2\/pages"}],"about":[{"href":"https:\/\/www.renewd.com\/pl\/wp-json\/wp\/v2\/types\/page"}],"author":[{"embeddable":true,"href":"https:\/\/www.renewd.com\/pl\/wp-json\/wp\/v2\/users\/8"}],"replies":[{"embeddable":true,"href":"https:\/\/www.renewd.com\/pl\/wp-json\/wp\/v2\/comments?post=34429"}],"version-history":[{"count":0,"href":"https:\/\/www.renewd.com\/pl\/wp-json\/wp\/v2\/pages\/34429\/revisions"}],"wp:attachment":[{"href":"https:\/\/www.renewd.com\/pl\/wp-json\/wp\/v2\/media?parent=34429"}],"curies":[{"name":"wp","href":"https:\/\/api.w.org\/{rel}","templated":true}]}}