{"id":34400,"date":"2023-08-03T16:56:39","date_gmt":"2023-08-03T14:56:39","guid":{"rendered":"https:\/\/renewd.com\/renewd-dla-firm\/renewd-for-business-kontakt-dziekujemy"},"modified":"2023-08-03T16:56:39","modified_gmt":"2023-08-03T14:56:39","slug":"renewd-for-business-kontakt-dziekujemy","status":"publish","type":"page","link":"https:\/\/www.renewd.com\/pl\/renewd-dla-firm\/renewd-for-business-kontakt-dziekujemy","title":{"rendered":"Renewd for Business &#8211; Kontakt &#8211; Dzi\u0119kujemy"},"content":{"rendered":"[vc_row type=&#8221;full_width_background&#8221; full_screen_row_position=&#8221;middle&#8221; column_margin=&#8221;default&#8221; equal_height=&#8221;yes&#8221; column_direction=&#8221;default&#8221; column_direction_tablet=&#8221;default&#8221; column_direction_phone=&#8221;default&#8221; bg_color=&#8221;#25b570&#8243; scene_position=&#8221;center&#8221; top_padding=&#8221;90px&#8221; constrain_group_1=&#8221;yes&#8221; bottom_padding=&#8221;90px&#8221; top_padding_tablet=&#8221;64px&#8221; constrain_group_3=&#8221;yes&#8221; bottom_padding_tablet=&#8221;64px&#8221; top_padding_phone=&#8221;64px&#8221; constrain_group_5=&#8221;yes&#8221; bottom_padding_phone=&#8221;64px&#8221; text_color=&#8221;dark&#8221; text_align=&#8221;center&#8221; row_border_radius=&#8221;none&#8221; row_border_radius_applies=&#8221;inner&#8221; overlay_strength=&#8221;0.3&#8243; gradient_direction=&#8221;left_to_right&#8221; shape_divider_color=&#8221;#ffffff&#8221; shape_divider_position=&#8221;bottom&#8221; shape_divider_height=&#8221;25%&#8221; bg_image_animation=&#8221;none&#8221; shape_type=&#8221;straight_section&#8221;][vc_column column_padding=&#8221;no-extra-padding&#8221; column_padding_tablet=&#8221;inherit&#8221; column_padding_phone=&#8221;inherit&#8221; column_padding_position=&#8221;all&#8221; column_element_spacing=&#8221;default&#8221; background_color_opacity=&#8221;1&#8243; background_hover_color_opacity=&#8221;1&#8243; column_shadow=&#8221;none&#8221; column_border_radius=&#8221;none&#8221; column_link_target=&#8221;_self&#8221; gradient_direction=&#8221;left_to_right&#8221; overlay_strength=&#8221;0.3&#8243; width=&#8221;1\/1&#8243; tablet_width_inherit=&#8221;default&#8221; tablet_text_alignment=&#8221;default&#8221; phone_text_alignment=&#8221;default&#8221; bg_image_animation=&#8221;none&#8221; border_type=&#8221;simple&#8221; column_border_width=&#8221;none&#8221; column_border_style=&#8221;solid&#8221;][vc_custom_heading text=&#8221;Renewd\u00ae dla firm&#8221; font_container=&#8221;tag:h2|font_size:5vh|text_align:center|color:%23ffffff&#8221; use_theme_fonts=&#8221;yes&#8221; css=&#8221;.vc_custom_1636036824835{margin-bottom: 16px !important;}&#8221;][divider line_type=&#8221;No Line&#8221; custom_height=&#8221;32px&#8221;][vc_column_text]\n<p style=\"text-align: center;\"><span style=\"font-size: 22px; color: #ffffff;\">Chcesz poprawi\u0107 zr\u00f3wnowa\u017cone podej\u015bcie swojej firmy,<br \/>\nzaoszcz\u0119dzi\u0107 na kosztach i zachowa\u0107 t\u0119 sam\u0105 jako\u015b\u0107?<br \/>\nRenewd\u00ae ma dla Ciebie idealne rozwi\u0105zanie!<br \/>\n<\/span><\/p>\n[\/vc_column_text][divider line_type=&#8221;No Line&#8221; custom_height=&#8221;64px&#8221;][\/vc_column][\/vc_row][vc_row type=&#8221;full_width_background&#8221; full_screen_row_position=&#8221;middle&#8221; column_margin=&#8221;default&#8221; equal_height=&#8221;yes&#8221; column_direction=&#8221;default&#8221; column_direction_tablet=&#8221;default&#8221; column_direction_phone=&#8221;default&#8221; scene_position=&#8221;center&#8221; top_padding=&#8221;90px&#8221; constrain_group_1=&#8221;yes&#8221; bottom_padding=&#8221;90px&#8221; top_padding_tablet=&#8221;64px&#8221; constrain_group_3=&#8221;yes&#8221; bottom_padding_tablet=&#8221;64px&#8221; top_padding_phone=&#8221;64px&#8221; constrain_group_5=&#8221;yes&#8221; bottom_padding_phone=&#8221;64px&#8221; text_color=&#8221;dark&#8221; text_align=&#8221;center&#8221; row_border_radius=&#8221;none&#8221; row_border_radius_applies=&#8221;inner&#8221; overlay_strength=&#8221;0.3&#8243; gradient_direction=&#8221;left_to_right&#8221; enable_shape_divider=&#8221;true&#8221; shape_divider_color=&#8221;#ffffff&#8221; shape_divider_position=&#8221;bottom&#8221; shape_divider_height=&#8221;25%&#8221; bg_image_animation=&#8221;none&#8221; shape_type=&#8221;straight_section&#8221;][vc_column column_padding=&#8221;no-extra-padding&#8221; column_padding_tablet=&#8221;inherit&#8221; column_padding_phone=&#8221;inherit&#8221; column_padding_position=&#8221;all&#8221; column_element_spacing=&#8221;default&#8221; background_color_opacity=&#8221;1&#8243; background_hover_color_opacity=&#8221;1&#8243; column_shadow=&#8221;none&#8221; column_border_radius=&#8221;none&#8221; column_link_target=&#8221;_self&#8221; gradient_direction=&#8221;left_to_right&#8221; overlay_strength=&#8221;0.3&#8243; width=&#8221;1\/1&#8243; tablet_width_inherit=&#8221;default&#8221; tablet_text_alignment=&#8221;default&#8221; phone_text_alignment=&#8221;default&#8221; bg_image_animation=&#8221;none&#8221; border_type=&#8221;simple&#8221; column_border_width=&#8221;none&#8221; column_border_style=&#8221;solid&#8221;][vc_custom_heading text=&#8221;Dzi\u0119kujemy za wiadomo\u015b\u0107.<br \/>\nSkontaktujemy si\u0119 z Tob\u0105 tak szybko, jak to mo\u017cliwe.&#8221; font_container=&#8221;tag:h2|font_size:3.5vh|text_align:center&#8221; use_theme_fonts=&#8221;yes&#8221; css=&#8221;.vc_custom_1636371760689{margin-bottom: 16px !important;}&#8221;][divider line_type=&#8221;No Line&#8221; custom_height=&#8221;64px&#8221;][nectar_btn size=&#8221;jumbo&#8221; button_style=&#8221;regular&#8221; button_color_2=&#8221;Accent-Color&#8221; icon_family=&#8221;none&#8221; text=&#8221;Powr\u00f3t do strony Renewd for Business&#8221; url=&#8221;\/business&#8221;][\/vc_column][\/vc_row]\n","protected":false},"excerpt":{"rendered":"<p>[vc_row type=&#8221;full_width_background&#8221; full_screen_row_position=&#8221;middle&#8221; column_margin=&#8221;default&#8221; equal_height=&#8221;yes&#8221; column_direction=&#8221;default&#8221; column_direction_tablet=&#8221;default&#8221; column_direction_phone=&#8221;default&#8221; bg_color=&#8221;#25b570&#8243; scene_position=&#8221;center&#8221; top_padding=&#8221;90px&#8221; constrain_group_1=&#8221;yes&#8221; bottom_padding=&#8221;90px&#8221; top_padding_tablet=&#8221;64px&#8221; constrain_group_3=&#8221;yes&#8221; bottom_padding_tablet=&#8221;64px&#8221; top_padding_phone=&#8221;64px&#8221; constrain_group_5=&#8221;yes&#8221; bottom_padding_phone=&#8221;64px&#8221; text_color=&#8221;dark&#8221; text_align=&#8221;center&#8221; row_border_radius=&#8221;none&#8221; row_border_radius_applies=&#8221;inner&#8221; overlay_strength=&#8221;0.3&#8243; gradient_direction=&#8221;left_to_right&#8221; shape_divider_color=&#8221;#ffffff&#8221; shape_divider_position=&#8221;bottom&#8221; shape_divider_height=&#8221;25%&#8221; bg_image_animation=&#8221;none&#8221; shape_type=&#8221;straight_section&#8221;][vc_column&#8230;<\/p>\n","protected":false},"author":12,"featured_media":0,"parent":34367,"menu_order":0,"comment_status":"closed","ping_status":"closed","template":"","meta":{"footnotes":""},"class_list":["post-34400","page","type-page","status-publish"],"yoast_head":"<!-- This site is optimized with the Yoast SEO plugin v27.4 - https:\/\/yoast.com\/product\/yoast-seo-wordpress\/ -->\n<title>Renewd for Business - Kontakt - Dzi\u0119kujemy - Renewd\u00ae<\/title>\n<meta name=\"robots\" content=\"index, follow, max-snippet:-1, max-image-preview:large, max-video-preview:-1\" \/>\n<link rel=\"canonical\" href=\"https:\/\/www.renewd.com\/business\/contact-thank-you\" \/>\n<meta property=\"og:locale\" content=\"pl_PL\" \/>\n<meta property=\"og:type\" content=\"article\" \/>\n<meta property=\"og:title\" content=\"Renewd for Business - Kontakt - Dzi\u0119kujemy - Renewd\u00ae\" \/>\n<meta property=\"og:description\" content=\"[vc_row type=&#8221;full_width_background&#8221; full_screen_row_position=&#8221;middle&#8221; column_margin=&#8221;default&#8221; equal_height=&#8221;yes&#8221; column_direction=&#8221;default&#8221; column_direction_tablet=&#8221;default&#8221; column_direction_phone=&#8221;default&#8221; bg_color=&#8221;#25b570&#8243; scene_position=&#8221;center&#8221; top_padding=&#8221;90px&#8221; constrain_group_1=&#8221;yes&#8221; bottom_padding=&#8221;90px&#8221; top_padding_tablet=&#8221;64px&#8221; constrain_group_3=&#8221;yes&#8221; bottom_padding_tablet=&#8221;64px&#8221; top_padding_phone=&#8221;64px&#8221; constrain_group_5=&#8221;yes&#8221; bottom_padding_phone=&#8221;64px&#8221; text_color=&#8221;dark&#8221; text_align=&#8221;center&#8221; row_border_radius=&#8221;none&#8221; row_border_radius_applies=&#8221;inner&#8221; overlay_strength=&#8221;0.3&#8243; gradient_direction=&#8221;left_to_right&#8221; shape_divider_color=&#8221;#ffffff&#8221; shape_divider_position=&#8221;bottom&#8221; shape_divider_height=&#8221;25%&#8221; bg_image_animation=&#8221;none&#8221; shape_type=&#8221;straight_section&#8221;][vc_column...\" \/>\n<meta property=\"og:url\" content=\"https:\/\/www.renewd.com\/business\/contact-thank-you\" \/>\n<meta property=\"og:site_name\" content=\"Renewd\u00ae\" \/>\n<meta name=\"twitter:card\" content=\"summary_large_image\" \/>\n<meta name=\"twitter:label1\" content=\"Szacowany czas czytania\" \/>\n\t<meta name=\"twitter:data1\" content=\"3 minuty\" \/>\n<script type=\"application\/ld+json\" class=\"yoast-schema-graph\">{\"@context\":\"https:\\\/\\\/schema.org\",\"@graph\":[{\"@type\":\"WebPage\",\"@id\":\"https:\\\/\\\/www.renewd.com\\\/business\\\/contact-thank-you\",\"url\":\"https:\\\/\\\/www.renewd.com\\\/business\\\/contact-thank-you\",\"name\":\"Renewd for Business - Kontakt - Dzi\u0119kujemy - Renewd\u00ae\",\"isPartOf\":{\"@id\":\"https:\\\/\\\/www.renewd.com\\\/#website\"},\"datePublished\":\"2023-08-03T14:56:39+00:00\",\"breadcrumb\":{\"@id\":\"https:\\\/\\\/www.renewd.com\\\/business\\\/contact-thank-you#breadcrumb\"},\"inLanguage\":\"pl-PL\",\"potentialAction\":[{\"@type\":\"ReadAction\",\"target\":[\"https:\\\/\\\/www.renewd.com\\\/business\\\/contact-thank-you\"]}]},{\"@type\":\"BreadcrumbList\",\"@id\":\"https:\\\/\\\/www.renewd.com\\\/business\\\/contact-thank-you#breadcrumb\",\"itemListElement\":[{\"@type\":\"ListItem\",\"position\":1,\"name\":\"Home\",\"item\":\"https:\\\/\\\/www.renewd.com\\\/\"},{\"@type\":\"ListItem\",\"position\":2,\"name\":\"Renewd\u00ae dla firm\",\"item\":\"https:\\\/\\\/www.renewd.com\\\/business\"},{\"@type\":\"ListItem\",\"position\":3,\"name\":\"Renewd for Business &#8211; Kontakt &#8211; Dzi\u0119kujemy\"}]},{\"@type\":\"WebSite\",\"@id\":\"https:\\\/\\\/www.renewd.com\\\/#website\",\"url\":\"https:\\\/\\\/www.renewd.com\\\/\",\"name\":\"Renewd\",\"description\":\"Premium Pre-Owned Electronics\",\"publisher\":{\"@id\":\"https:\\\/\\\/www.renewd.com\\\/#organization\"},\"potentialAction\":[{\"@type\":\"SearchAction\",\"target\":{\"@type\":\"EntryPoint\",\"urlTemplate\":\"https:\\\/\\\/www.renewd.com\\\/?s={search_term_string}\"},\"query-input\":{\"@type\":\"PropertyValueSpecification\",\"valueRequired\":true,\"valueName\":\"search_term_string\"}}],\"inLanguage\":\"pl-PL\"},{\"@type\":\"Organization\",\"@id\":\"https:\\\/\\\/www.renewd.com\\\/#organization\",\"name\":\"Renewd\",\"url\":\"https:\\\/\\\/www.renewd.com\\\/\",\"logo\":{\"@type\":\"ImageObject\",\"inLanguage\":\"pl-PL\",\"@id\":\"https:\\\/\\\/www.renewd.com\\\/#\\\/schema\\\/logo\\\/image\\\/\",\"url\":\"https:\\\/\\\/www.renewd.com\\\/wp-content\\\/uploads\\\/2017\\\/09\\\/logo_donker.png\",\"contentUrl\":\"https:\\\/\\\/www.renewd.com\\\/wp-content\\\/uploads\\\/2017\\\/09\\\/logo_donker.png\",\"width\":250,\"height\":53,\"caption\":\"Renewd\"},\"image\":{\"@id\":\"https:\\\/\\\/www.renewd.com\\\/#\\\/schema\\\/logo\\\/image\\\/\"},\"sameAs\":[\"https:\\\/\\\/www.linkedin.com\\\/company\\\/renewd\\\/\"]}]}<\/script>\n<!-- \/ Yoast SEO plugin. -->","yoast_head_json":{"title":"Renewd for Business - Kontakt - Dzi\u0119kujemy - Renewd\u00ae","robots":{"index":"index","follow":"follow","max-snippet":"max-snippet:-1","max-image-preview":"max-image-preview:large","max-video-preview":"max-video-preview:-1"},"canonical":"https:\/\/www.renewd.com\/business\/contact-thank-you","og_locale":"pl_PL","og_type":"article","og_title":"Renewd for Business - Kontakt - Dzi\u0119kujemy - Renewd\u00ae","og_description":"[vc_row type=&#8221;full_width_background&#8221; full_screen_row_position=&#8221;middle&#8221; column_margin=&#8221;default&#8221; equal_height=&#8221;yes&#8221; column_direction=&#8221;default&#8221; column_direction_tablet=&#8221;default&#8221; column_direction_phone=&#8221;default&#8221; bg_color=&#8221;#25b570&#8243; scene_position=&#8221;center&#8221; top_padding=&#8221;90px&#8221; constrain_group_1=&#8221;yes&#8221; bottom_padding=&#8221;90px&#8221; top_padding_tablet=&#8221;64px&#8221; constrain_group_3=&#8221;yes&#8221; bottom_padding_tablet=&#8221;64px&#8221; top_padding_phone=&#8221;64px&#8221; constrain_group_5=&#8221;yes&#8221; bottom_padding_phone=&#8221;64px&#8221; text_color=&#8221;dark&#8221; text_align=&#8221;center&#8221; row_border_radius=&#8221;none&#8221; row_border_radius_applies=&#8221;inner&#8221; overlay_strength=&#8221;0.3&#8243; gradient_direction=&#8221;left_to_right&#8221; shape_divider_color=&#8221;#ffffff&#8221; shape_divider_position=&#8221;bottom&#8221; shape_divider_height=&#8221;25%&#8221; bg_image_animation=&#8221;none&#8221; shape_type=&#8221;straight_section&#8221;][vc_column...","og_url":"https:\/\/www.renewd.com\/business\/contact-thank-you","og_site_name":"Renewd\u00ae","twitter_card":"summary_large_image","twitter_misc":{"Szacowany czas czytania":"3 minuty"},"schema":{"@context":"https:\/\/schema.org","@graph":[{"@type":"WebPage","@id":"https:\/\/www.renewd.com\/business\/contact-thank-you","url":"https:\/\/www.renewd.com\/business\/contact-thank-you","name":"Renewd for Business - Kontakt - Dzi\u0119kujemy - Renewd\u00ae","isPartOf":{"@id":"https:\/\/www.renewd.com\/#website"},"datePublished":"2023-08-03T14:56:39+00:00","breadcrumb":{"@id":"https:\/\/www.renewd.com\/business\/contact-thank-you#breadcrumb"},"inLanguage":"pl-PL","potentialAction":[{"@type":"ReadAction","target":["https:\/\/www.renewd.com\/business\/contact-thank-you"]}]},{"@type":"BreadcrumbList","@id":"https:\/\/www.renewd.com\/business\/contact-thank-you#breadcrumb","itemListElement":[{"@type":"ListItem","position":1,"name":"Home","item":"https:\/\/www.renewd.com\/"},{"@type":"ListItem","position":2,"name":"Renewd\u00ae dla firm","item":"https:\/\/www.renewd.com\/business"},{"@type":"ListItem","position":3,"name":"Renewd for Business &#8211; Kontakt &#8211; Dzi\u0119kujemy"}]},{"@type":"WebSite","@id":"https:\/\/www.renewd.com\/#website","url":"https:\/\/www.renewd.com\/","name":"Renewd","description":"Premium Pre-Owned Electronics","publisher":{"@id":"https:\/\/www.renewd.com\/#organization"},"potentialAction":[{"@type":"SearchAction","target":{"@type":"EntryPoint","urlTemplate":"https:\/\/www.renewd.com\/?s={search_term_string}"},"query-input":{"@type":"PropertyValueSpecification","valueRequired":true,"valueName":"search_term_string"}}],"inLanguage":"pl-PL"},{"@type":"Organization","@id":"https:\/\/www.renewd.com\/#organization","name":"Renewd","url":"https:\/\/www.renewd.com\/","logo":{"@type":"ImageObject","inLanguage":"pl-PL","@id":"https:\/\/www.renewd.com\/#\/schema\/logo\/image\/","url":"https:\/\/www.renewd.com\/wp-content\/uploads\/2017\/09\/logo_donker.png","contentUrl":"https:\/\/www.renewd.com\/wp-content\/uploads\/2017\/09\/logo_donker.png","width":250,"height":53,"caption":"Renewd"},"image":{"@id":"https:\/\/www.renewd.com\/#\/schema\/logo\/image\/"},"sameAs":["https:\/\/www.linkedin.com\/company\/renewd\/"]}]}},"_links":{"self":[{"href":"https:\/\/www.renewd.com\/pl\/wp-json\/wp\/v2\/pages\/34400","targetHints":{"allow":["GET"]}}],"collection":[{"href":"https:\/\/www.renewd.com\/pl\/wp-json\/wp\/v2\/pages"}],"about":[{"href":"https:\/\/www.renewd.com\/pl\/wp-json\/wp\/v2\/types\/page"}],"author":[{"embeddable":true,"href":"https:\/\/www.renewd.com\/pl\/wp-json\/wp\/v2\/users\/12"}],"replies":[{"embeddable":true,"href":"https:\/\/www.renewd.com\/pl\/wp-json\/wp\/v2\/comments?post=34400"}],"version-history":[{"count":0,"href":"https:\/\/www.renewd.com\/pl\/wp-json\/wp\/v2\/pages\/34400\/revisions"}],"up":[{"embeddable":true,"href":"https:\/\/www.renewd.com\/pl\/wp-json\/wp\/v2\/pages\/34367"}],"wp:attachment":[{"href":"https:\/\/www.renewd.com\/pl\/wp-json\/wp\/v2\/media?parent=34400"}],"curies":[{"name":"wp","href":"https:\/\/api.w.org\/{rel}","templated":true}]}}