{"id":33424,"date":"2023-07-12T12:00:35","date_gmt":"2023-07-12T10:00:35","guid":{"rendered":"https:\/\/renewd.com\/terms-and-conditions\/certificat-remis-a-neuf"},"modified":"2024-05-24T15:52:38","modified_gmt":"2024-05-24T13:52:38","slug":"certificat-remis-a-neuf","status":"publish","type":"page","link":"https:\/\/www.renewd.com\/fr\/terms-and-conditions\/certificat-remis-a-neuf","title":{"rendered":"Certificat remis \u00e0 neuf"},"content":{"rendered":"[vc_row type=\u00a0\u00bbin_container\u00a0\u00bb full_screen_row_position=\u00a0\u00bbmiddle\u00a0\u00bb column_margin=\u00a0\u00bbdefault\u00a0\u00bb column_direction=\u00a0\u00bbdefault\u00a0\u00bb column_direction_tablet=\u00a0\u00bbdefault\u00a0\u00bb column_direction_phone=\u00a0\u00bbdefault\u00a0\u00bb scene_position=\u00a0\u00bbcenter\u00a0\u00bb text_color=\u00a0\u00bbdark\u00a0\u00bb text_align=\u00a0\u00bbleft\u00a0\u00bb row_border_radius=\u00a0\u00bbnone\u00a0\u00bb row_border_radius_applies=\u00a0\u00bbbg\u00a0\u00bb overflow=\u00a0\u00bbvisible\u00a0\u00bb overlay_strength=\u00a0\u00bb0.3&Prime; gradient_direction=\u00a0\u00bbleft_to_right\u00a0\u00bb shape_divider_position=\u00a0\u00bbbottom\u00a0\u00bb bg_image_animation=\u00a0\u00bbnone\u00a0\u00bb shape_type=\u00a0\u00bb\u00a0\u00bb][vc_column column_padding=\u00a0\u00bbno-extra-padding\u00a0\u00bb column_padding_tablet=\u00a0\u00bbinherit\u00a0\u00bb column_padding_phone=\u00a0\u00bbinherit\u00a0\u00bb column_padding_position=\u00a0\u00bball\u00a0\u00bb column_element_direction_desktop=\u00a0\u00bbdefault\u00a0\u00bb column_element_spacing=\u00a0\u00bbdefault\u00a0\u00bb centered_text=\u00a0\u00bbtrue\u00a0\u00bb desktop_text_alignment=\u00a0\u00bbdefault\u00a0\u00bb tablet_text_alignment=\u00a0\u00bbdefault\u00a0\u00bb phone_text_alignment=\u00a0\u00bbdefault\u00a0\u00bb background_color_opacity=\u00a0\u00bb1&Prime; background_hover_color_opacity=\u00a0\u00bb1&Prime; column_backdrop_filter=\u00a0\u00bbnone\u00a0\u00bb column_shadow=\u00a0\u00bbnone\u00a0\u00bb column_border_radius=\u00a0\u00bbnone\u00a0\u00bb column_link_target=\u00a0\u00bb_self\u00a0\u00bb column_position=\u00a0\u00bbdefault\u00a0\u00bb gradient_direction=\u00a0\u00bbleft_to_right\u00a0\u00bb overlay_strength=\u00a0\u00bb0.3&Prime; width=\u00a0\u00bb1\/1&Prime; tablet_width_inherit=\u00a0\u00bbdefault\u00a0\u00bb animation_type=\u00a0\u00bbdefault\u00a0\u00bb bg_image_animation=\u00a0\u00bbnone\u00a0\u00bb border_type=\u00a0\u00bbsimple\u00a0\u00bb column_border_width=\u00a0\u00bbnone\u00a0\u00bb column_border_style=\u00a0\u00bbsolid\u00a0\u00bb][vc_column_text css=\u00a0\u00bb.vc_custom_1555503396777{margin-top: 60px !important;}\u00a0\u00bb]\n<h3 style=\"text-align: center;\">Dispositifs remis \u00e0 neuf certifi\u00e9s de qualit\u00e9 superieure<\/h3>\n[\/vc_column_text][divider line_type=\u00a0\u00bbSmall Line\u00a0\u00bb line_alignment=\u00a0\u00bbdefault\u00a0\u00bb line_thickness=\u00a0\u00bb2&Prime; divider_color=\u00a0\u00bbaccent-color\u00a0\u00bb animate=\u00a0\u00bbyes\u00a0\u00bb custom_height=\u00a0\u00bb40&Prime; custom_line_width=\u00a0\u00bb40&Prime;][vc_column_text css=\u00a0\u00bb.vc_custom_1711707572696{margin-top: 60px !important;}\u00a0\u00bb text_direction=\u00a0\u00bbdefault\u00a0\u00bb]<strong>C&rsquo;est officiel ! Renewd\u00ae a obtenu trois certificats europ\u00e9ens qui garantissent la qualit\u00e9 de nos appareils Second Life et de nos processus.  <\/strong><strong>Nous sommes tr\u00e8s fiers de vous pr\u00e9senter la certification Reconditionn\u00e9 de T\u00fcV Nord et Techniek Netherland pour nos iPhone, iPad et MacBook renouvel\u00e9s et la certification RecQ de RCube et Dekra pour toutes les cat\u00e9gories de nos produits. <\/strong><strong>Dans le cadre de notre engagement pour un d\u00e9veloppement durable, nous avons re\u00e7u la note de bronze EcoVadis, qui souligne notre volont\u00e9 en faveur de pratiques respectueuses de l\u2019environnement. Renewd\u00ae n&rsquo;est pas seulement une question d&rsquo;appareils, mais aussi d&rsquo;impact positif sur l&rsquo;environnement.<\/strong><\/p>\n<p>&nbsp;<\/p>\n<h4><img loading=\"lazy\" decoding=\"async\" class=\"alignnone wp-image-35145 size-full\" src=\"https:\/\/www.renewd.com\/wp-content\/uploads\/2023\/08\/Banner_4.png\" alt=\"\" width=\"1800\" height=\"600\" srcset=\"https:\/\/www.renewd.com\/wp-content\/uploads\/2023\/08\/Banner_4.png 1800w, https:\/\/www.renewd.com\/wp-content\/uploads\/2023\/08\/Banner_4-300x100.png 300w, https:\/\/www.renewd.com\/wp-content\/uploads\/2023\/08\/Banner_4-1024x341.png 1024w, https:\/\/www.renewd.com\/wp-content\/uploads\/2023\/08\/Banner_4-150x50.png 150w, https:\/\/www.renewd.com\/wp-content\/uploads\/2023\/08\/Banner_4-768x256.png 768w, https:\/\/www.renewd.com\/wp-content\/uploads\/2023\/08\/Banner_4-1536x512.png 1536w\" sizes=\"auto, (max-width: 1800px) 100vw, 1800px\" \/><\/h4>\n<h4>Le contr\u00f4le de qualit\u00e9 exig\u00e9 pour la certification<\/h4>\n<p>Nos appareils sont soumis au contr\u00f4le de qualit\u00e9 le plus strict du march\u00e9 et sont test\u00e9s par des experts certifi\u00e9s \u00e0 l\u2019aide du logiciel officiel du fabricant. Le logiciel v\u00e9rifie les appareils sur plus de 80 caract\u00e9ristiques essentielles afin de garantir une utilisation et une qualit\u00e9 optimales. Pour recevoir le certificat de remise \u00e0 neuf, les appareils doivent \u00eatre test\u00e9s sur au moins 50 points critiques (mat\u00e9riel et logiciel). Le nombre minimum de 50 points critiques requis pour le certificat est facilement atteint par notre contr\u00f4le de qualit\u00e9.<\/p>\n<p>Un bon service de garantie est une autre exigence pour ces certificats. La<strong> garantie incluse<\/strong> s\u2019\u00e9tend \u00e0 l\u2019appareil, \u00e0 la batterie et aux accessoires de l\u2019appareil. Ce type de garantie ne s&rsquo;applique m\u00eame pas aux nouveaux appareils. Avec <strong>notre service gratuit de collecte et retour<\/strong>, nous faisons passer une excellente garantie \u00e0 un niveau sup\u00e9rieur.<\/p>\n<p>Pour obtenir ces certifications, les entreprises doivent passer des tests rigoureux et r\u00e9pondre \u00e0 des exigences financi\u00e8res strictes. <a href=\"https:\/\/www.tuv.nl\/nl\/home\/\">T\u00fcV Nederland, <\/a><a href=\"https:\/\/ecovadis.com\">EcoVadis <\/a>et <a href=\"https:\/\/www.dekra.fr\">DEKRA,<\/a> instituts de certification ind\u00e9pendants, r\u00e9alisent des audits techniques et garantissent des niveaux de qualit\u00e9 \u00e9lev\u00e9s. Notre engagement \u00e0 fournir des appareils de premi\u00e8re qualit\u00e9 est soutenu par ces certifications estim\u00e9es.<\/p>\n<p style=\"text-align: center;\"><img loading=\"lazy\" decoding=\"async\" class=\"aligncenter wp-image-7809 size-full\" src=\"https:\/\/www.renewd.com\/wp-content\/uploads\/2019\/04\/Keurmerk_Varianten-1.png\" alt=\"\" width=\"1800\" height=\"300\" srcset=\"https:\/\/www.renewd.com\/wp-content\/uploads\/2019\/04\/Keurmerk_Varianten-1.png 1800w, https:\/\/www.renewd.com\/wp-content\/uploads\/2019\/04\/Keurmerk_Varianten-1-150x25.png 150w, https:\/\/www.renewd.com\/wp-content\/uploads\/2019\/04\/Keurmerk_Varianten-1-300x50.png 300w, https:\/\/www.renewd.com\/wp-content\/uploads\/2019\/04\/Keurmerk_Varianten-1-768x128.png 768w, https:\/\/www.renewd.com\/wp-content\/uploads\/2019\/04\/Keurmerk_Varianten-1-1024x171.png 1024w, https:\/\/www.renewd.com\/wp-content\/uploads\/2019\/04\/Keurmerk_Varianten-1-600x100.png 600w\" sizes=\"auto, (max-width: 1800px) 100vw, 1800px\" \/><em><br \/>\nVariations officielles du logo pour les appareils r\u00e9nov\u00e9s certifi\u00e9s de qualit\u00e9<\/em><\/p>\n<p style=\"text-align: center;\"><em><br \/>\n<img loading=\"lazy\" decoding=\"async\" class=\"alignnone wp-image-33205 size-full\" src=\"https:\/\/www.renewd.com\/wp-content\/uploads\/2023\/07\/Labels.png\" alt=\"\" width=\"1800\" height=\"300\" srcset=\"https:\/\/www.renewd.com\/wp-content\/uploads\/2023\/07\/Labels.png 1800w, https:\/\/www.renewd.com\/wp-content\/uploads\/2023\/07\/Labels-300x50.png 300w, https:\/\/www.renewd.com\/wp-content\/uploads\/2023\/07\/Labels-1024x171.png 1024w, https:\/\/www.renewd.com\/wp-content\/uploads\/2023\/07\/Labels-150x25.png 150w, https:\/\/www.renewd.com\/wp-content\/uploads\/2023\/07\/Labels-768x128.png 768w, https:\/\/www.renewd.com\/wp-content\/uploads\/2023\/07\/Labels-1536x256.png 1536w\" sizes=\"auto, (max-width: 1800px) 100vw, 1800px\" \/><br \/>\nVariantes du logo officiel pour le label de qualit\u00e9 RecQ<br \/>\n<\/em><\/p>\n<p><img loading=\"lazy\" decoding=\"async\" class=\"Badge aligncenter wp-image-41633\" title=\"\u00c9valuation du d\u00e9veloppement durable d\u2019EcoVadis\" src=\"https:\/\/www.renewd.com\/wp-content\/uploads\/2023\/12\/EcoVadis-medaille-2023-300x300-1.png\" alt=\"Cote de durabilit\u00e9 EcoVadis Bronze\" width=\"200\" height=\"200\" srcset=\"https:\/\/www.renewd.com\/wp-content\/uploads\/2023\/12\/EcoVadis-medaille-2023-300x300-1.png 300w, https:\/\/www.renewd.com\/wp-content\/uploads\/2023\/12\/EcoVadis-medaille-2023-300x300-1-150x150.png 150w, https:\/\/www.renewd.com\/wp-content\/uploads\/2023\/12\/EcoVadis-medaille-2023-300x300-1-100x100.png 100w, https:\/\/www.renewd.com\/wp-content\/uploads\/2023\/12\/EcoVadis-medaille-2023-300x300-1-140x140.png 140w\" sizes=\"auto, (max-width: 200px) 100vw, 200px\" \/><\/p>\n<p style=\"text-align: center;\"><em>Badge de bronze officiel d\u2019EcoVadis<\/em><\/p>\n[\/vc_column_text][\/vc_column][\/vc_row][vc_row type=\u00a0\u00bbin_container\u00a0\u00bb full_screen_row_position=\u00a0\u00bbmiddle\u00a0\u00bb column_margin=\u00a0\u00bbdefault\u00a0\u00bb column_direction=\u00a0\u00bbdefault\u00a0\u00bb column_direction_tablet=\u00a0\u00bbdefault\u00a0\u00bb column_direction_phone=\u00a0\u00bbdefault\u00a0\u00bb scene_position=\u00a0\u00bbcenter\u00a0\u00bb text_color=\u00a0\u00bbdark\u00a0\u00bb text_align=\u00a0\u00bbcenter\u00a0\u00bb row_border_radius=\u00a0\u00bbnone\u00a0\u00bb row_border_radius_applies=\u00a0\u00bbbg\u00a0\u00bb overflow=\u00a0\u00bbvisible\u00a0\u00bb overlay_strength=\u00a0\u00bb0.3&Prime; gradient_direction=\u00a0\u00bbleft_to_right\u00a0\u00bb shape_divider_position=\u00a0\u00bbbottom\u00a0\u00bb bg_image_animation=\u00a0\u00bbnone\u00a0\u00bb shape_type=\u00a0\u00bb\u00a0\u00bb][vc_column column_padding=\u00a0\u00bbno-extra-padding\u00a0\u00bb column_padding_tablet=\u00a0\u00bbinherit\u00a0\u00bb column_padding_phone=\u00a0\u00bbinherit\u00a0\u00bb column_padding_position=\u00a0\u00bball\u00a0\u00bb column_element_direction_desktop=\u00a0\u00bbdefault\u00a0\u00bb column_element_spacing=\u00a0\u00bbdefault\u00a0\u00bb desktop_text_alignment=\u00a0\u00bbdefault\u00a0\u00bb tablet_text_alignment=\u00a0\u00bbdefault\u00a0\u00bb phone_text_alignment=\u00a0\u00bbdefault\u00a0\u00bb background_color_opacity=\u00a0\u00bb1&Prime; background_hover_color_opacity=\u00a0\u00bb1&Prime; column_backdrop_filter=\u00a0\u00bbnone\u00a0\u00bb column_shadow=\u00a0\u00bbnone\u00a0\u00bb column_border_radius=\u00a0\u00bbnone\u00a0\u00bb column_link_target=\u00a0\u00bb_self\u00a0\u00bb column_position=\u00a0\u00bbdefault\u00a0\u00bb gradient_direction=\u00a0\u00bbleft_to_right\u00a0\u00bb overlay_strength=\u00a0\u00bb0.3&Prime; width=\u00a0\u00bb1\/1&Prime; tablet_width_inherit=\u00a0\u00bbdefault\u00a0\u00bb animation_type=\u00a0\u00bbdefault\u00a0\u00bb bg_image_animation=\u00a0\u00bbnone\u00a0\u00bb border_type=\u00a0\u00bbsimple\u00a0\u00bb column_border_width=\u00a0\u00bbnone\u00a0\u00bb column_border_style=\u00a0\u00bbsolid\u00a0\u00bb][vc_column_text]\n<h4>Durabilit\u00e9<\/h4>\n<p>En donnant une seconde vie aux appareils \u00e9lectroniques, nous \u00e9conomisons beaucoup d&rsquo;eau et de ressources pr\u00e9cieuses et emp\u00eachons les \u00e9missions de CO2 de se r\u00e9pandre dans l&rsquo;atmosph\u00e8re. Nos appareils usag\u00e9s sont de grande qualit\u00e9 et n&rsquo;ont plus rien \u00e0 voir avec les d\u00e9chets. Avec ces certifications, nous voulons convaincre nos clients (potentiels) de choisir les produits Renewd\u00ae, les appareils \u00e9cologiques les plus fiables du march\u00e9.<\/p>\n<p><img loading=\"lazy\" decoding=\"async\" class=\"alignnone wp-image-41660 size-full\" src=\"https:\/\/www.renewd.com\/wp-content\/uploads\/2023\/12\/Banner_Keurmerk_v03-1.png\" alt=\"\" width=\"1536\" height=\"768\" srcset=\"https:\/\/www.renewd.com\/wp-content\/uploads\/2023\/12\/Banner_Keurmerk_v03-1.png 1536w, https:\/\/www.renewd.com\/wp-content\/uploads\/2023\/12\/Banner_Keurmerk_v03-1-300x150.png 300w, https:\/\/www.renewd.com\/wp-content\/uploads\/2023\/12\/Banner_Keurmerk_v03-1-1024x512.png 1024w, https:\/\/www.renewd.com\/wp-content\/uploads\/2023\/12\/Banner_Keurmerk_v03-1-150x75.png 150w, https:\/\/www.renewd.com\/wp-content\/uploads\/2023\/12\/Banner_Keurmerk_v03-1-768x384.png 768w, https:\/\/www.renewd.com\/wp-content\/uploads\/2023\/12\/Banner_Keurmerk_v03-1-1000x500.png 1000w, https:\/\/www.renewd.com\/wp-content\/uploads\/2023\/12\/Banner_Keurmerk_v03-1-670x335.png 670w\" sizes=\"auto, (max-width: 1536px) 100vw, 1536px\" \/>[\/vc_column_text][\/vc_column][\/vc_row]\n","protected":false},"excerpt":{"rendered":"<p>[vc_row type=\u00a0\u00bbin_container\u00a0\u00bb full_screen_row_position=\u00a0\u00bbmiddle\u00a0\u00bb column_margin=\u00a0\u00bbdefault\u00a0\u00bb column_direction=\u00a0\u00bbdefault\u00a0\u00bb column_direction_tablet=\u00a0\u00bbdefault\u00a0\u00bb column_direction_phone=\u00a0\u00bbdefault\u00a0\u00bb scene_position=\u00a0\u00bbcenter\u00a0\u00bb text_color=\u00a0\u00bbdark\u00a0\u00bb text_align=\u00a0\u00bbleft\u00a0\u00bb row_border_radius=\u00a0\u00bbnone\u00a0\u00bb row_border_radius_applies=\u00a0\u00bbbg\u00a0\u00bb overflow=\u00a0\u00bbvisible\u00a0\u00bb overlay_strength=\u00a0\u00bb0.3&Prime; gradient_direction=\u00a0\u00bbleft_to_right\u00a0\u00bb shape_divider_position=\u00a0\u00bbbottom\u00a0\u00bb bg_image_animation=\u00a0\u00bbnone\u00a0\u00bb shape_type=\u00a0\u00bb\u00a0\u00bb][vc_column column_padding=\u00a0\u00bbno-extra-padding\u00a0\u00bb column_padding_tablet=\u00a0\u00bbinherit\u00a0\u00bb column_padding_phone=\u00a0\u00bbinherit\u00a0\u00bb column_padding_position=\u00a0\u00bball\u00a0\u00bb column_element_direction_desktop=\u00a0\u00bbdefault\u00a0\u00bb column_element_spacing=\u00a0\u00bbdefault\u00a0\u00bb centered_text=\u00a0\u00bbtrue\u00a0\u00bb desktop_text_alignment=\u00a0\u00bbdefault\u00a0\u00bb tablet_text_alignment=\u00a0\u00bbdefault\u00a0\u00bb phone_text_alignment=\u00a0\u00bbdefault\u00a0\u00bb background_color_opacity=\u00a0\u00bb1&Prime; background_hover_color_opacity=\u00a0\u00bb1&Prime;&#8230;<\/p>\n","protected":false},"author":8,"featured_media":0,"parent":10614,"menu_order":2,"comment_status":"closed","ping_status":"closed","template":"","meta":{"footnotes":""},"class_list":["post-33424","page","type-page","status-publish"],"yoast_head":"<!-- This site is optimized with the Yoast SEO plugin v27.3 - https:\/\/yoast.com\/product\/yoast-seo-wordpress\/ -->\n<title>Certificat remis \u00e0 neuf - Renewd\u00ae<\/title>\n<meta name=\"description\" content=\"C&#039;est officiel: Le certificat pour les iPhones r\u00e9nov\u00e9s est en direct. Nous sommes fiers d&#039;annoncer que Renewd est l&#039;une des rares entreprises \u00e0 avoir re\u00e7u le certificat.\" \/>\n<meta name=\"robots\" content=\"index, follow, max-snippet:-1, max-image-preview:large, max-video-preview:-1\" \/>\n<link rel=\"canonical\" href=\"https:\/\/www.renewd.com\/terms-and-conditions\/refurbished-certificate\" \/>\n<meta property=\"og:locale\" content=\"fr_FR\" \/>\n<meta property=\"og:type\" content=\"article\" \/>\n<meta property=\"og:title\" content=\"Certificat remis \u00e0 neuf - Renewd\u00ae\" \/>\n<meta property=\"og:description\" content=\"C&#039;est officiel: Le certificat pour les iPhones r\u00e9nov\u00e9s est en direct. Nous sommes fiers d&#039;annoncer que Renewd est l&#039;une des rares entreprises \u00e0 avoir re\u00e7u le certificat.\" \/>\n<meta property=\"og:url\" content=\"https:\/\/www.renewd.com\/terms-and-conditions\/refurbished-certificate\" \/>\n<meta property=\"og:site_name\" content=\"Renewd\u00ae\" \/>\n<meta property=\"article:modified_time\" content=\"2024-05-24T13:52:38+00:00\" \/>\n<meta property=\"og:image\" content=\"https:\/\/www.renewd.com\/wp-content\/uploads\/2023\/08\/Banner_4.png\" \/>\n<meta name=\"twitter:card\" content=\"summary_large_image\" \/>\n<meta name=\"twitter:label1\" content=\"Dur\u00e9e de lecture estim\u00e9e\" \/>\n\t<meta name=\"twitter:data1\" content=\"4 minutes\" \/>\n<script type=\"application\/ld+json\" class=\"yoast-schema-graph\">{\"@context\":\"https:\\\/\\\/schema.org\",\"@graph\":[{\"@type\":\"WebPage\",\"@id\":\"https:\\\/\\\/www.renewd.com\\\/terms-and-conditions\\\/refurbished-certificate\",\"url\":\"https:\\\/\\\/www.renewd.com\\\/terms-and-conditions\\\/refurbished-certificate\",\"name\":\"Certificat remis \u00e0 neuf - Renewd\u00ae\",\"isPartOf\":{\"@id\":\"https:\\\/\\\/www.renewd.com\\\/#website\"},\"primaryImageOfPage\":{\"@id\":\"https:\\\/\\\/www.renewd.com\\\/terms-and-conditions\\\/refurbished-certificate#primaryimage\"},\"image\":{\"@id\":\"https:\\\/\\\/www.renewd.com\\\/terms-and-conditions\\\/refurbished-certificate#primaryimage\"},\"thumbnailUrl\":\"https:\\\/\\\/www.renewd.com\\\/wp-content\\\/uploads\\\/2023\\\/08\\\/Banner_4.png\",\"datePublished\":\"2023-07-12T10:00:35+00:00\",\"dateModified\":\"2024-05-24T13:52:38+00:00\",\"description\":\"C'est officiel: Le certificat pour les iPhones r\u00e9nov\u00e9s est en direct. Nous sommes fiers d'annoncer que Renewd est l'une des rares entreprises \u00e0 avoir re\u00e7u le certificat.\",\"breadcrumb\":{\"@id\":\"https:\\\/\\\/www.renewd.com\\\/terms-and-conditions\\\/refurbished-certificate#breadcrumb\"},\"inLanguage\":\"fr-FR\",\"potentialAction\":[{\"@type\":\"ReadAction\",\"target\":[\"https:\\\/\\\/www.renewd.com\\\/terms-and-conditions\\\/refurbished-certificate\"]}]},{\"@type\":\"ImageObject\",\"inLanguage\":\"fr-FR\",\"@id\":\"https:\\\/\\\/www.renewd.com\\\/terms-and-conditions\\\/refurbished-certificate#primaryimage\",\"url\":\"https:\\\/\\\/www.renewd.com\\\/wp-content\\\/uploads\\\/2023\\\/08\\\/Banner_4.png\",\"contentUrl\":\"https:\\\/\\\/www.renewd.com\\\/wp-content\\\/uploads\\\/2023\\\/08\\\/Banner_4.png\"},{\"@type\":\"BreadcrumbList\",\"@id\":\"https:\\\/\\\/www.renewd.com\\\/terms-and-conditions\\\/refurbished-certificate#breadcrumb\",\"itemListElement\":[{\"@type\":\"ListItem\",\"position\":1,\"name\":\"Home\",\"item\":\"https:\\\/\\\/www.renewd.com\\\/fr\"},{\"@type\":\"ListItem\",\"position\":2,\"name\":\"Terms and Conditions\",\"item\":\"https:\\\/\\\/www.renewd.com\\\/terms-and-conditions\"},{\"@type\":\"ListItem\",\"position\":3,\"name\":\"Certificat remis \u00e0 neuf\"}]},{\"@type\":\"WebSite\",\"@id\":\"https:\\\/\\\/www.renewd.com\\\/#website\",\"url\":\"https:\\\/\\\/www.renewd.com\\\/\",\"name\":\"Renewd\",\"description\":\"Premium Pre-Owned Electronics\",\"publisher\":{\"@id\":\"https:\\\/\\\/www.renewd.com\\\/#organization\"},\"potentialAction\":[{\"@type\":\"SearchAction\",\"target\":{\"@type\":\"EntryPoint\",\"urlTemplate\":\"https:\\\/\\\/www.renewd.com\\\/?s={search_term_string}\"},\"query-input\":{\"@type\":\"PropertyValueSpecification\",\"valueRequired\":true,\"valueName\":\"search_term_string\"}}],\"inLanguage\":\"fr-FR\"},{\"@type\":\"Organization\",\"@id\":\"https:\\\/\\\/www.renewd.com\\\/#organization\",\"name\":\"Renewd\",\"url\":\"https:\\\/\\\/www.renewd.com\\\/\",\"logo\":{\"@type\":\"ImageObject\",\"inLanguage\":\"fr-FR\",\"@id\":\"https:\\\/\\\/www.renewd.com\\\/#\\\/schema\\\/logo\\\/image\\\/\",\"url\":\"https:\\\/\\\/www.renewd.com\\\/wp-content\\\/uploads\\\/2017\\\/09\\\/logo_donker.png\",\"contentUrl\":\"https:\\\/\\\/www.renewd.com\\\/wp-content\\\/uploads\\\/2017\\\/09\\\/logo_donker.png\",\"width\":250,\"height\":53,\"caption\":\"Renewd\"},\"image\":{\"@id\":\"https:\\\/\\\/www.renewd.com\\\/#\\\/schema\\\/logo\\\/image\\\/\"},\"sameAs\":[\"https:\\\/\\\/www.linkedin.com\\\/company\\\/renewd\\\/\"]}]}<\/script>\n<!-- \/ Yoast SEO plugin. -->","yoast_head_json":{"title":"Certificat remis \u00e0 neuf - Renewd\u00ae","description":"C'est officiel: Le certificat pour les iPhones r\u00e9nov\u00e9s est en direct. Nous sommes fiers d'annoncer que Renewd est l'une des rares entreprises \u00e0 avoir re\u00e7u le certificat.","robots":{"index":"index","follow":"follow","max-snippet":"max-snippet:-1","max-image-preview":"max-image-preview:large","max-video-preview":"max-video-preview:-1"},"canonical":"https:\/\/www.renewd.com\/terms-and-conditions\/refurbished-certificate","og_locale":"fr_FR","og_type":"article","og_title":"Certificat remis \u00e0 neuf - Renewd\u00ae","og_description":"C'est officiel: Le certificat pour les iPhones r\u00e9nov\u00e9s est en direct. Nous sommes fiers d'annoncer que Renewd est l'une des rares entreprises \u00e0 avoir re\u00e7u le certificat.","og_url":"https:\/\/www.renewd.com\/terms-and-conditions\/refurbished-certificate","og_site_name":"Renewd\u00ae","article_modified_time":"2024-05-24T13:52:38+00:00","og_image":[{"url":"https:\/\/www.renewd.com\/wp-content\/uploads\/2023\/08\/Banner_4.png","type":"","width":"","height":""}],"twitter_card":"summary_large_image","twitter_misc":{"Dur\u00e9e de lecture estim\u00e9e":"4 minutes"},"schema":{"@context":"https:\/\/schema.org","@graph":[{"@type":"WebPage","@id":"https:\/\/www.renewd.com\/terms-and-conditions\/refurbished-certificate","url":"https:\/\/www.renewd.com\/terms-and-conditions\/refurbished-certificate","name":"Certificat remis \u00e0 neuf - Renewd\u00ae","isPartOf":{"@id":"https:\/\/www.renewd.com\/#website"},"primaryImageOfPage":{"@id":"https:\/\/www.renewd.com\/terms-and-conditions\/refurbished-certificate#primaryimage"},"image":{"@id":"https:\/\/www.renewd.com\/terms-and-conditions\/refurbished-certificate#primaryimage"},"thumbnailUrl":"https:\/\/www.renewd.com\/wp-content\/uploads\/2023\/08\/Banner_4.png","datePublished":"2023-07-12T10:00:35+00:00","dateModified":"2024-05-24T13:52:38+00:00","description":"C'est officiel: Le certificat pour les iPhones r\u00e9nov\u00e9s est en direct. Nous sommes fiers d'annoncer que Renewd est l'une des rares entreprises \u00e0 avoir re\u00e7u le certificat.","breadcrumb":{"@id":"https:\/\/www.renewd.com\/terms-and-conditions\/refurbished-certificate#breadcrumb"},"inLanguage":"fr-FR","potentialAction":[{"@type":"ReadAction","target":["https:\/\/www.renewd.com\/terms-and-conditions\/refurbished-certificate"]}]},{"@type":"ImageObject","inLanguage":"fr-FR","@id":"https:\/\/www.renewd.com\/terms-and-conditions\/refurbished-certificate#primaryimage","url":"https:\/\/www.renewd.com\/wp-content\/uploads\/2023\/08\/Banner_4.png","contentUrl":"https:\/\/www.renewd.com\/wp-content\/uploads\/2023\/08\/Banner_4.png"},{"@type":"BreadcrumbList","@id":"https:\/\/www.renewd.com\/terms-and-conditions\/refurbished-certificate#breadcrumb","itemListElement":[{"@type":"ListItem","position":1,"name":"Home","item":"https:\/\/www.renewd.com\/fr"},{"@type":"ListItem","position":2,"name":"Terms and Conditions","item":"https:\/\/www.renewd.com\/terms-and-conditions"},{"@type":"ListItem","position":3,"name":"Certificat remis \u00e0 neuf"}]},{"@type":"WebSite","@id":"https:\/\/www.renewd.com\/#website","url":"https:\/\/www.renewd.com\/","name":"Renewd","description":"Premium Pre-Owned Electronics","publisher":{"@id":"https:\/\/www.renewd.com\/#organization"},"potentialAction":[{"@type":"SearchAction","target":{"@type":"EntryPoint","urlTemplate":"https:\/\/www.renewd.com\/?s={search_term_string}"},"query-input":{"@type":"PropertyValueSpecification","valueRequired":true,"valueName":"search_term_string"}}],"inLanguage":"fr-FR"},{"@type":"Organization","@id":"https:\/\/www.renewd.com\/#organization","name":"Renewd","url":"https:\/\/www.renewd.com\/","logo":{"@type":"ImageObject","inLanguage":"fr-FR","@id":"https:\/\/www.renewd.com\/#\/schema\/logo\/image\/","url":"https:\/\/www.renewd.com\/wp-content\/uploads\/2017\/09\/logo_donker.png","contentUrl":"https:\/\/www.renewd.com\/wp-content\/uploads\/2017\/09\/logo_donker.png","width":250,"height":53,"caption":"Renewd"},"image":{"@id":"https:\/\/www.renewd.com\/#\/schema\/logo\/image\/"},"sameAs":["https:\/\/www.linkedin.com\/company\/renewd\/"]}]}},"_links":{"self":[{"href":"https:\/\/www.renewd.com\/fr\/wp-json\/wp\/v2\/pages\/33424","targetHints":{"allow":["GET"]}}],"collection":[{"href":"https:\/\/www.renewd.com\/fr\/wp-json\/wp\/v2\/pages"}],"about":[{"href":"https:\/\/www.renewd.com\/fr\/wp-json\/wp\/v2\/types\/page"}],"author":[{"embeddable":true,"href":"https:\/\/www.renewd.com\/fr\/wp-json\/wp\/v2\/users\/8"}],"replies":[{"embeddable":true,"href":"https:\/\/www.renewd.com\/fr\/wp-json\/wp\/v2\/comments?post=33424"}],"version-history":[{"count":0,"href":"https:\/\/www.renewd.com\/fr\/wp-json\/wp\/v2\/pages\/33424\/revisions"}],"up":[{"embeddable":true,"href":"https:\/\/www.renewd.com\/fr\/wp-json\/wp\/v2\/pages\/10614"}],"wp:attachment":[{"href":"https:\/\/www.renewd.com\/fr\/wp-json\/wp\/v2\/media?parent=33424"}],"curies":[{"name":"wp","href":"https:\/\/api.w.org\/{rel}","templated":true}]}}