{"id":34438,"date":"2023-08-03T17:25:20","date_gmt":"2023-08-03T15:25:20","guid":{"rendered":"https:\/\/renewd.com\/certificado-renovado"},"modified":"2024-06-06T15:00:18","modified_gmt":"2024-06-06T13:00:18","slug":"certificado-renovado","status":"publish","type":"page","link":"https:\/\/www.renewd.com\/es\/certificado-renovado","title":{"rendered":"Certificado de Reacondicionado"},"content":{"rendered":"[vc_row type=\u00bbin_container\u00bb full_screen_row_position=\u00bbmiddle\u00bb column_margin=\u00bbdefault\u00bb column_direction=\u00bbdefault\u00bb column_direction_tablet=\u00bbdefault\u00bb column_direction_phone=\u00bbdefault\u00bb scene_position=\u00bbcenter\u00bb text_color=\u00bbdark\u00bb text_align=\u00bbleft\u00bb row_border_radius=\u00bbnone\u00bb row_border_radius_applies=\u00bbbg\u00bb overflow=\u00bbvisible\u00bb overlay_strength=\u00bb0.3&#8243; gradient_direction=\u00bbleft_to_right\u00bb shape_divider_position=\u00bbbottom\u00bb bg_image_animation=\u00bbnone\u00bb shape_type=\u00bb\u00bb][vc_column column_padding=\u00bbno-extra-padding\u00bb column_padding_tablet=\u00bbinherit\u00bb column_padding_phone=\u00bbinherit\u00bb column_padding_position=\u00bball\u00bb column_element_direction_desktop=\u00bbdefault\u00bb column_element_spacing=\u00bbdefault\u00bb centered_text=\u00bbtrue\u00bb desktop_text_alignment=\u00bbdefault\u00bb tablet_text_alignment=\u00bbdefault\u00bb phone_text_alignment=\u00bbdefault\u00bb background_color_opacity=\u00bb1&#8243; background_hover_color_opacity=\u00bb1&#8243; column_backdrop_filter=\u00bbnone\u00bb column_shadow=\u00bbnone\u00bb column_border_radius=\u00bbnone\u00bb column_link_target=\u00bb_self\u00bb column_position=\u00bbdefault\u00bb gradient_direction=\u00bbleft_to_right\u00bb overlay_strength=\u00bb0.3&#8243; width=\u00bb1\/1&#8243; tablet_width_inherit=\u00bbdefault\u00bb animation_type=\u00bbdefault\u00bb bg_image_animation=\u00bbnone\u00bb border_type=\u00bbsimple\u00bb column_border_width=\u00bbnone\u00bb column_border_style=\u00bbsolid\u00bb][vc_column_text css=\u00bb.vc_custom_1555503396777{margin-top: 60px !important;}\u00bb]\n<h3 style=\"text-align: center;\">Dispositivos Reacondicionados con Certificado de Calidad<\/h3>\n[\/vc_column_text][divider line_type=\u00bbSmall Line\u00bb line_alignment=\u00bbdefault\u00bb line_thickness=\u00bb2&#8243; divider_color=\u00bbaccent-color\u00bb animate=\u00bbyes\u00bb custom_height=\u00bb40&#8243; custom_line_width=\u00bb40&#8243;][vc_column_text css=\u00bb.vc_custom_1711707572696{margin-top: 60px !important;}\u00bb text_direction=\u00bbdefault\u00bb]<strong>\u00a1Ya es oficial! Renewd\u00ae ha sido otorgado con tres certificados europeos que avalan la calidad de nuestros dispositivos Second Life y nuestros procesos. <\/strong><strong>Estamos muy orgullosos de presentar la certificaci\u00f3n Refurbished de T\u00fcV Nord y Techniek Netherland para nuestros dispositivos iPhone, iPad y MacBook Renewd\u00ae y la certificaci\u00f3n RecQ de RCube y Dekra para todas las categor\u00edas de nuestros productos. <\/strong><strong>Como parte de nuestro compromiso con la sostenibilidad, hemos recibido la Calificaci\u00f3n de Bronce de EcoVadis, que enfatiza nuestro empe\u00f1o en respetar pr\u00e1cticas respetuosas con el medio ambiente. Renewd\u00ae no se trata solo de dispositivos electr\u00f3nicos, sino tambi\u00e9n de tener un impacto positivo en el medio ambiente.<\/strong><\/p>\n<p>&nbsp;<\/p>\n<h4><img loading=\"lazy\" decoding=\"async\" class=\"alignnone wp-image-35145 size-full\" src=\"https:\/\/www.renewd.com\/wp-content\/uploads\/2023\/08\/Banner_4.png\" alt=\"\" width=\"1800\" height=\"600\" srcset=\"https:\/\/www.renewd.com\/wp-content\/uploads\/2023\/08\/Banner_4.png 1800w, https:\/\/www.renewd.com\/wp-content\/uploads\/2023\/08\/Banner_4-300x100.png 300w, https:\/\/www.renewd.com\/wp-content\/uploads\/2023\/08\/Banner_4-1024x341.png 1024w, https:\/\/www.renewd.com\/wp-content\/uploads\/2023\/08\/Banner_4-150x50.png 150w, https:\/\/www.renewd.com\/wp-content\/uploads\/2023\/08\/Banner_4-768x256.png 768w, https:\/\/www.renewd.com\/wp-content\/uploads\/2023\/08\/Banner_4-1536x512.png 1536w\" sizes=\"auto, (max-width: 1800px) 100vw, 1800px\" \/><\/h4>\n<h4>Control de calidad requerido por la certificaci\u00f3n<\/h4>\n<p>Nuestros dispositivos est\u00e1n sujetos al control de calidad m\u00e1s estricto del mercado y son probados por expertos certificados utilizando el software oficial del fabricante. El software verifica los dispositivos en busca de m\u00e1s de 80 caracter\u00edsticas cr\u00edticas para garantizar un uso y una calidad \u00f3ptimos. Para recibir el Certificado de Reacondicionado, los dispositivos deben ser probados en al menos 50 puntos cr\u00edticos (hardware y software). El n\u00famero m\u00ednimo de 50 puntos cr\u00edticos requerido para el certificado se cumple f\u00e1cilmente con nuestro control de calidad.<\/p>\n<p>Un buen servicio de garant\u00eda es otro de los requisitos de estos certificados. La<strong> garant\u00eda incluida<\/strong> se extiende al dispositivo, la bater\u00eda y los accesorios dentro del dispositivo. Este tipo de garant\u00eda ni siquiera se aplica a los aparatos nuevos. Con nuestro servicio <strong>gratuito de recogida<\/strong> y devoluci\u00f3n, llevamos una gran garant\u00eda al siguiente nivel.<\/p>\n<p>Para obtener estas certificaciones, las empresas deben pasar rigurosas pruebas y cumplir con estrictos requisitos financieros. <a href=\"https:\/\/www.tuv.nl\/nl\/home\/\">T\u00fcV Nederland, <\/a><a href=\"https:\/\/ecovadis.com\">EcoVadis <\/a>y <a href=\"https:\/\/www.dekra.fr\">DEKRA<\/a>, institutos de certificaci\u00f3n independientes, realizan auditor\u00edas t\u00e9cnicas y garantizan altos niveles de calidad. Nuestro compromiso de ofrecer dispositivos de primera calidad est\u00e1 respaldado por estas prestigiosas certificaciones.<\/p>\n<p style=\"text-align: center;\"><img loading=\"lazy\" decoding=\"async\" class=\"aligncenter wp-image-7809 size-full\" src=\"https:\/\/www.renewd.com\/wp-content\/uploads\/2019\/04\/Keurmerk_Varianten-1.png\" alt=\"\" width=\"1800\" height=\"300\" srcset=\"https:\/\/www.renewd.com\/wp-content\/uploads\/2019\/04\/Keurmerk_Varianten-1.png 1800w, https:\/\/www.renewd.com\/wp-content\/uploads\/2019\/04\/Keurmerk_Varianten-1-150x25.png 150w, https:\/\/www.renewd.com\/wp-content\/uploads\/2019\/04\/Keurmerk_Varianten-1-300x50.png 300w, https:\/\/www.renewd.com\/wp-content\/uploads\/2019\/04\/Keurmerk_Varianten-1-768x128.png 768w, https:\/\/www.renewd.com\/wp-content\/uploads\/2019\/04\/Keurmerk_Varianten-1-1024x171.png 1024w, https:\/\/www.renewd.com\/wp-content\/uploads\/2019\/04\/Keurmerk_Varianten-1-600x100.png 600w\" sizes=\"auto, (max-width: 1800px) 100vw, 1800px\" \/><em><br \/>\nVariaciones del logotipo oficial de los dispositivos reacondicionados con certificado de calidad<\/em><\/p>\n<p style=\"text-align: center;\"><em><br \/>\n<img loading=\"lazy\" decoding=\"async\" class=\"alignnone wp-image-33205 size-full\" src=\"https:\/\/www.renewd.com\/wp-content\/uploads\/2023\/07\/Labels.png\" alt=\"\" width=\"1800\" height=\"300\" srcset=\"https:\/\/www.renewd.com\/wp-content\/uploads\/2023\/07\/Labels.png 1800w, https:\/\/www.renewd.com\/wp-content\/uploads\/2023\/07\/Labels-300x50.png 300w, https:\/\/www.renewd.com\/wp-content\/uploads\/2023\/07\/Labels-1024x171.png 1024w, https:\/\/www.renewd.com\/wp-content\/uploads\/2023\/07\/Labels-150x25.png 150w, https:\/\/www.renewd.com\/wp-content\/uploads\/2023\/07\/Labels-768x128.png 768w, https:\/\/www.renewd.com\/wp-content\/uploads\/2023\/07\/Labels-1536x256.png 1536w\" sizes=\"auto, (max-width: 1800px) 100vw, 1800px\" \/><br \/>\nVariaciones del logotipo oficial para el Sello de Calidad RecQ<br \/>\n<\/em><\/p>\n<p><img loading=\"lazy\" decoding=\"async\" class=\"Badge aligncenter wp-image-41633\" title=\"Calificaci\u00f3n de sostenibilidad de EcoVadis\" src=\"https:\/\/www.renewd.com\/wp-content\/uploads\/2023\/12\/EcoVadis-medaille-2023-300x300-1.png\" alt=\"Calificaci\u00f3n de Sostenibilidad de EcoVadis de Bronce\" width=\"200\" height=\"200\" srcset=\"https:\/\/www.renewd.com\/wp-content\/uploads\/2023\/12\/EcoVadis-medaille-2023-300x300-1.png 300w, https:\/\/www.renewd.com\/wp-content\/uploads\/2023\/12\/EcoVadis-medaille-2023-300x300-1-150x150.png 150w, https:\/\/www.renewd.com\/wp-content\/uploads\/2023\/12\/EcoVadis-medaille-2023-300x300-1-100x100.png 100w, https:\/\/www.renewd.com\/wp-content\/uploads\/2023\/12\/EcoVadis-medaille-2023-300x300-1-140x140.png 140w\" sizes=\"auto, (max-width: 200px) 100vw, 200px\" \/><\/p>\n<p style=\"text-align: center;\"><em>Insignia oficial de bronce de EcoVadis<\/em><\/p>\n[\/vc_column_text][\/vc_column][\/vc_row][vc_row type=\u00bbin_container\u00bb full_screen_row_position=\u00bbmiddle\u00bb column_margin=\u00bbdefault\u00bb column_direction=\u00bbdefault\u00bb column_direction_tablet=\u00bbdefault\u00bb column_direction_phone=\u00bbdefault\u00bb scene_position=\u00bbcenter\u00bb text_color=\u00bbdark\u00bb text_align=\u00bbcenter\u00bb row_border_radius=\u00bbnone\u00bb row_border_radius_applies=\u00bbbg\u00bb overflow=\u00bbvisible\u00bb overlay_strength=\u00bb0.3&#8243; gradient_direction=\u00bbleft_to_right\u00bb shape_divider_position=\u00bbbottom\u00bb bg_image_animation=\u00bbnone\u00bb shape_type=\u00bb\u00bb][vc_column column_padding=\u00bbno-extra-padding\u00bb column_padding_tablet=\u00bbinherit\u00bb column_padding_phone=\u00bbinherit\u00bb column_padding_position=\u00bball\u00bb column_element_direction_desktop=\u00bbdefault\u00bb column_element_spacing=\u00bbdefault\u00bb desktop_text_alignment=\u00bbdefault\u00bb tablet_text_alignment=\u00bbdefault\u00bb phone_text_alignment=\u00bbdefault\u00bb background_color_opacity=\u00bb1&#8243; background_hover_color_opacity=\u00bb1&#8243; column_backdrop_filter=\u00bbnone\u00bb column_shadow=\u00bbnone\u00bb column_border_radius=\u00bbnone\u00bb column_link_target=\u00bb_self\u00bb column_position=\u00bbdefault\u00bb gradient_direction=\u00bbleft_to_right\u00bb overlay_strength=\u00bb0.3&#8243; width=\u00bb1\/1&#8243; tablet_width_inherit=\u00bbdefault\u00bb animation_type=\u00bbdefault\u00bb bg_image_animation=\u00bbnone\u00bb border_type=\u00bbsimple\u00bb column_border_width=\u00bbnone\u00bb column_border_style=\u00bbsolid\u00bb][vc_column_text]\n<h4>La sostenibilidad<\/h4>\n<p>Al dar una segunda vida a los aparatos electr\u00f3nicos, ahorramos mucha agua y recursos valiosos y evitamos que se liberen emisiones de CO2 a la atm\u00f3sfera. Nuestros aparatos usados son de alta calidad y est\u00e1n a a\u00f1os de convertirse en residuos. Con estas certificaciones, queremos convencer a nuestros clientes (potenciales) de que elijan los productos Renewd\u00ae, los dispositivos ecol\u00f3gicos m\u00e1s fiables del mercado.<\/p>\n<p><img loading=\"lazy\" decoding=\"async\" class=\"alignnone wp-image-41660 size-full\" src=\"https:\/\/www.renewd.com\/wp-content\/uploads\/2023\/12\/Banner_Keurmerk_v03-1.png\" alt=\"\" width=\"1536\" height=\"768\" srcset=\"https:\/\/www.renewd.com\/wp-content\/uploads\/2023\/12\/Banner_Keurmerk_v03-1.png 1536w, https:\/\/www.renewd.com\/wp-content\/uploads\/2023\/12\/Banner_Keurmerk_v03-1-300x150.png 300w, https:\/\/www.renewd.com\/wp-content\/uploads\/2023\/12\/Banner_Keurmerk_v03-1-1024x512.png 1024w, https:\/\/www.renewd.com\/wp-content\/uploads\/2023\/12\/Banner_Keurmerk_v03-1-150x75.png 150w, https:\/\/www.renewd.com\/wp-content\/uploads\/2023\/12\/Banner_Keurmerk_v03-1-768x384.png 768w, https:\/\/www.renewd.com\/wp-content\/uploads\/2023\/12\/Banner_Keurmerk_v03-1-1000x500.png 1000w, https:\/\/www.renewd.com\/wp-content\/uploads\/2023\/12\/Banner_Keurmerk_v03-1-670x335.png 670w\" sizes=\"auto, (max-width: 1536px) 100vw, 1536px\" \/>[\/vc_column_text][\/vc_column][\/vc_row]\n","protected":false},"excerpt":{"rendered":"<p>[vc_row type=\u00bbin_container\u00bb full_screen_row_position=\u00bbmiddle\u00bb column_margin=\u00bbdefault\u00bb column_direction=\u00bbdefault\u00bb column_direction_tablet=\u00bbdefault\u00bb column_direction_phone=\u00bbdefault\u00bb scene_position=\u00bbcenter\u00bb text_color=\u00bbdark\u00bb text_align=\u00bbleft\u00bb row_border_radius=\u00bbnone\u00bb row_border_radius_applies=\u00bbbg\u00bb overflow=\u00bbvisible\u00bb overlay_strength=\u00bb0.3&#8243; gradient_direction=\u00bbleft_to_right\u00bb shape_divider_position=\u00bbbottom\u00bb bg_image_animation=\u00bbnone\u00bb shape_type=\u00bb\u00bb][vc_column column_padding=\u00bbno-extra-padding\u00bb column_padding_tablet=\u00bbinherit\u00bb column_padding_phone=\u00bbinherit\u00bb column_padding_position=\u00bball\u00bb column_element_direction_desktop=\u00bbdefault\u00bb column_element_spacing=\u00bbdefault\u00bb centered_text=\u00bbtrue\u00bb desktop_text_alignment=\u00bbdefault\u00bb tablet_text_alignment=\u00bbdefault\u00bb phone_text_alignment=\u00bbdefault\u00bb background_color_opacity=\u00bb1&#8243; background_hover_color_opacity=\u00bb1&#8243;&#8230;<\/p>\n","protected":false},"author":8,"featured_media":0,"parent":0,"menu_order":2,"comment_status":"closed","ping_status":"closed","template":"","meta":{"footnotes":""},"class_list":["post-34438","page","type-page","status-publish"],"yoast_head":"<!-- This site is optimized with the Yoast SEO plugin v27.5 - https:\/\/yoast.com\/product\/yoast-seo-wordpress\/ -->\n<title>Certificado de Reacondicionado - Renewd\u00ae<\/title>\n<meta name=\"description\" content=\"Ya es oficial: El Certificado para iPhones reacondicionados ya est\u00e1 disponible. Nos enorgullece anunciar que Renewd es una de las pocas empresas que han recibido el Certificado.\" \/>\n<meta name=\"robots\" content=\"index, follow, max-snippet:-1, max-image-preview:large, max-video-preview:-1\" \/>\n<link rel=\"canonical\" href=\"https:\/\/www.renewd.com\/terms-and-conditions\/refurbished-certificate\" \/>\n<meta property=\"og:locale\" content=\"es_ES\" \/>\n<meta property=\"og:type\" content=\"article\" \/>\n<meta property=\"og:title\" content=\"Certificado de Reacondicionado - Renewd\u00ae\" \/>\n<meta property=\"og:description\" content=\"Ya es oficial: El Certificado para iPhones reacondicionados ya est\u00e1 disponible. Nos enorgullece anunciar que Renewd es una de las pocas empresas que han recibido el Certificado.\" \/>\n<meta property=\"og:url\" content=\"https:\/\/www.renewd.com\/terms-and-conditions\/refurbished-certificate\" \/>\n<meta property=\"og:site_name\" content=\"Renewd\u00ae\" \/>\n<meta property=\"article:modified_time\" content=\"2024-06-06T13:00:18+00:00\" \/>\n<meta property=\"og:image\" content=\"https:\/\/www.renewd.com\/wp-content\/uploads\/2023\/08\/Banner_4.png\" \/>\n<meta name=\"twitter:card\" content=\"summary_large_image\" \/>\n<meta name=\"twitter:label1\" content=\"Tiempo de lectura\" \/>\n\t<meta name=\"twitter:data1\" content=\"4 minutos\" \/>\n<script type=\"application\/ld+json\" class=\"yoast-schema-graph\">{\"@context\":\"https:\\\/\\\/schema.org\",\"@graph\":[{\"@type\":\"WebPage\",\"@id\":\"https:\\\/\\\/www.renewd.com\\\/terms-and-conditions\\\/refurbished-certificate\",\"url\":\"https:\\\/\\\/www.renewd.com\\\/terms-and-conditions\\\/refurbished-certificate\",\"name\":\"Certificado de Reacondicionado - Renewd\u00ae\",\"isPartOf\":{\"@id\":\"https:\\\/\\\/www.renewd.com\\\/#website\"},\"primaryImageOfPage\":{\"@id\":\"https:\\\/\\\/www.renewd.com\\\/terms-and-conditions\\\/refurbished-certificate#primaryimage\"},\"image\":{\"@id\":\"https:\\\/\\\/www.renewd.com\\\/terms-and-conditions\\\/refurbished-certificate#primaryimage\"},\"thumbnailUrl\":\"https:\\\/\\\/www.renewd.com\\\/wp-content\\\/uploads\\\/2023\\\/08\\\/Banner_4.png\",\"datePublished\":\"2023-08-03T15:25:20+00:00\",\"dateModified\":\"2024-06-06T13:00:18+00:00\",\"description\":\"Ya es oficial: El Certificado para iPhones reacondicionados ya est\u00e1 disponible. Nos enorgullece anunciar que Renewd es una de las pocas empresas que han recibido el Certificado.\",\"breadcrumb\":{\"@id\":\"https:\\\/\\\/www.renewd.com\\\/terms-and-conditions\\\/refurbished-certificate#breadcrumb\"},\"inLanguage\":\"es\",\"potentialAction\":[{\"@type\":\"ReadAction\",\"target\":[\"https:\\\/\\\/www.renewd.com\\\/terms-and-conditions\\\/refurbished-certificate\"]}]},{\"@type\":\"ImageObject\",\"inLanguage\":\"es\",\"@id\":\"https:\\\/\\\/www.renewd.com\\\/terms-and-conditions\\\/refurbished-certificate#primaryimage\",\"url\":\"https:\\\/\\\/www.renewd.com\\\/wp-content\\\/uploads\\\/2023\\\/08\\\/Banner_4.png\",\"contentUrl\":\"https:\\\/\\\/www.renewd.com\\\/wp-content\\\/uploads\\\/2023\\\/08\\\/Banner_4.png\"},{\"@type\":\"BreadcrumbList\",\"@id\":\"https:\\\/\\\/www.renewd.com\\\/terms-and-conditions\\\/refurbished-certificate#breadcrumb\",\"itemListElement\":[{\"@type\":\"ListItem\",\"position\":1,\"name\":\"Home\",\"item\":\"https:\\\/\\\/www.renewd.com\\\/\"},{\"@type\":\"ListItem\",\"position\":2,\"name\":\"Certificado de Reacondicionado\"}]},{\"@type\":\"WebSite\",\"@id\":\"https:\\\/\\\/www.renewd.com\\\/#website\",\"url\":\"https:\\\/\\\/www.renewd.com\\\/\",\"name\":\"Renewd\",\"description\":\"Premium Pre-Owned Electronics\",\"publisher\":{\"@id\":\"https:\\\/\\\/www.renewd.com\\\/#organization\"},\"potentialAction\":[{\"@type\":\"SearchAction\",\"target\":{\"@type\":\"EntryPoint\",\"urlTemplate\":\"https:\\\/\\\/www.renewd.com\\\/?s={search_term_string}\"},\"query-input\":{\"@type\":\"PropertyValueSpecification\",\"valueRequired\":true,\"valueName\":\"search_term_string\"}}],\"inLanguage\":\"es\"},{\"@type\":\"Organization\",\"@id\":\"https:\\\/\\\/www.renewd.com\\\/#organization\",\"name\":\"Renewd\",\"url\":\"https:\\\/\\\/www.renewd.com\\\/\",\"logo\":{\"@type\":\"ImageObject\",\"inLanguage\":\"es\",\"@id\":\"https:\\\/\\\/www.renewd.com\\\/#\\\/schema\\\/logo\\\/image\\\/\",\"url\":\"https:\\\/\\\/www.renewd.com\\\/wp-content\\\/uploads\\\/2017\\\/09\\\/logo_donker.png\",\"contentUrl\":\"https:\\\/\\\/www.renewd.com\\\/wp-content\\\/uploads\\\/2017\\\/09\\\/logo_donker.png\",\"width\":250,\"height\":53,\"caption\":\"Renewd\"},\"image\":{\"@id\":\"https:\\\/\\\/www.renewd.com\\\/#\\\/schema\\\/logo\\\/image\\\/\"},\"sameAs\":[\"https:\\\/\\\/www.linkedin.com\\\/company\\\/renewd\\\/\"]}]}<\/script>\n<!-- \/ Yoast SEO plugin. -->","yoast_head_json":{"title":"Certificado de Reacondicionado - Renewd\u00ae","description":"Ya es oficial: El Certificado para iPhones reacondicionados ya est\u00e1 disponible. Nos enorgullece anunciar que Renewd es una de las pocas empresas que han recibido el Certificado.","robots":{"index":"index","follow":"follow","max-snippet":"max-snippet:-1","max-image-preview":"max-image-preview:large","max-video-preview":"max-video-preview:-1"},"canonical":"https:\/\/www.renewd.com\/terms-and-conditions\/refurbished-certificate","og_locale":"es_ES","og_type":"article","og_title":"Certificado de Reacondicionado - Renewd\u00ae","og_description":"Ya es oficial: El Certificado para iPhones reacondicionados ya est\u00e1 disponible. Nos enorgullece anunciar que Renewd es una de las pocas empresas que han recibido el Certificado.","og_url":"https:\/\/www.renewd.com\/terms-and-conditions\/refurbished-certificate","og_site_name":"Renewd\u00ae","article_modified_time":"2024-06-06T13:00:18+00:00","og_image":[{"url":"https:\/\/www.renewd.com\/wp-content\/uploads\/2023\/08\/Banner_4.png","type":"","width":"","height":""}],"twitter_card":"summary_large_image","twitter_misc":{"Tiempo de lectura":"4 minutos"},"schema":{"@context":"https:\/\/schema.org","@graph":[{"@type":"WebPage","@id":"https:\/\/www.renewd.com\/terms-and-conditions\/refurbished-certificate","url":"https:\/\/www.renewd.com\/terms-and-conditions\/refurbished-certificate","name":"Certificado de Reacondicionado - Renewd\u00ae","isPartOf":{"@id":"https:\/\/www.renewd.com\/#website"},"primaryImageOfPage":{"@id":"https:\/\/www.renewd.com\/terms-and-conditions\/refurbished-certificate#primaryimage"},"image":{"@id":"https:\/\/www.renewd.com\/terms-and-conditions\/refurbished-certificate#primaryimage"},"thumbnailUrl":"https:\/\/www.renewd.com\/wp-content\/uploads\/2023\/08\/Banner_4.png","datePublished":"2023-08-03T15:25:20+00:00","dateModified":"2024-06-06T13:00:18+00:00","description":"Ya es oficial: El Certificado para iPhones reacondicionados ya est\u00e1 disponible. Nos enorgullece anunciar que Renewd es una de las pocas empresas que han recibido el Certificado.","breadcrumb":{"@id":"https:\/\/www.renewd.com\/terms-and-conditions\/refurbished-certificate#breadcrumb"},"inLanguage":"es","potentialAction":[{"@type":"ReadAction","target":["https:\/\/www.renewd.com\/terms-and-conditions\/refurbished-certificate"]}]},{"@type":"ImageObject","inLanguage":"es","@id":"https:\/\/www.renewd.com\/terms-and-conditions\/refurbished-certificate#primaryimage","url":"https:\/\/www.renewd.com\/wp-content\/uploads\/2023\/08\/Banner_4.png","contentUrl":"https:\/\/www.renewd.com\/wp-content\/uploads\/2023\/08\/Banner_4.png"},{"@type":"BreadcrumbList","@id":"https:\/\/www.renewd.com\/terms-and-conditions\/refurbished-certificate#breadcrumb","itemListElement":[{"@type":"ListItem","position":1,"name":"Home","item":"https:\/\/www.renewd.com\/"},{"@type":"ListItem","position":2,"name":"Certificado de Reacondicionado"}]},{"@type":"WebSite","@id":"https:\/\/www.renewd.com\/#website","url":"https:\/\/www.renewd.com\/","name":"Renewd","description":"Premium Pre-Owned Electronics","publisher":{"@id":"https:\/\/www.renewd.com\/#organization"},"potentialAction":[{"@type":"SearchAction","target":{"@type":"EntryPoint","urlTemplate":"https:\/\/www.renewd.com\/?s={search_term_string}"},"query-input":{"@type":"PropertyValueSpecification","valueRequired":true,"valueName":"search_term_string"}}],"inLanguage":"es"},{"@type":"Organization","@id":"https:\/\/www.renewd.com\/#organization","name":"Renewd","url":"https:\/\/www.renewd.com\/","logo":{"@type":"ImageObject","inLanguage":"es","@id":"https:\/\/www.renewd.com\/#\/schema\/logo\/image\/","url":"https:\/\/www.renewd.com\/wp-content\/uploads\/2017\/09\/logo_donker.png","contentUrl":"https:\/\/www.renewd.com\/wp-content\/uploads\/2017\/09\/logo_donker.png","width":250,"height":53,"caption":"Renewd"},"image":{"@id":"https:\/\/www.renewd.com\/#\/schema\/logo\/image\/"},"sameAs":["https:\/\/www.linkedin.com\/company\/renewd\/"]}]}},"_links":{"self":[{"href":"https:\/\/www.renewd.com\/es\/wp-json\/wp\/v2\/pages\/34438","targetHints":{"allow":["GET"]}}],"collection":[{"href":"https:\/\/www.renewd.com\/es\/wp-json\/wp\/v2\/pages"}],"about":[{"href":"https:\/\/www.renewd.com\/es\/wp-json\/wp\/v2\/types\/page"}],"author":[{"embeddable":true,"href":"https:\/\/www.renewd.com\/es\/wp-json\/wp\/v2\/users\/8"}],"replies":[{"embeddable":true,"href":"https:\/\/www.renewd.com\/es\/wp-json\/wp\/v2\/comments?post=34438"}],"version-history":[{"count":0,"href":"https:\/\/www.renewd.com\/es\/wp-json\/wp\/v2\/pages\/34438\/revisions"}],"wp:attachment":[{"href":"https:\/\/www.renewd.com\/es\/wp-json\/wp\/v2\/media?parent=34438"}],"curies":[{"name":"wp","href":"https:\/\/api.w.org\/{rel}","templated":true}]}}