{"id":33430,"date":"2023-07-12T12:02:12","date_gmt":"2023-07-12T10:02:12","guid":{"rendered":"https:\/\/renewd.com\/refurbished-certificate-2"},"modified":"2024-06-06T15:10:43","modified_gmt":"2024-06-06T13:10:43","slug":"refurbished-certificate-2","status":"publish","type":"page","link":"https:\/\/www.renewd.com\/de\/refurbished-certificate-2","title":{"rendered":"Refurbished Certificate"},"content":{"rendered":"[vc_row type=&#8220;in_container&#8220; full_screen_row_position=&#8220;middle&#8220; column_margin=&#8220;default&#8220; column_direction=&#8220;default&#8220; column_direction_tablet=&#8220;default&#8220; column_direction_phone=&#8220;default&#8220; scene_position=&#8220;center&#8220; text_color=&#8220;dark&#8220; text_align=&#8220;left&#8220; row_border_radius=&#8220;none&#8220; row_border_radius_applies=&#8220;bg&#8220; overflow=&#8220;visible&#8220; overlay_strength=&#8220;0.3&#8243; gradient_direction=&#8220;left_to_right&#8220; shape_divider_position=&#8220;bottom&#8220; bg_image_animation=&#8220;none&#8220; shape_type=&#8220;&#8220;][vc_column column_padding=&#8220;no-extra-padding&#8220; column_padding_tablet=&#8220;inherit&#8220; column_padding_phone=&#8220;inherit&#8220; column_padding_position=&#8220;all&#8220; column_element_direction_desktop=&#8220;default&#8220; column_element_spacing=&#8220;default&#8220; centered_text=&#8220;true&#8220; desktop_text_alignment=&#8220;default&#8220; tablet_text_alignment=&#8220;default&#8220; phone_text_alignment=&#8220;default&#8220; background_color_opacity=&#8220;1&#8243; background_hover_color_opacity=&#8220;1&#8243; column_backdrop_filter=&#8220;none&#8220; column_shadow=&#8220;none&#8220; column_border_radius=&#8220;none&#8220; column_link_target=&#8220;_self&#8220; column_position=&#8220;default&#8220; gradient_direction=&#8220;left_to_right&#8220; overlay_strength=&#8220;0.3&#8243; width=&#8220;1\/1&#8243; tablet_width_inherit=&#8220;default&#8220; animation_type=&#8220;default&#8220; bg_image_animation=&#8220;none&#8220; border_type=&#8220;simple&#8220; column_border_width=&#8220;none&#8220; column_border_style=&#8220;solid&#8220;][vc_column_text css=&#8220;.vc_custom_1555503396777{margin-top: 60px !important;}&#8220;]\n<h3 style=\"text-align: center;\">Qualit\u00e4tszertifizierte refurbished Ger\u00e4te<\/h3>\n[\/vc_column_text][divider line_type=&#8220;Small Line&#8220; line_alignment=&#8220;default&#8220; line_thickness=&#8220;2&#8243; divider_color=&#8220;accent-color&#8220; animate=&#8220;yes&#8220; custom_height=&#8220;40&#8243; custom_line_width=&#8220;40&#8243;][vc_column_text css=&#8220;.vc_custom_1711707572696{margin-top: 60px !important;}&#8220; text_direction=&#8220;default&#8220;]<strong>Es ist offiziell! Renewd\u00ae wurde mit drei europ\u00e4ischen Zertifikaten ausgezeichnet, die die Qualit\u00e4t unserer Second Life-Ger\u00e4te und unserer Prozesse garantieren. <\/strong><strong>Wir sind sehr stolz darauf, die Refurbished-Zertifizierung von T\u00dcV Nord und Techniek Netherland f\u00fcr unsere Renewd\u00ae iPhone-, iPad- und MacBook-Ger\u00e4te sowie die RecQ-Zertifizierung von RCube und Dekra f\u00fcr alle Produktkategorien pr\u00e4sentieren zu k\u00f6nnen. <\/strong><strong>Im Rahmen unseres Engagements f\u00fcr Nachhaltigkeit haben wir das EcoVadis Bronze Rating erhalten, das unser Engagement f\u00fcr umweltbewusstes Handeln unterstreicht. Bei Renewd\u00ae geht es nicht nur um Ger\u00e4te, sondern auch darum, einen positiven Einfluss auf die Umwelt zu haben.<\/strong><\/p>\n<p>&nbsp;<\/p>\n<h4><img loading=\"lazy\" decoding=\"async\" class=\"alignnone wp-image-35145 size-full\" src=\"https:\/\/www.renewd.com\/wp-content\/uploads\/2023\/08\/Banner_4.png\" alt=\"\" width=\"1800\" height=\"600\" srcset=\"https:\/\/www.renewd.com\/wp-content\/uploads\/2023\/08\/Banner_4.png 1800w, https:\/\/www.renewd.com\/wp-content\/uploads\/2023\/08\/Banner_4-300x100.png 300w, https:\/\/www.renewd.com\/wp-content\/uploads\/2023\/08\/Banner_4-1024x341.png 1024w, https:\/\/www.renewd.com\/wp-content\/uploads\/2023\/08\/Banner_4-150x50.png 150w, https:\/\/www.renewd.com\/wp-content\/uploads\/2023\/08\/Banner_4-768x256.png 768w, https:\/\/www.renewd.com\/wp-content\/uploads\/2023\/08\/Banner_4-1536x512.png 1536w\" sizes=\"auto, (max-width: 1800px) 100vw, 1800px\" \/><\/h4>\n<h4>Qualit\u00e4tskontrolle f\u00fcr die Zertifizierung<\/h4>\n<p>Unsere Ger\u00e4te unterliegen der strengsten Qualit\u00e4tskontrolle auf dem Markt und werden von zertifizierten Experten mit der offiziellen Software des Herstellers getestet. Die Software pr\u00fcft die Ger\u00e4te auf mehr als 80 kritische Merkmale, um eine optimale Nutzung und Qualit\u00e4t zu gew\u00e4hrleisten. Um das Refurbished-Zertifikat zu erhalten, m\u00fcssen die Ger\u00e4te auf mindestens 50 kritische Punkte (Hardware &amp; Software) getestet werden. Die Mindestanzahl von 50 kritischen Punkten, die f\u00fcr das Zertifikat erforderlich sind, wird von unserer Qualit\u00e4tskontrolle problemlos erf\u00fcllt.<\/p>\n<p>Ein guter Garantieservice ist eine weitere Voraussetzung f\u00fcr diese Zertifikate. Die<strong> enthaltene Garantie<\/strong> erstreckt sich auf das Ger\u00e4t, den Akku und das Zubeh\u00f6r im Ger\u00e4t. Diese Art von Garantie gilt nicht einmal f\u00fcr neue Ger\u00e4te. Mit unserem <strong>kostenlosen Abhol- &amp; R\u00fcckgabeservice<\/strong> bringen wir einen guten Garantieservice auf die n\u00e4chste Stufe.<\/p>\n<p>Um diese Zertifizierungen zu erhalten, m\u00fcssen Unternehmen strenge Tests bestehen und strenge finanzielle Anforderungen erf\u00fcllen. Die unabh\u00e4ngigen Zertifizierungsinstitute <a href=\"https:\/\/www.tuv.nl\/nl\/home\/\">T\u00dcV Nederland, <\/a><a href=\"https:\/\/ecovadis.com\">EcoVadis <\/a>und <a href=\"https:\/\/www.dekra.fr\">DEKRA<\/a> f\u00fchren technische Audits durch und stellen ein hohes Qualit\u00e4tsniveau sicher. Unser Engagement f\u00fcr die Lieferung von Ger\u00e4ten h\u00f6chster Qualit\u00e4t wird durch diese angesehenen Zertifizierungen untermauert.<\/p>\n<p style=\"text-align: center;\"><img loading=\"lazy\" decoding=\"async\" class=\"aligncenter wp-image-7809 size-full\" src=\"https:\/\/www.renewd.com\/wp-content\/uploads\/2019\/04\/Keurmerk_Varianten-1.png\" alt=\"\" width=\"1800\" height=\"300\" srcset=\"https:\/\/www.renewd.com\/wp-content\/uploads\/2019\/04\/Keurmerk_Varianten-1.png 1800w, https:\/\/www.renewd.com\/wp-content\/uploads\/2019\/04\/Keurmerk_Varianten-1-150x25.png 150w, https:\/\/www.renewd.com\/wp-content\/uploads\/2019\/04\/Keurmerk_Varianten-1-300x50.png 300w, https:\/\/www.renewd.com\/wp-content\/uploads\/2019\/04\/Keurmerk_Varianten-1-768x128.png 768w, https:\/\/www.renewd.com\/wp-content\/uploads\/2019\/04\/Keurmerk_Varianten-1-1024x171.png 1024w, https:\/\/www.renewd.com\/wp-content\/uploads\/2019\/04\/Keurmerk_Varianten-1-600x100.png 600w\" sizes=\"auto, (max-width: 1800px) 100vw, 1800px\" \/><em><br \/>\nOffizielle Logo-Variationen f\u00fcr Qualit\u00e4tszertifizierte Refurbished Devices<\/em><\/p>\n<p style=\"text-align: center;\"><em><br \/>\n<img loading=\"lazy\" decoding=\"async\" class=\"alignnone wp-image-33205 size-full\" src=\"https:\/\/www.renewd.com\/wp-content\/uploads\/2023\/07\/Labels.png\" alt=\"\" width=\"1800\" height=\"300\" srcset=\"https:\/\/www.renewd.com\/wp-content\/uploads\/2023\/07\/Labels.png 1800w, https:\/\/www.renewd.com\/wp-content\/uploads\/2023\/07\/Labels-300x50.png 300w, https:\/\/www.renewd.com\/wp-content\/uploads\/2023\/07\/Labels-1024x171.png 1024w, https:\/\/www.renewd.com\/wp-content\/uploads\/2023\/07\/Labels-150x25.png 150w, https:\/\/www.renewd.com\/wp-content\/uploads\/2023\/07\/Labels-768x128.png 768w, https:\/\/www.renewd.com\/wp-content\/uploads\/2023\/07\/Labels-1536x256.png 1536w\" sizes=\"auto, (max-width: 1800px) 100vw, 1800px\" \/><br \/>\nOffizielle Logo-Variationen f\u00fcr das RecQ G\u00fctesiegel<br \/>\n<\/em><\/p>\n<p><img loading=\"lazy\" decoding=\"async\" class=\"Badge aligncenter wp-image-41633\" title=\"EcoVadis Nachhaltigkeits-Rating\" src=\"https:\/\/www.renewd.com\/wp-content\/uploads\/2023\/12\/EcoVadis-medaille-2023-300x300-1.png\" alt=\"EcoVadis-Nachhaltigkeitsrating in Bronze\" width=\"200\" height=\"200\" srcset=\"https:\/\/www.renewd.com\/wp-content\/uploads\/2023\/12\/EcoVadis-medaille-2023-300x300-1.png 300w, https:\/\/www.renewd.com\/wp-content\/uploads\/2023\/12\/EcoVadis-medaille-2023-300x300-1-150x150.png 150w, https:\/\/www.renewd.com\/wp-content\/uploads\/2023\/12\/EcoVadis-medaille-2023-300x300-1-100x100.png 100w, https:\/\/www.renewd.com\/wp-content\/uploads\/2023\/12\/EcoVadis-medaille-2023-300x300-1-140x140.png 140w\" sizes=\"auto, (max-width: 200px) 100vw, 200px\" \/><\/p>\n<p style=\"text-align: center;\"><em>Offizielles Bronze-Abzeichen von EcoVadis<\/em><\/p>\n[\/vc_column_text][\/vc_column][\/vc_row][vc_row type=&#8220;in_container&#8220; full_screen_row_position=&#8220;middle&#8220; column_margin=&#8220;default&#8220; column_direction=&#8220;default&#8220; column_direction_tablet=&#8220;default&#8220; column_direction_phone=&#8220;default&#8220; scene_position=&#8220;center&#8220; text_color=&#8220;dark&#8220; text_align=&#8220;center&#8220; row_border_radius=&#8220;none&#8220; row_border_radius_applies=&#8220;bg&#8220; overflow=&#8220;visible&#8220; overlay_strength=&#8220;0.3&#8243; gradient_direction=&#8220;left_to_right&#8220; shape_divider_position=&#8220;bottom&#8220; bg_image_animation=&#8220;none&#8220; shape_type=&#8220;&#8220;][vc_column column_padding=&#8220;no-extra-padding&#8220; column_padding_tablet=&#8220;inherit&#8220; column_padding_phone=&#8220;inherit&#8220; column_padding_position=&#8220;all&#8220; column_element_direction_desktop=&#8220;default&#8220; column_element_spacing=&#8220;default&#8220; desktop_text_alignment=&#8220;default&#8220; tablet_text_alignment=&#8220;default&#8220; phone_text_alignment=&#8220;default&#8220; background_color_opacity=&#8220;1&#8243; background_hover_color_opacity=&#8220;1&#8243; column_backdrop_filter=&#8220;none&#8220; column_shadow=&#8220;none&#8220; column_border_radius=&#8220;none&#8220; column_link_target=&#8220;_self&#8220; column_position=&#8220;default&#8220; gradient_direction=&#8220;left_to_right&#8220; overlay_strength=&#8220;0.3&#8243; width=&#8220;1\/1&#8243; tablet_width_inherit=&#8220;default&#8220; animation_type=&#8220;default&#8220; bg_image_animation=&#8220;none&#8220; border_type=&#8220;simple&#8220; column_border_width=&#8220;none&#8220; column_border_style=&#8220;solid&#8220;][vc_column_text]\n<h4>Nachhaltigkeit<\/h4>\n<p>Indem wir elektronische Ger\u00e4te einem zweiten Leben zuf\u00fchren, sparen wir eine Menge Wasser und wertvolle Ressourcen und verhindern, dass CO2-Emissionen in die Atmosph\u00e4re gelangen. Unsere gebrauchten Ger\u00e4te sind von hoher Qualit\u00e4t und Jahre davon entfernt, zu Abfall zu werden. Mit diesen Zertifizierungen wollen wir unsere (potenziellen) Kunden davon \u00fcberzeugen, sich f\u00fcr Renewd\u00ae-Produkte zu entscheiden, die zuverl\u00e4ssigsten gr\u00fcnen Ger\u00e4te auf dem Markt.<\/p>\n<p><img loading=\"lazy\" decoding=\"async\" class=\"alignnone wp-image-41660 size-full\" src=\"https:\/\/www.renewd.com\/wp-content\/uploads\/2023\/12\/Banner_Keurmerk_v03-1.png\" alt=\"\" width=\"1536\" height=\"768\" srcset=\"https:\/\/www.renewd.com\/wp-content\/uploads\/2023\/12\/Banner_Keurmerk_v03-1.png 1536w, https:\/\/www.renewd.com\/wp-content\/uploads\/2023\/12\/Banner_Keurmerk_v03-1-300x150.png 300w, https:\/\/www.renewd.com\/wp-content\/uploads\/2023\/12\/Banner_Keurmerk_v03-1-1024x512.png 1024w, https:\/\/www.renewd.com\/wp-content\/uploads\/2023\/12\/Banner_Keurmerk_v03-1-150x75.png 150w, https:\/\/www.renewd.com\/wp-content\/uploads\/2023\/12\/Banner_Keurmerk_v03-1-768x384.png 768w, https:\/\/www.renewd.com\/wp-content\/uploads\/2023\/12\/Banner_Keurmerk_v03-1-1000x500.png 1000w, https:\/\/www.renewd.com\/wp-content\/uploads\/2023\/12\/Banner_Keurmerk_v03-1-670x335.png 670w\" sizes=\"auto, (max-width: 1536px) 100vw, 1536px\" \/>[\/vc_column_text][\/vc_column][\/vc_row]\n","protected":false},"excerpt":{"rendered":"<p>[vc_row type=&#8220;in_container&#8220; full_screen_row_position=&#8220;middle&#8220; column_margin=&#8220;default&#8220; column_direction=&#8220;default&#8220; column_direction_tablet=&#8220;default&#8220; column_direction_phone=&#8220;default&#8220; scene_position=&#8220;center&#8220; text_color=&#8220;dark&#8220; text_align=&#8220;left&#8220; row_border_radius=&#8220;none&#8220; row_border_radius_applies=&#8220;bg&#8220; overflow=&#8220;visible&#8220; overlay_strength=&#8220;0.3&#8243; gradient_direction=&#8220;left_to_right&#8220; shape_divider_position=&#8220;bottom&#8220; bg_image_animation=&#8220;none&#8220; shape_type=&#8220;&#8220;][vc_column column_padding=&#8220;no-extra-padding&#8220; column_padding_tablet=&#8220;inherit&#8220; column_padding_phone=&#8220;inherit&#8220; column_padding_position=&#8220;all&#8220; column_element_direction_desktop=&#8220;default&#8220; column_element_spacing=&#8220;default&#8220; centered_text=&#8220;true&#8220; desktop_text_alignment=&#8220;default&#8220; tablet_text_alignment=&#8220;default&#8220; phone_text_alignment=&#8220;default&#8220; background_color_opacity=&#8220;1&#8243; background_hover_color_opacity=&#8220;1&#8243;&#8230;<\/p>\n","protected":false},"author":8,"featured_media":0,"parent":0,"menu_order":2,"comment_status":"closed","ping_status":"closed","template":"","meta":{"footnotes":""},"class_list":["post-33430","page","type-page","status-publish"],"yoast_head":"<!-- This site is optimized with the Yoast SEO plugin v27.3 - https:\/\/yoast.com\/product\/yoast-seo-wordpress\/ -->\n<title>Refurbished Certificate - Renewd\u00ae<\/title>\n<meta name=\"description\" content=\"Es ist offiziell: Das Zertifikat f\u00fcr renovierte iPhones ist live. Wir freuen uns, Ihnen mitteilen zu k\u00f6nnen, dass Renewd eines der wenigen Unternehmen ist, die das Zertifikat erhalten haben.\" \/>\n<meta name=\"robots\" content=\"index, follow, max-snippet:-1, max-image-preview:large, max-video-preview:-1\" \/>\n<link rel=\"canonical\" href=\"https:\/\/www.renewd.com\/terms-and-conditions\/refurbished-certificate\" \/>\n<meta property=\"og:locale\" content=\"de_DE\" \/>\n<meta property=\"og:type\" content=\"article\" \/>\n<meta property=\"og:title\" content=\"Refurbished Certificate - Renewd\u00ae\" \/>\n<meta property=\"og:description\" content=\"Es ist offiziell: Das Zertifikat f\u00fcr renovierte iPhones ist live. Wir freuen uns, Ihnen mitteilen zu k\u00f6nnen, dass Renewd eines der wenigen Unternehmen ist, die das Zertifikat erhalten haben.\" \/>\n<meta property=\"og:url\" content=\"https:\/\/www.renewd.com\/terms-and-conditions\/refurbished-certificate\" \/>\n<meta property=\"og:site_name\" content=\"Renewd\u00ae\" \/>\n<meta property=\"article:modified_time\" content=\"2024-06-06T13:10:43+00:00\" \/>\n<meta property=\"og:image\" content=\"https:\/\/www.renewd.com\/wp-content\/uploads\/2023\/08\/Banner_4.png\" \/>\n<meta name=\"twitter:card\" content=\"summary_large_image\" \/>\n<meta name=\"twitter:label1\" content=\"Gesch\u00e4tzte Lesezeit\" \/>\n\t<meta name=\"twitter:data1\" content=\"4\u00a0Minuten\" \/>\n<script type=\"application\/ld+json\" class=\"yoast-schema-graph\">{\"@context\":\"https:\\\/\\\/schema.org\",\"@graph\":[{\"@type\":\"WebPage\",\"@id\":\"https:\\\/\\\/www.renewd.com\\\/terms-and-conditions\\\/refurbished-certificate\",\"url\":\"https:\\\/\\\/www.renewd.com\\\/terms-and-conditions\\\/refurbished-certificate\",\"name\":\"Refurbished Certificate - Renewd\u00ae\",\"isPartOf\":{\"@id\":\"https:\\\/\\\/www.renewd.com\\\/#website\"},\"primaryImageOfPage\":{\"@id\":\"https:\\\/\\\/www.renewd.com\\\/terms-and-conditions\\\/refurbished-certificate#primaryimage\"},\"image\":{\"@id\":\"https:\\\/\\\/www.renewd.com\\\/terms-and-conditions\\\/refurbished-certificate#primaryimage\"},\"thumbnailUrl\":\"https:\\\/\\\/www.renewd.com\\\/wp-content\\\/uploads\\\/2023\\\/08\\\/Banner_4.png\",\"datePublished\":\"2023-07-12T10:02:12+00:00\",\"dateModified\":\"2024-06-06T13:10:43+00:00\",\"description\":\"Es ist offiziell: Das Zertifikat f\u00fcr renovierte iPhones ist live. Wir freuen uns, Ihnen mitteilen zu k\u00f6nnen, dass Renewd eines der wenigen Unternehmen ist, die das Zertifikat erhalten haben.\",\"breadcrumb\":{\"@id\":\"https:\\\/\\\/www.renewd.com\\\/terms-and-conditions\\\/refurbished-certificate#breadcrumb\"},\"inLanguage\":\"de\",\"potentialAction\":[{\"@type\":\"ReadAction\",\"target\":[\"https:\\\/\\\/www.renewd.com\\\/terms-and-conditions\\\/refurbished-certificate\"]}]},{\"@type\":\"ImageObject\",\"inLanguage\":\"de\",\"@id\":\"https:\\\/\\\/www.renewd.com\\\/terms-and-conditions\\\/refurbished-certificate#primaryimage\",\"url\":\"https:\\\/\\\/www.renewd.com\\\/wp-content\\\/uploads\\\/2023\\\/08\\\/Banner_4.png\",\"contentUrl\":\"https:\\\/\\\/www.renewd.com\\\/wp-content\\\/uploads\\\/2023\\\/08\\\/Banner_4.png\"},{\"@type\":\"BreadcrumbList\",\"@id\":\"https:\\\/\\\/www.renewd.com\\\/terms-and-conditions\\\/refurbished-certificate#breadcrumb\",\"itemListElement\":[{\"@type\":\"ListItem\",\"position\":1,\"name\":\"Home\",\"item\":\"https:\\\/\\\/www.renewd.com\\\/de\"},{\"@type\":\"ListItem\",\"position\":2,\"name\":\"Refurbished Certificate\"}]},{\"@type\":\"WebSite\",\"@id\":\"https:\\\/\\\/www.renewd.com\\\/#website\",\"url\":\"https:\\\/\\\/www.renewd.com\\\/\",\"name\":\"Renewd\",\"description\":\"Premium Pre-Owned Electronics\",\"publisher\":{\"@id\":\"https:\\\/\\\/www.renewd.com\\\/#organization\"},\"potentialAction\":[{\"@type\":\"SearchAction\",\"target\":{\"@type\":\"EntryPoint\",\"urlTemplate\":\"https:\\\/\\\/www.renewd.com\\\/?s={search_term_string}\"},\"query-input\":{\"@type\":\"PropertyValueSpecification\",\"valueRequired\":true,\"valueName\":\"search_term_string\"}}],\"inLanguage\":\"de\"},{\"@type\":\"Organization\",\"@id\":\"https:\\\/\\\/www.renewd.com\\\/#organization\",\"name\":\"Renewd\",\"url\":\"https:\\\/\\\/www.renewd.com\\\/\",\"logo\":{\"@type\":\"ImageObject\",\"inLanguage\":\"de\",\"@id\":\"https:\\\/\\\/www.renewd.com\\\/#\\\/schema\\\/logo\\\/image\\\/\",\"url\":\"https:\\\/\\\/www.renewd.com\\\/wp-content\\\/uploads\\\/2017\\\/09\\\/logo_donker.png\",\"contentUrl\":\"https:\\\/\\\/www.renewd.com\\\/wp-content\\\/uploads\\\/2017\\\/09\\\/logo_donker.png\",\"width\":250,\"height\":53,\"caption\":\"Renewd\"},\"image\":{\"@id\":\"https:\\\/\\\/www.renewd.com\\\/#\\\/schema\\\/logo\\\/image\\\/\"},\"sameAs\":[\"https:\\\/\\\/www.linkedin.com\\\/company\\\/renewd\\\/\"]}]}<\/script>\n<!-- \/ Yoast SEO plugin. -->","yoast_head_json":{"title":"Refurbished Certificate - Renewd\u00ae","description":"Es ist offiziell: Das Zertifikat f\u00fcr renovierte iPhones ist live. Wir freuen uns, Ihnen mitteilen zu k\u00f6nnen, dass Renewd eines der wenigen Unternehmen ist, die das Zertifikat erhalten haben.","robots":{"index":"index","follow":"follow","max-snippet":"max-snippet:-1","max-image-preview":"max-image-preview:large","max-video-preview":"max-video-preview:-1"},"canonical":"https:\/\/www.renewd.com\/terms-and-conditions\/refurbished-certificate","og_locale":"de_DE","og_type":"article","og_title":"Refurbished Certificate - Renewd\u00ae","og_description":"Es ist offiziell: Das Zertifikat f\u00fcr renovierte iPhones ist live. Wir freuen uns, Ihnen mitteilen zu k\u00f6nnen, dass Renewd eines der wenigen Unternehmen ist, die das Zertifikat erhalten haben.","og_url":"https:\/\/www.renewd.com\/terms-and-conditions\/refurbished-certificate","og_site_name":"Renewd\u00ae","article_modified_time":"2024-06-06T13:10:43+00:00","og_image":[{"url":"https:\/\/www.renewd.com\/wp-content\/uploads\/2023\/08\/Banner_4.png","type":"","width":"","height":""}],"twitter_card":"summary_large_image","twitter_misc":{"Gesch\u00e4tzte Lesezeit":"4\u00a0Minuten"},"schema":{"@context":"https:\/\/schema.org","@graph":[{"@type":"WebPage","@id":"https:\/\/www.renewd.com\/terms-and-conditions\/refurbished-certificate","url":"https:\/\/www.renewd.com\/terms-and-conditions\/refurbished-certificate","name":"Refurbished Certificate - Renewd\u00ae","isPartOf":{"@id":"https:\/\/www.renewd.com\/#website"},"primaryImageOfPage":{"@id":"https:\/\/www.renewd.com\/terms-and-conditions\/refurbished-certificate#primaryimage"},"image":{"@id":"https:\/\/www.renewd.com\/terms-and-conditions\/refurbished-certificate#primaryimage"},"thumbnailUrl":"https:\/\/www.renewd.com\/wp-content\/uploads\/2023\/08\/Banner_4.png","datePublished":"2023-07-12T10:02:12+00:00","dateModified":"2024-06-06T13:10:43+00:00","description":"Es ist offiziell: Das Zertifikat f\u00fcr renovierte iPhones ist live. Wir freuen uns, Ihnen mitteilen zu k\u00f6nnen, dass Renewd eines der wenigen Unternehmen ist, die das Zertifikat erhalten haben.","breadcrumb":{"@id":"https:\/\/www.renewd.com\/terms-and-conditions\/refurbished-certificate#breadcrumb"},"inLanguage":"de","potentialAction":[{"@type":"ReadAction","target":["https:\/\/www.renewd.com\/terms-and-conditions\/refurbished-certificate"]}]},{"@type":"ImageObject","inLanguage":"de","@id":"https:\/\/www.renewd.com\/terms-and-conditions\/refurbished-certificate#primaryimage","url":"https:\/\/www.renewd.com\/wp-content\/uploads\/2023\/08\/Banner_4.png","contentUrl":"https:\/\/www.renewd.com\/wp-content\/uploads\/2023\/08\/Banner_4.png"},{"@type":"BreadcrumbList","@id":"https:\/\/www.renewd.com\/terms-and-conditions\/refurbished-certificate#breadcrumb","itemListElement":[{"@type":"ListItem","position":1,"name":"Home","item":"https:\/\/www.renewd.com\/de"},{"@type":"ListItem","position":2,"name":"Refurbished Certificate"}]},{"@type":"WebSite","@id":"https:\/\/www.renewd.com\/#website","url":"https:\/\/www.renewd.com\/","name":"Renewd","description":"Premium Pre-Owned Electronics","publisher":{"@id":"https:\/\/www.renewd.com\/#organization"},"potentialAction":[{"@type":"SearchAction","target":{"@type":"EntryPoint","urlTemplate":"https:\/\/www.renewd.com\/?s={search_term_string}"},"query-input":{"@type":"PropertyValueSpecification","valueRequired":true,"valueName":"search_term_string"}}],"inLanguage":"de"},{"@type":"Organization","@id":"https:\/\/www.renewd.com\/#organization","name":"Renewd","url":"https:\/\/www.renewd.com\/","logo":{"@type":"ImageObject","inLanguage":"de","@id":"https:\/\/www.renewd.com\/#\/schema\/logo\/image\/","url":"https:\/\/www.renewd.com\/wp-content\/uploads\/2017\/09\/logo_donker.png","contentUrl":"https:\/\/www.renewd.com\/wp-content\/uploads\/2017\/09\/logo_donker.png","width":250,"height":53,"caption":"Renewd"},"image":{"@id":"https:\/\/www.renewd.com\/#\/schema\/logo\/image\/"},"sameAs":["https:\/\/www.linkedin.com\/company\/renewd\/"]}]}},"_links":{"self":[{"href":"https:\/\/www.renewd.com\/de\/wp-json\/wp\/v2\/pages\/33430","targetHints":{"allow":["GET"]}}],"collection":[{"href":"https:\/\/www.renewd.com\/de\/wp-json\/wp\/v2\/pages"}],"about":[{"href":"https:\/\/www.renewd.com\/de\/wp-json\/wp\/v2\/types\/page"}],"author":[{"embeddable":true,"href":"https:\/\/www.renewd.com\/de\/wp-json\/wp\/v2\/users\/8"}],"replies":[{"embeddable":true,"href":"https:\/\/www.renewd.com\/de\/wp-json\/wp\/v2\/comments?post=33430"}],"version-history":[{"count":0,"href":"https:\/\/www.renewd.com\/de\/wp-json\/wp\/v2\/pages\/33430\/revisions"}],"wp:attachment":[{"href":"https:\/\/www.renewd.com\/de\/wp-json\/wp\/v2\/media?parent=33430"}],"curies":[{"name":"wp","href":"https:\/\/api.w.org\/{rel}","templated":true}]}}